{"id":4373,"date":"2022-03-15T18:45:31","date_gmt":"2022-03-15T18:45:31","guid":{"rendered":"https:\/\/www.canadacupwcrugby.com\/?page_id=4373"},"modified":"2022-04-15T14:52:23","modified_gmt":"2022-04-15T14:52:23","slug":"comment-sy-rendre","status":"publish","type":"page","link":"https:\/\/www.canadacupwcrugby.com\/fr\/informations-pour-les-visiteurs\/comment-sy-rendre\/","title":{"rendered":"Comment s&rsquo;y rendre"},"content":{"rendered":"\n<section id=\"block_622c348cb851e\" class=\"block block--hero align-full\" data-scroll>\n  <div class=\"hero\"  style=\"background-image: url(https:\/\/www.canadacupwcrugby.com\/wp-content\/uploads\/2022\/03\/Frame-209.png)\" >\n    <article class=\"hero__in inner-container\">\n      <ul class=\"hero__in__list\">\n        <li>\n          <ul class=\"hero__in--tags\">\n            \n          <\/ul>\n        <\/li>\n        <li>\n          <h1>Comment s&rsquo;y rendre<\/h1>\n        <\/li>\n                  <li>\n            <p class=\"lead\">Vous ne voulez pas manquer l&rsquo;ambiance de la Coupe Canada! D\u00e9couvrez comment vous rendre sur le site, que ce soit en voiture ou en transport en commun.\r\n\r\n<\/p>\n          <\/li>\n                      <\/ul>\n    <\/article>\n  <\/div>\n\n  <div class=\"hero__breadcrumbs\">\n    <p id=\"breadcrumbs\" class=\"inner-container\"><span><span><a href=\"https:\/\/www.canadacupwcrugby.com\/fr\/\">Home<\/a><\/span><\/span><\/p>\n  <\/div>\n<\/section>\n\n\n\n<div style=\"height:60px\" aria-hidden=\"true\" class=\"wp-block-spacer\"><\/div>\n\n\n\n<section id=\"block_6238fb8396d54\" class=\"inner-container block block--two-columns-text align-full\" data-scroll>\n  <div class=\"two-columns-text\">\n    <ul class=\"wide\">\n      <li><p>&nbsp;<\/p>\n<h2>Par transport en commun<\/h2>\n<\/li>\n      <li><p>L&rsquo;Anneau olympique de Richmond est facilement accessible par les transports en commun gr\u00e2ce au syst\u00e8me Translink, accessible aux fauteuils roulants. Pour obtenir des informations sur les itin\u00e9raires de transport en commun \u00e0 partir de votre destination dans le Grand Vancouver, vous pouvez utiliser le <em>Translink Trip Planner<\/em>.<br \/>\nPour de plus amples renseignements sur les horaires et les tarifs, veuillez consulter le site <a href=\"https:\/\/www.translink.ca\/\">Web de Translink<\/a> ou composer le 604.953.3333.<\/p>\n<\/li>\n    <\/ul>\n  <\/div>\n<\/section>\n\n\n\n<div style=\"height:60px\" aria-hidden=\"true\" class=\"wp-block-spacer\"><\/div>\n\n\n\n<div class=\"wp-block-group inner-container\"><div class=\"wp-block-group__inner-container is-layout-flow wp-block-group-is-layout-flow\">\n<h2 class=\"wp-block-heading\">En voiture<\/h2>\n\n\n\n<center><iframe src=\"https:\/\/www.google.com\/maps\/embed?pb=!1m18!1m12!1m3!1d2608.3619724981354!2d-123.15388678412248!3d49.17471758633509!2m3!1f0!2f0!3f0!3m2!1i1024!2i768!4f13.1!3m3!1m2!1s0x54860ad3c5eb4c4d%3A0x100acce00a5ec108!2sRichmond%20Olympic%20Oval!5e0!3m2!1sen!2sph!4v1647447168460!5m2!1sen!2sph\" width=\"100%\" height=\"450\" style=\"border:0;\" allowfullscreen=\"\" loading=\"lazy\"><\/iframe><\/center>\n<\/div><\/div>\n\n\n\n<section id=\"block_62321546b8ddf\" class=\"block block--text-image align-full\" data-scroll>\n  <div class=\"text-image inner-container\">\n    <ul class=\"flex text-image__right\">\n      <li class=\"text-image--image\">\n        <figure class=\"text-image--large\">\n          <img decoding=\"async\" src=\"https:\/\/www.canadacupwcrugby.com\/wp-content\/uploads\/2022\/03\/Rectangle-131-2.png\" alt=\"\">\n        <\/figure>\n      <\/li>\n      <li>\n        <ul class=\"text-image--info\">\n          <li>\n            <h3>Stationnement<\/h3>\n          <\/li>\n          <li>\n            <p>Veuillez noter qu&rsquo;il y a un stationnement souterrain payant \u00e0 l&rsquo;Anneau olympique de Richmond pendant l&rsquo;\u00e9v\u00e9nement.<\/p>\n\n          <\/li>\n          <li class=\"text-image__cta\">\n                          <a href=\"https:\/\/richmondoval.ca\/facility\/getting-here\/\" target=\"_blank\" class=\"button\">En Savoir Plus (Lien est en anglais)<\/a>\n            \n                      <\/li>\n        <\/ul>\n      <\/li>\n    <\/ul>\n  <\/div>\n<\/section>\n\n\n\n<section id=\"block_6230d3f86f654\" class=\"block block--link-contact align-full\" data-scroll>\n  <div class=\"link-contact\" >\n    <div class=\"link-contact__inner\">\n      <article class=\"link-contact__up\">\n        <dl class=\"link-contact__up--max3\">\n          <dt>\n            <h5>Liens Pertinents <\/h5>\n          <\/dt>\n          <dd>\n            <ul>\n                              <li>\n                  <a href=\"https:\/\/richmondoval.ca\/\" target=\"\">L&rsquo;Anneau Olympique de Richmond <\/a>\n                <\/li>\n                              <li>\n                  <a href=\"https:\/\/www.translink.ca\/trip-planner\" target=\"\">Translink Trip Planner<\/a>\n                <\/li>\n                              <li>\n                  <a href=\"https:\/\/www.translink.ca\/rider-guide\/transit-accessibility\" target=\"\">Acessibilit\u00e9 (Translink)<\/a>\n                <\/li>\n              \n                          <\/ul>\n          <\/dd>\n\n          <dt>\n            <h5><\/h5>\n          <\/dt>\n          <dd>\n            <ul>\n                              <li>\n                  <a href=\"\" target=\"_blank\"><\/a>\n                <\/li>\n                              <li>\n                  <a href=\"\" target=\"_blank\"><\/a>\n                <\/li>\n                              <li>\n                  <a href=\"\" target=\"_blank\"><\/a>\n                <\/li>\n              \n                          <\/ul>\n          <\/dd>\n        <\/dl>\n      <\/article>\n\n          <\/div>\n  <\/div>\n<\/section>\n\n<style type=\"text\/css\">\n  .link-contact__up dl.link-contact__up--max3 {\n    grid-template-rows: repeat(4, auto);\n  }\n<\/style>\n\n\n<section id=\"block_62321472b8dde\" class=\"block block--text-image align-full\" data-scroll>\n  <div class=\"text-image inner-container\">\n    <ul class=\"flex text-image__right\">\n      <li class=\"text-image--image\">\n        <figure class=\"text-image--large\">\n          <img decoding=\"async\" src=\"https:\/\/www.canadacupwcrugby.com\/wp-content\/uploads\/2022\/03\/Rectangle-131-2.png\" alt=\"\">\n        <\/figure>\n      <\/li>\n      <li>\n        <ul class=\"text-image--info\">\n          <li>\n            <h3>Coupe Canada de 2022<\/h3>\n          <\/li>\n          <li>\n            <ul class=\"text-image--info\">\n<li>La Coupe du Canada est de retour cette ann\u00e9e et nous sommes impatients d\u2019accueillir le monde du rugby en fauteuil roulant en Colombie-Britannique pour un autre tournoi passionnant!<\/li>\n<\/ul>\n\n          <\/li>\n          <li class=\"text-image__cta\">\n                          <a href=\"https:\/\/www.canadacupwcrugby.com\/fr\/le-tournoi\/\" target=\"\" class=\"button\">EN SAVOIR PLUS<\/a>\n            \n                      <\/li>\n        <\/ul>\n      <\/li>\n    <\/ul>\n  <\/div>\n<\/section>\n","protected":false},"excerpt":{"rendered":"<p>En voiture<\/p>\n","protected":false},"author":3,"featured_media":0,"parent":3846,"menu_order":2,"comment_status":"closed","ping_status":"closed","template":"","meta":{"_acf_changed":false,"footnotes":""},"class_list":["post-4373","page","type-page","status-publish","hentry"],"acf":[],"yoast_head":"<!-- This site is optimized with the Yoast SEO plugin v27.6 - https:\/\/yoast.com\/product\/yoast-seo-wordpress\/ -->\n<title>Comment s&#039;y rendre | Canada Cup Wheelchair Rugby<\/title>\n<meta name=\"robots\" content=\"index, follow, max-snippet:-1, max-image-preview:large, max-video-preview:-1\" \/>\n<link rel=\"canonical\" href=\"https:\/\/www.canadacupwcrugby.com\/fr\/informations-pour-les-visiteurs\/comment-sy-rendre\/\" \/>\n<meta property=\"og:locale\" content=\"fr_FR\" \/>\n<meta property=\"og:type\" content=\"article\" \/>\n<meta property=\"og:title\" content=\"Comment s&#039;y rendre | Canada Cup Wheelchair Rugby\" \/>\n<meta property=\"og:description\" content=\"En voiture\" \/>\n<meta property=\"og:url\" content=\"https:\/\/www.canadacupwcrugby.com\/fr\/informations-pour-les-visiteurs\/comment-sy-rendre\/\" \/>\n<meta property=\"og:site_name\" content=\"Canada Cup Wheelchair Rugby\" \/>\n<meta property=\"article:modified_time\" content=\"2022-04-15T14:52:23+00:00\" \/>\n<meta name=\"twitter:card\" content=\"summary_large_image\" \/>\n<script type=\"application\/ld+json\" class=\"yoast-schema-graph\">{\"@context\":\"https:\\\/\\\/schema.org\",\"@graph\":[{\"@type\":\"WebPage\",\"@id\":\"https:\\\/\\\/www.canadacupwcrugby.com\\\/fr\\\/informations-pour-les-visiteurs\\\/comment-sy-rendre\\\/\",\"url\":\"https:\\\/\\\/www.canadacupwcrugby.com\\\/fr\\\/informations-pour-les-visiteurs\\\/comment-sy-rendre\\\/\",\"name\":\"Comment s'y rendre | Canada Cup Wheelchair Rugby\",\"isPartOf\":{\"@id\":\"https:\\\/\\\/www.canadacupwcrugby.com\\\/fr\\\/#website\"},\"datePublished\":\"2022-03-15T18:45:31+00:00\",\"dateModified\":\"2022-04-15T14:52:23+00:00\",\"breadcrumb\":{\"@id\":\"https:\\\/\\\/www.canadacupwcrugby.com\\\/fr\\\/informations-pour-les-visiteurs\\\/comment-sy-rendre\\\/#breadcrumb\"},\"inLanguage\":\"fr-FR\",\"potentialAction\":[{\"@type\":\"ReadAction\",\"target\":[\"https:\\\/\\\/www.canadacupwcrugby.com\\\/fr\\\/informations-pour-les-visiteurs\\\/comment-sy-rendre\\\/\"]}]},{\"@type\":\"BreadcrumbList\",\"@id\":\"https:\\\/\\\/www.canadacupwcrugby.com\\\/fr\\\/informations-pour-les-visiteurs\\\/comment-sy-rendre\\\/#breadcrumb\",\"itemListElement\":[{\"@type\":\"ListItem\",\"position\":1,\"name\":\"Home\",\"item\":\"https:\\\/\\\/www.canadacupwcrugby.com\\\/fr\\\/\"},{\"@type\":\"ListItem\",\"position\":2,\"name\":\"Informations pour les visiteurs\u00a0\",\"item\":\"https:\\\/\\\/www.canadacupwcrugby.com\\\/fr\\\/informations-pour-les-visiteurs\\\/\"},{\"@type\":\"ListItem\",\"position\":3,\"name\":\"Comment s&rsquo;y rendre\"}]},{\"@type\":\"WebSite\",\"@id\":\"https:\\\/\\\/www.canadacupwcrugby.com\\\/fr\\\/#website\",\"url\":\"https:\\\/\\\/www.canadacupwcrugby.com\\\/fr\\\/\",\"name\":\"Canada Cup Wheelchair Rugby\",\"description\":\"Big hits, thrilling tries, and wild catches await at the 2022 Canada Cup as eight of the world\u2019s top teams compete for the prestigious title.\",\"potentialAction\":[{\"@type\":\"SearchAction\",\"target\":{\"@type\":\"EntryPoint\",\"urlTemplate\":\"https:\\\/\\\/www.canadacupwcrugby.com\\\/fr\\\/?s={search_term_string}\"},\"query-input\":{\"@type\":\"PropertyValueSpecification\",\"valueRequired\":true,\"valueName\":\"search_term_string\"}}],\"inLanguage\":\"fr-FR\"}]}<\/script>\n<!-- \/ Yoast SEO plugin. -->","yoast_head_json":{"title":"Comment s'y rendre | Canada Cup Wheelchair Rugby","robots":{"index":"index","follow":"follow","max-snippet":"max-snippet:-1","max-image-preview":"max-image-preview:large","max-video-preview":"max-video-preview:-1"},"canonical":"https:\/\/www.canadacupwcrugby.com\/fr\/informations-pour-les-visiteurs\/comment-sy-rendre\/","og_locale":"fr_FR","og_type":"article","og_title":"Comment s'y rendre | Canada Cup Wheelchair Rugby","og_description":"En voiture","og_url":"https:\/\/www.canadacupwcrugby.com\/fr\/informations-pour-les-visiteurs\/comment-sy-rendre\/","og_site_name":"Canada Cup Wheelchair Rugby","article_modified_time":"2022-04-15T14:52:23+00:00","twitter_card":"summary_large_image","schema":{"@context":"https:\/\/schema.org","@graph":[{"@type":"WebPage","@id":"https:\/\/www.canadacupwcrugby.com\/fr\/informations-pour-les-visiteurs\/comment-sy-rendre\/","url":"https:\/\/www.canadacupwcrugby.com\/fr\/informations-pour-les-visiteurs\/comment-sy-rendre\/","name":"Comment s'y rendre | Canada Cup Wheelchair Rugby","isPartOf":{"@id":"https:\/\/www.canadacupwcrugby.com\/fr\/#website"},"datePublished":"2022-03-15T18:45:31+00:00","dateModified":"2022-04-15T14:52:23+00:00","breadcrumb":{"@id":"https:\/\/www.canadacupwcrugby.com\/fr\/informations-pour-les-visiteurs\/comment-sy-rendre\/#breadcrumb"},"inLanguage":"fr-FR","potentialAction":[{"@type":"ReadAction","target":["https:\/\/www.canadacupwcrugby.com\/fr\/informations-pour-les-visiteurs\/comment-sy-rendre\/"]}]},{"@type":"BreadcrumbList","@id":"https:\/\/www.canadacupwcrugby.com\/fr\/informations-pour-les-visiteurs\/comment-sy-rendre\/#breadcrumb","itemListElement":[{"@type":"ListItem","position":1,"name":"Home","item":"https:\/\/www.canadacupwcrugby.com\/fr\/"},{"@type":"ListItem","position":2,"name":"Informations pour les visiteurs\u00a0","item":"https:\/\/www.canadacupwcrugby.com\/fr\/informations-pour-les-visiteurs\/"},{"@type":"ListItem","position":3,"name":"Comment s&rsquo;y rendre"}]},{"@type":"WebSite","@id":"https:\/\/www.canadacupwcrugby.com\/fr\/#website","url":"https:\/\/www.canadacupwcrugby.com\/fr\/","name":"Canada Cup Wheelchair Rugby","description":"Big hits, thrilling tries, and wild catches await at the 2022 Canada Cup as eight of the world\u2019s top teams compete for the prestigious title.","potentialAction":[{"@type":"SearchAction","target":{"@type":"EntryPoint","urlTemplate":"https:\/\/www.canadacupwcrugby.com\/fr\/?s={search_term_string}"},"query-input":{"@type":"PropertyValueSpecification","valueRequired":true,"valueName":"search_term_string"}}],"inLanguage":"fr-FR"}]}},"_links":{"self":[{"href":"https:\/\/www.canadacupwcrugby.com\/fr\/wp-json\/wp\/v2\/pages\/4373","targetHints":{"allow":["GET"]}}],"collection":[{"href":"https:\/\/www.canadacupwcrugby.com\/fr\/wp-json\/wp\/v2\/pages"}],"about":[{"href":"https:\/\/www.canadacupwcrugby.com\/fr\/wp-json\/wp\/v2\/types\/page"}],"author":[{"embeddable":true,"href":"https:\/\/www.canadacupwcrugby.com\/fr\/wp-json\/wp\/v2\/users\/3"}],"replies":[{"embeddable":true,"href":"https:\/\/www.canadacupwcrugby.com\/fr\/wp-json\/wp\/v2\/comments?post=4373"}],"version-history":[{"count":9,"href":"https:\/\/www.canadacupwcrugby.com\/fr\/wp-json\/wp\/v2\/pages\/4373\/revisions"}],"predecessor-version":[{"id":4734,"href":"https:\/\/www.canadacupwcrugby.com\/fr\/wp-json\/wp\/v2\/pages\/4373\/revisions\/4734"}],"up":[{"embeddable":true,"href":"https:\/\/www.canadacupwcrugby.com\/fr\/wp-json\/wp\/v2\/pages\/3846"}],"wp:attachment":[{"href":"https:\/\/www.canadacupwcrugby.com\/fr\/wp-json\/wp\/v2\/media?parent=4373"}],"curies":[{"name":"wp","href":"https:\/\/api.w.org\/{rel}","templated":true}]}}