{"id":3901,"date":"2022-03-15T18:55:33","date_gmt":"2022-03-15T18:55:33","guid":{"rendered":"https:\/\/www.canadacupwcrugby.com\/?page_id=3901"},"modified":"2022-05-31T18:47:13","modified_gmt":"2022-05-31T18:47:13","slug":"site-de-competition","status":"publish","type":"page","link":"https:\/\/www.canadacupwcrugby.com\/fr\/informations-pour-les-visiteurs\/site-de-competition\/","title":{"rendered":"Site de comp\u00e9tition"},"content":{"rendered":"\n<section id=\"block_622c348cb851e\" class=\"block block--hero align-full\" data-scroll>\n  <div class=\"hero\"  style=\"background-image: url(https:\/\/www.canadacupwcrugby.com\/wp-content\/uploads\/2022\/03\/Frame-209.png)\" >\n    <article class=\"hero__in inner-container\">\n      <ul class=\"hero__in__list\">\n        <li>\n          <ul class=\"hero__in--tags\">\n            \n          <\/ul>\n        <\/li>\n        <li>\n          <h1>L&rsquo;anneau Olympique de Richmond <\/h1>\n        <\/li>\n                      <\/ul>\n    <\/article>\n  <\/div>\n\n  <div class=\"hero__breadcrumbs\">\n    <p id=\"breadcrumbs\" class=\"inner-container\"><span><span><a href=\"https:\/\/www.canadacupwcrugby.com\/fr\/\">Home<\/a><\/span><\/span><\/p>\n  <\/div>\n<\/section>\n\n\n\n<div style=\"height:60px\" aria-hidden=\"true\" class=\"wp-block-spacer\"><\/div>\n\n\n\n<section id=\"block_6230d199aab63\" class=\"inner-container block block--two-columns-text align-full\" data-scroll>\n  <div class=\"two-columns-text\">\n    <ul class=\"wide\">\n      <li><p>Au cours de la derni\u00e8re d\u00e9cennie, l&rsquo;Anneau olympique de Richmond est devenu synonyme de rugby en fauteuil roulant international, ayant accueilli les Championnats du monde de rugby en fauteuil roulant de 2010, quatre Coupes du Canada et le tournoi annuel de rugby en fauteuil roulant sur invitation de Vancouver.<\/p>\n<p>Un site de sport et de loisirs de classe mondiale qui regorge d&rsquo;\u00e9quipements fantastiques et de choses \u00e0 faire. L&rsquo;Anneau comprend plusieurs terrains, des patinoires, une piste de course int\u00e9rieure, des murs d&rsquo;escalade et des centres de remise en forme pour les membres de la communaut\u00e9 et les athl\u00e8tes de haut niveau qui s&rsquo;entra\u00eenent pour les Jeux olympiques et paralympiques.<\/p>\n<p>L&rsquo;Anneau abrite \u00e9galement l&rsquo;Exp\u00e9rience olympique de Richmond, une exp\u00e9rience hautement interactive et dynamique pour les visiteurs, avec des simulateurs olympiques et sportifs de pointe, des \u00e9preuves d&rsquo;habilet\u00e9, des centaines d&rsquo;artefacts olympiques et des archives num\u00e9riques pr\u00e9sentant des histoires olympiques et paralympiques embl\u00e9matiques de chaque ann\u00e9e des Jeux. En partenariat avec le Comit\u00e9 international olympique, l&rsquo;Exp\u00e9rience olympique de Richmond est le seul membre canadien du R\u00e9seau des mus\u00e9es olympiques.<\/p>\n<\/li>\n      <li><p>A world-class sport and recreation venue full of fantastic amenities and things to do. The Oval features multiple courts, ice rinks, an indoor running track, climbing walls, and fitness centres for both community members and high-performance athletes training for the Olympic and Paralympic Games.<\/p>\n<p>&nbsp;<\/p>\n<p>The Oval is also home to the The Richmond Olympic Experience, a highly interactive and dynamic visitor experience, featuring state-of-the-art Olympic and sport simulators, skill testing challenges, hundreds of Olympic artefacts and digital archives featuring iconic Olympic and Paralympic stories from every year of the Games. Partnered with the International Olympic Committee, the Richmond Olympic Experience is the only Olympic Museums Network member in Canada.<\/p>\n<\/li>\n    <\/ul>\n  <\/div>\n<\/section>\n\n\n\n<section id=\"block_6230d3f86f654\" class=\"block block--link-contact align-full\" data-scroll>\n  <div class=\"link-contact\" >\n    <div class=\"link-contact__inner\">\n      <article class=\"link-contact__up\">\n        <dl class=\"link-contact__up--max3\">\n          <dt>\n            <h5>Relevant Links<\/h5>\n          <\/dt>\n          <dd>\n            <ul>\n                              <li>\n                  <a href=\"https:\/\/richmondoval.ca\/\" target=\"\">Richmond Olympic Oval<\/a>\n                <\/li>\n                              <li>\n                  <a href=\"https:\/\/www.facebook.com\/richmondoval\/\" target=\"\">Follow The Richmond Olympic Oval<\/a>\n                <\/li>\n                              <li>\n                  <a href=\"http:\/\/instagram.com\/richmondoval\" target=\"\">The Oval on Instagram<\/a>\n                <\/li>\n              \n                          <\/ul>\n          <\/dd>\n\n          <dt>\n            <h5><\/h5>\n          <\/dt>\n          <dd>\n            <ul>\n                              <li>\n                  <a href=\"\" target=\"_blank\"><\/a>\n                <\/li>\n                              <li>\n                  <a href=\"\" target=\"_blank\"><\/a>\n                <\/li>\n                              <li>\n                  <a href=\"\" target=\"_blank\"><\/a>\n                <\/li>\n              \n                          <\/ul>\n          <\/dd>\n        <\/dl>\n      <\/article>\n\n              <article class=\"link-contact__bttom\">\n          <dl>\n            <dt>\n              <h5>Venue Services<\/h5>\n            <\/dt>\n            <dd>\n              <p>Ana Karanovic<\/p>\n            <\/dd>\n            <dd>\n              <a href=\"mailto:ana@bcwheelchairsports.com\">ana@bcwheelchairsports.com<\/a>\n            <\/dd>\n          <\/dl>\n        <\/article>\n          <\/div>\n  <\/div>\n<\/section>\n\n<style type=\"text\/css\">\n  .link-contact__up dl.link-contact__up--max3 {\n    grid-template-rows: repeat(4, auto);\n  }\n<\/style>\n\n\n<section id=\"block_623219e96177e\" class=\"block block--text-image align-full\" data-scroll>\n  <div class=\"text-image inner-container\">\n    <ul class=\"flex text-image__right\">\n      <li class=\"text-image--image\">\n        <figure class=\"text-image--large\">\n          <img decoding=\"async\" src=\"https:\/\/www.canadacupwcrugby.com\/wp-content\/uploads\/2022\/03\/Rectangle-131-2.png\" alt=\"\">\n        <\/figure>\n      <\/li>\n      <li>\n        <ul class=\"text-image--info\">\n          <li>\n            <h3>Wheelchair Rugby<\/h3>\n          <\/li>\n          <li>\n            <ul class=\"text-image--info\">\n<li>Le rugby en fauteuil roulant est un sport passionnant autorisant le contact, cr\u00e9\u00e9 au Canada, qui combine des \u00e9l\u00e9ments de handball, de basket-ball, de hockey sur glace et de rugby. D\u00e9couvrez l\u2019histoire de ce sport et ce que vous devez savoir pour vous d\u00e9marrer.<\/li>\n<\/ul>\n\n          <\/li>\n          <li class=\"text-image__cta\">\n                          <a href=\"https:\/\/www.canadacupwcrugby.com\/fr\/le-tournoi\/wheelchair-rugby\/\" target=\"\" class=\"button\">Savoir plus<\/a>\n            \n                          <h6><a href=\"https:\/\/www.canadacupwcrugby.com\/fr\/le-tournoi\/\">En savoir plus<\/a><\/h6>\n                      <\/li>\n        <\/ul>\n      <\/li>\n    <\/ul>\n  <\/div>\n<\/section>\n\n\n\n<section id=\"block_6230d75bcc8ea\" class=\"block block--news-events align-full\" data-scroll>\n  <div class=\"news-events light\">\n    <div class=\"news-events__inner light\">\n      <h3>Nouvelles<\/h3>\n      <article class=\"news-events--body\">\n        <p><\/p>\n        <a href=\"https:\/\/www.canadacupwcrugby.com\/news-events\" target=\"\">SEE MORE<\/a>\n      <\/article>\n\n      <ul class=\"news-events__list\">\n                              \n            <li>\n              <ul class=\"news-events__list--inner\">\n                <li>\n                  <a href=\"https:\/\/www.canadacupwcrugby.com\/fr\/news-events\/presentation-du-prix-du-fan-favori-de-la-coupe-du-canada\/\">\n                    <figure>\n                      <img decoding=\"async\" src=\"https:\/\/www.canadacupwcrugby.com\/wp-content\/uploads\/2022\/04\/Bogetti-Smith_20180615_Canada-Cup__0184.jpg\" alt=\"\" \/>\n                    <\/figure>\n                  <\/a>\n                <\/li>\n                <li>\n                  <a href=\"https:\/\/www.canadacupwcrugby.com\/fr\/news-events\/presentation-du-prix-du-fan-favori-de-la-coupe-du-canada\/\">\n                    <h6>Pr\u00e9sentation du prix du Fan favori de la Coupe du Canada<\/h6>\n                  <\/a>\n                <\/li>\n                <li>\n                  <ul class=\"news-events__list--tags\">\n                                      <\/ul>\n                <\/li>\n              <\/ul>\n            <\/li>\n                      \n            <li>\n              <ul class=\"news-events__list--inner\">\n                <li>\n                  <a href=\"https:\/\/www.canadacupwcrugby.com\/fr\/news-events\/nous-vous-preentons-les-femmes-du-rugby-en-fauteuil-roulant\/\">\n                    <figure>\n                      <img decoding=\"async\" src=\"https:\/\/www.canadacupwcrugby.com\/wp-content\/uploads\/2024\/06\/Bogetti-Smith-20240607-Wheelchair-Rugby-02346.jpg\" alt=\"\" \/>\n                    <\/figure>\n                  <\/a>\n                <\/li>\n                <li>\n                  <a href=\"https:\/\/www.canadacupwcrugby.com\/fr\/news-events\/nous-vous-preentons-les-femmes-du-rugby-en-fauteuil-roulant\/\">\n                    <h6>Nous vous\u00a0 pr\u00e9entons les femmes du rugby en fauteuil roulant<\/h6>\n                  <\/a>\n                <\/li>\n                <li>\n                  <ul class=\"news-events__list--tags\">\n                                      <\/ul>\n                <\/li>\n              <\/ul>\n            <\/li>\n                      \n            <li>\n              <ul class=\"news-events__list--inner\">\n                <li>\n                  <a href=\"https:\/\/www.canadacupwcrugby.com\/fr\/news-events\/un-mois-avant-la-coupe-canada-2024\/\">\n                    <figure>\n                      <img decoding=\"async\" src=\"https:\/\/www.canadacupwcrugby.com\/wp-content\/uploads\/2024\/05\/Bogetti-Smith-20220604-Wheelchair-Rugby-0420.jpg\" alt=\"\" \/>\n                    <\/figure>\n                  <\/a>\n                <\/li>\n                <li>\n                  <a href=\"https:\/\/www.canadacupwcrugby.com\/fr\/news-events\/un-mois-avant-la-coupe-canada-2024\/\">\n                    <h6>Un mois avant la Coupe Canada 2024<\/h6>\n                  <\/a>\n                <\/li>\n                <li>\n                  <ul class=\"news-events__list--tags\">\n                                      <\/ul>\n                <\/li>\n              <\/ul>\n            <\/li>\n                      \n            <li>\n              <ul class=\"news-events__list--inner\">\n                <li>\n                  <a href=\"https:\/\/www.canadacupwcrugby.com\/fr\/news-events\/debutantsfr\/\">\n                    <figure>\n                      <img decoding=\"async\" src=\"https:\/\/www.canadacupwcrugby.com\/wp-content\/uploads\/2022\/05\/Bogetti-Smith_20200307_Wheelchair_Rugby__1028.png\" alt=\"\" \/>\n                    <\/figure>\n                  <\/a>\n                <\/li>\n                <li>\n                  <a href=\"https:\/\/www.canadacupwcrugby.com\/fr\/news-events\/debutantsfr\/\">\n                    <h6>Cinq d\u00e9butants de la Coupe du Canada \u00e0 surveiller cette semaine<\/h6>\n                  <\/a>\n                <\/li>\n                <li>\n                  <ul class=\"news-events__list--tags\">\n                                      <\/ul>\n                <\/li>\n              <\/ul>\n            <\/li>\n                        <\/ul>\n    <\/div>\n  <\/div>\n<\/section>","protected":false},"excerpt":{"rendered":"","protected":false},"author":3,"featured_media":0,"parent":3846,"menu_order":2,"comment_status":"closed","ping_status":"closed","template":"","meta":{"_acf_changed":false,"footnotes":""},"class_list":["post-3901","page","type-page","status-publish","hentry"],"acf":[],"yoast_head":"<!-- This site is optimized with the Yoast SEO plugin v27.4 - https:\/\/yoast.com\/product\/yoast-seo-wordpress\/ -->\n<title>Site de comp\u00e9tition | Canada Cup Wheelchair Rugby<\/title>\n<meta name=\"robots\" content=\"index, follow, max-snippet:-1, max-image-preview:large, max-video-preview:-1\" \/>\n<link rel=\"canonical\" href=\"https:\/\/www.canadacupwcrugby.com\/fr\/informations-pour-les-visiteurs\/site-de-competition\/\" \/>\n<meta property=\"og:locale\" content=\"fr_FR\" \/>\n<meta property=\"og:type\" content=\"article\" \/>\n<meta property=\"og:title\" content=\"Site de comp\u00e9tition | Canada Cup Wheelchair Rugby\" \/>\n<meta property=\"og:url\" content=\"https:\/\/www.canadacupwcrugby.com\/fr\/informations-pour-les-visiteurs\/site-de-competition\/\" \/>\n<meta property=\"og:site_name\" content=\"Canada Cup Wheelchair Rugby\" \/>\n<meta property=\"article:modified_time\" content=\"2022-05-31T18:47:13+00:00\" \/>\n<meta name=\"twitter:card\" content=\"summary_large_image\" \/>\n<script type=\"application\/ld+json\" class=\"yoast-schema-graph\">{\"@context\":\"https:\\\/\\\/schema.org\",\"@graph\":[{\"@type\":\"WebPage\",\"@id\":\"https:\\\/\\\/www.canadacupwcrugby.com\\\/fr\\\/informations-pour-les-visiteurs\\\/site-de-competition\\\/\",\"url\":\"https:\\\/\\\/www.canadacupwcrugby.com\\\/fr\\\/informations-pour-les-visiteurs\\\/site-de-competition\\\/\",\"name\":\"Site de comp\u00e9tition | Canada Cup Wheelchair Rugby\",\"isPartOf\":{\"@id\":\"https:\\\/\\\/www.canadacupwcrugby.com\\\/fr\\\/#website\"},\"datePublished\":\"2022-03-15T18:55:33+00:00\",\"dateModified\":\"2022-05-31T18:47:13+00:00\",\"breadcrumb\":{\"@id\":\"https:\\\/\\\/www.canadacupwcrugby.com\\\/fr\\\/informations-pour-les-visiteurs\\\/site-de-competition\\\/#breadcrumb\"},\"inLanguage\":\"fr-FR\",\"potentialAction\":[{\"@type\":\"ReadAction\",\"target\":[\"https:\\\/\\\/www.canadacupwcrugby.com\\\/fr\\\/informations-pour-les-visiteurs\\\/site-de-competition\\\/\"]}]},{\"@type\":\"BreadcrumbList\",\"@id\":\"https:\\\/\\\/www.canadacupwcrugby.com\\\/fr\\\/informations-pour-les-visiteurs\\\/site-de-competition\\\/#breadcrumb\",\"itemListElement\":[{\"@type\":\"ListItem\",\"position\":1,\"name\":\"Home\",\"item\":\"https:\\\/\\\/www.canadacupwcrugby.com\\\/fr\\\/\"},{\"@type\":\"ListItem\",\"position\":2,\"name\":\"Informations pour les visiteurs\u00a0\",\"item\":\"https:\\\/\\\/www.canadacupwcrugby.com\\\/fr\\\/informations-pour-les-visiteurs\\\/\"},{\"@type\":\"ListItem\",\"position\":3,\"name\":\"Site de comp\u00e9tition\"}]},{\"@type\":\"WebSite\",\"@id\":\"https:\\\/\\\/www.canadacupwcrugby.com\\\/fr\\\/#website\",\"url\":\"https:\\\/\\\/www.canadacupwcrugby.com\\\/fr\\\/\",\"name\":\"Canada Cup Wheelchair Rugby\",\"description\":\"Big hits, thrilling tries, and wild catches await at the 2022 Canada Cup as eight of the world\u2019s top teams compete for the prestigious title.\",\"potentialAction\":[{\"@type\":\"SearchAction\",\"target\":{\"@type\":\"EntryPoint\",\"urlTemplate\":\"https:\\\/\\\/www.canadacupwcrugby.com\\\/fr\\\/?s={search_term_string}\"},\"query-input\":{\"@type\":\"PropertyValueSpecification\",\"valueRequired\":true,\"valueName\":\"search_term_string\"}}],\"inLanguage\":\"fr-FR\"}]}<\/script>\n<!-- \/ Yoast SEO plugin. -->","yoast_head_json":{"title":"Site de comp\u00e9tition | Canada Cup Wheelchair Rugby","robots":{"index":"index","follow":"follow","max-snippet":"max-snippet:-1","max-image-preview":"max-image-preview:large","max-video-preview":"max-video-preview:-1"},"canonical":"https:\/\/www.canadacupwcrugby.com\/fr\/informations-pour-les-visiteurs\/site-de-competition\/","og_locale":"fr_FR","og_type":"article","og_title":"Site de comp\u00e9tition | Canada Cup Wheelchair Rugby","og_url":"https:\/\/www.canadacupwcrugby.com\/fr\/informations-pour-les-visiteurs\/site-de-competition\/","og_site_name":"Canada Cup Wheelchair Rugby","article_modified_time":"2022-05-31T18:47:13+00:00","twitter_card":"summary_large_image","schema":{"@context":"https:\/\/schema.org","@graph":[{"@type":"WebPage","@id":"https:\/\/www.canadacupwcrugby.com\/fr\/informations-pour-les-visiteurs\/site-de-competition\/","url":"https:\/\/www.canadacupwcrugby.com\/fr\/informations-pour-les-visiteurs\/site-de-competition\/","name":"Site de comp\u00e9tition | Canada Cup Wheelchair Rugby","isPartOf":{"@id":"https:\/\/www.canadacupwcrugby.com\/fr\/#website"},"datePublished":"2022-03-15T18:55:33+00:00","dateModified":"2022-05-31T18:47:13+00:00","breadcrumb":{"@id":"https:\/\/www.canadacupwcrugby.com\/fr\/informations-pour-les-visiteurs\/site-de-competition\/#breadcrumb"},"inLanguage":"fr-FR","potentialAction":[{"@type":"ReadAction","target":["https:\/\/www.canadacupwcrugby.com\/fr\/informations-pour-les-visiteurs\/site-de-competition\/"]}]},{"@type":"BreadcrumbList","@id":"https:\/\/www.canadacupwcrugby.com\/fr\/informations-pour-les-visiteurs\/site-de-competition\/#breadcrumb","itemListElement":[{"@type":"ListItem","position":1,"name":"Home","item":"https:\/\/www.canadacupwcrugby.com\/fr\/"},{"@type":"ListItem","position":2,"name":"Informations pour les visiteurs\u00a0","item":"https:\/\/www.canadacupwcrugby.com\/fr\/informations-pour-les-visiteurs\/"},{"@type":"ListItem","position":3,"name":"Site de comp\u00e9tition"}]},{"@type":"WebSite","@id":"https:\/\/www.canadacupwcrugby.com\/fr\/#website","url":"https:\/\/www.canadacupwcrugby.com\/fr\/","name":"Canada Cup Wheelchair Rugby","description":"Big hits, thrilling tries, and wild catches await at the 2022 Canada Cup as eight of the world\u2019s top teams compete for the prestigious title.","potentialAction":[{"@type":"SearchAction","target":{"@type":"EntryPoint","urlTemplate":"https:\/\/www.canadacupwcrugby.com\/fr\/?s={search_term_string}"},"query-input":{"@type":"PropertyValueSpecification","valueRequired":true,"valueName":"search_term_string"}}],"inLanguage":"fr-FR"}]}},"_links":{"self":[{"href":"https:\/\/www.canadacupwcrugby.com\/fr\/wp-json\/wp\/v2\/pages\/3901","targetHints":{"allow":["GET"]}}],"collection":[{"href":"https:\/\/www.canadacupwcrugby.com\/fr\/wp-json\/wp\/v2\/pages"}],"about":[{"href":"https:\/\/www.canadacupwcrugby.com\/fr\/wp-json\/wp\/v2\/types\/page"}],"author":[{"embeddable":true,"href":"https:\/\/www.canadacupwcrugby.com\/fr\/wp-json\/wp\/v2\/users\/3"}],"replies":[{"embeddable":true,"href":"https:\/\/www.canadacupwcrugby.com\/fr\/wp-json\/wp\/v2\/comments?post=3901"}],"version-history":[{"count":4,"href":"https:\/\/www.canadacupwcrugby.com\/fr\/wp-json\/wp\/v2\/pages\/3901\/revisions"}],"predecessor-version":[{"id":6354,"href":"https:\/\/www.canadacupwcrugby.com\/fr\/wp-json\/wp\/v2\/pages\/3901\/revisions\/6354"}],"up":[{"embeddable":true,"href":"https:\/\/www.canadacupwcrugby.com\/fr\/wp-json\/wp\/v2\/pages\/3846"}],"wp:attachment":[{"href":"https:\/\/www.canadacupwcrugby.com\/fr\/wp-json\/wp\/v2\/media?parent=3901"}],"curies":[{"name":"wp","href":"https:\/\/api.w.org\/{rel}","templated":true}]}}