{"id":3846,"date":"2022-03-15T18:34:46","date_gmt":"2022-03-15T18:34:46","guid":{"rendered":"https:\/\/www.canadacupwcrugby.com\/?page_id=3846"},"modified":"2022-04-15T14:51:05","modified_gmt":"2022-04-15T14:51:05","slug":"informations-pour-les-visiteurs","status":"publish","type":"page","link":"https:\/\/www.canadacupwcrugby.com\/fr\/informations-pour-les-visiteurs\/","title":{"rendered":"Informations pour les visiteurs\u00a0"},"content":{"rendered":"\n<section id=\"block_622bda02dff4f\" class=\"block block--hero align-full\" data-scroll>\n  <div class=\"hero\"  style=\"background-image: url(https:\/\/www.canadacupwcrugby.com\/wp-content\/uploads\/2022\/03\/bcw-wheelchair-games.png)\" >\n    <article class=\"hero__in inner-container\">\n      <ul class=\"hero__in__list\">\n        <li>\n          <ul class=\"hero__in--tags\">\n            \n          <\/ul>\n        <\/li>\n        <li>\n          <h1>Informations pour les visiteurs  <\/h1>\n        <\/li>\n                      <\/ul>\n    <\/article>\n  <\/div>\n\n  <div class=\"hero__breadcrumbs\">\n    <p id=\"breadcrumbs\" class=\"inner-container\"><span><span><a href=\"https:\/\/www.canadacupwcrugby.com\/fr\/\">Home<\/a><\/span><\/span><\/p>\n  <\/div>\n<\/section>\n\n\n\n<div style=\"height:60px\" aria-hidden=\"true\" class=\"wp-block-spacer\"><\/div>\n\n\n\n<section id=\"block_622bdbbcdff68\" class=\"block block--slide-sponsors align-full\" data-scroll>\n  <div class=\"slide-sponsors\">\n    <h4>Merci \u00e0 nos commanditaires<\/h4>\n    <p class=\"slide-sponsors__body\"><\/p>\n\n    <section class=\"slide-sponsors__outer\">\n      <div class=\"direction carousel-button-prev\">\n        <span class=\"dashicons dashicons-arrow-left-alt\"><\/span>\n      <\/div>\n\n      <div class=\"carousel js-card-scrollable slide-sponsors__list\">\n                            <div class=\"carousel-cell\">\n            <a href=\"https:\/\/vmcrugbychairs.com\/\" target=\"_blank\">\n              <figure>\n                <img decoding=\"async\" src=\"https:\/\/www.canadacupwcrugby.com\/wp-content\/uploads\/2022\/03\/sponsor07.png\" alt=\"\" \/>\n              <\/figure>\n            <\/a>\n          <\/div>\n                            <div class=\"carousel-cell\">\n            <a href=\"https:\/\/www.canada.ca\/en.html\" target=\"_blank\">\n              <figure>\n                <img decoding=\"async\" src=\"https:\/\/www.canadacupwcrugby.com\/wp-content\/uploads\/2022\/03\/canada.png\" alt=\"Canada logo\" \/>\n              <\/figure>\n            <\/a>\n          <\/div>\n                            <div class=\"carousel-cell\">\n            <a href=\"https:\/\/www2.gov.bc.ca\/gov\/content\/home\" target=\"_blank\">\n              <figure>\n                <img decoding=\"async\" src=\"https:\/\/www.canadacupwcrugby.com\/wp-content\/uploads\/2022\/03\/british-columbia.png\" alt=\"British Columbia logo\" \/>\n              <\/figure>\n            <\/a>\n          <\/div>\n                            <div class=\"carousel-cell\">\n            <a href=\"\" target=\"_blank\">\n              <figure>\n                <img decoding=\"async\" src=\"\" alt=\"\" \/>\n              <\/figure>\n            <\/a>\n          <\/div>\n                            <div class=\"carousel-cell\">\n            <a href=\"https:\/\/richmondsporthosting.ca\/\" target=\"_blank\">\n              <figure>\n                <img decoding=\"async\" src=\"https:\/\/www.canadacupwcrugby.com\/wp-content\/uploads\/2022\/03\/richmond-sport-hosting-1.png\" alt=\"Richmond Sport Hosting logo\" \/>\n              <\/figure>\n            <\/a>\n          <\/div>\n              <\/div>\n\n      <div class=\"direction carousel-button-next\">\n        <span class=\"dashicons dashicons-arrow-right-alt\"><\/span>\n      <\/div>\n    <\/section>\n\n          <div class=\"slide-sponsors__button\">\n        <a href=\"https:\/\/www.canadacupwcrugby.com\/fr\/le-tournoi\/commanditaires\/\" target=\"\" class=\"button hollow\">Tous nos commanditaires<\/a>\n      <\/div>\n    \n  <\/div>\n<\/section>\n\n\n<section id=\"block_622bda2edff53\" class=\"block block--text-image align-full\" data-scroll>\n  <div class=\"text-image inner-container\">\n    <ul class=\"flex text-image__left\">\n      <li class=\"text-image--image\">\n        <figure class=\"text-image--large\">\n          <img decoding=\"async\" src=\"https:\/\/www.canadacupwcrugby.com\/wp-content\/uploads\/2022\/04\/Oval-Interior.jpg\" alt=\"\">\n        <\/figure>\n      <\/li>\n      <li>\n        <ul class=\"text-image--info\">\n          <li>\n            <h3>Le Site!<\/h3>\n          <\/li>\n          <li>\n            <p>L&rsquo;Anneau olympique de Richmond accueille la Coupe du Canada de 2022. Un site de classe mondiale, h\u00e9ritage des Jeux olympiques, qui est devenu une v\u00e9ritable plaque tournante du rugby en fauteuil roulant international depuis 2010.<\/p>\n\n          <\/li>\n          <li class=\"text-image__cta\">\n                          <a href=\"https:\/\/www.canadacupwcrugby.com\/visitor-information\/venues\" target=\"\" class=\"button\">En savoir plus sur notre site<\/a>\n            \n                      <\/li>\n        <\/ul>\n      <\/li>\n    <\/ul>\n  <\/div>\n<\/section>\n\n\n\n<section id=\"block_622bdabfdff60\" class=\"block block--text-image align-full\" data-scroll>\n  <div class=\"text-image inner-container\">\n    <ul class=\"flex text-image__right\">\n      <li class=\"text-image--image\">\n        <figure class=\"text-image--small\">\n          <img decoding=\"async\" src=\"https:\/\/www.canadacupwcrugby.com\/wp-content\/uploads\/2022\/03\/Rectangle-131-1.png\" alt=\"\">\n        <\/figure>\n      <\/li>\n      <li>\n        <ul class=\"text-image--info\">\n          <li>\n            <h3>Comment s&rsquo;y rendre <\/h3>\n          <\/li>\n          <li>\n            <p>Vous ne voulez pas manquer l&rsquo;ambiance de la Coupe Canada! D\u00e9couvrez comment vous rendre sur le site, que ce soit en voiture ou en transport en commun.<\/p>\n\n          <\/li>\n          <li class=\"text-image__cta\">\n                          <a href=\"https:\/\/www.canadacupwcrugby.com\/fr\/informations-pour-les-visiteurs\/comment-sy-rendre\/\" target=\"\" class=\"button\">En Savoir Plus<\/a>\n            \n                      <\/li>\n        <\/ul>\n      <\/li>\n    <\/ul>\n  <\/div>\n<\/section>\n\n\n\n<section id=\"block_622fda0ed9fe0\" class=\"block block--text-image align-full\" data-scroll>\n  <div class=\"text-image inner-container\">\n    <ul class=\"flex text-image__left\">\n      <li class=\"text-image--image\">\n        <figure class=\"text-image--small\">\n          <img decoding=\"async\" src=\"https:\/\/www.canadacupwcrugby.com\/wp-content\/uploads\/2022\/03\/Bogetti-Smith_Wheelchair-Rugby_20160626_2040.jpg\" alt=\"\">\n        <\/figure>\n      <\/li>\n      <li>\n        <ul class=\"text-image--info\">\n          <li>\n            <h3>Vancouver<\/h3>\n          <\/li>\n          <li>\n            <p>Vous visitez Vancouver pour la premi\u00e8re fois? Apprenez-en davantage sur l&rsquo;h\u00e9bergement, notre climat et les organisations locales qui travaillent avec nous&#8230;<\/p>\n\n          <\/li>\n          <li class=\"text-image__cta\">\n                          <a href=\"https:\/\/www.canadacupwcrugby.com\/visitor-information\/what-to-expect-in-vancouver\" target=\"\" class=\"button\">Planifiez votre voyage<\/a>\n            \n                      <\/li>\n        <\/ul>\n      <\/li>\n    <\/ul>\n  <\/div>\n<\/section>\n\n\n\n<section id=\"block_622bdb05dff63\" class=\"block block--text-image align-full\" data-scroll>\n  <div class=\"text-image inner-container\">\n    <ul class=\"flex text-image__right\">\n      <li class=\"text-image--image\">\n        <figure class=\"text-image--large\">\n          <img decoding=\"async\" src=\"https:\/\/www.canadacupwcrugby.com\/wp-content\/uploads\/2022\/03\/Rectangle-131-2.png\" alt=\"\">\n        <\/figure>\n      <\/li>\n      <li>\n        <ul class=\"text-image--info\">\n          <li>\n            <h3>Accessibilit\u00e9 <\/h3>\n          <\/li>\n          <li>\n            <p>L&rsquo;accessibilit\u00e9 est importante pour nous et constitue un \u00e9l\u00e9ment cl\u00e9 pour faire en sorte que la Coupe du Canada soit agr\u00e9able pour tous. Apprenez-en davantage sur l&rsquo;accessibilit\u00e9 aupr\u00e8s de nos partenaires d&rsquo;h\u00e9bergement, de la ville de Vancouver et des sites.<\/p>\n\n          <\/li>\n          <li class=\"text-image__cta\">\n                          <a href=\"https:\/\/www.canadacupwcrugby.com\/visitor-information\/accessibility\" target=\"\" class=\"button\">Accessibilit\u00e9<\/a>\n            \n                      <\/li>\n        <\/ul>\n      <\/li>\n    <\/ul>\n  <\/div>\n<\/section>\n\n\n\n<section id=\"block_622fdaedd9fe2\" class=\"block block--text-image align-full\" data-scroll>\n  <div class=\"text-image inner-container\">\n    <ul class=\"flex text-image__left\">\n      <li class=\"text-image--image\">\n        <figure class=\"text-image--small\">\n          <img decoding=\"async\" src=\"https:\/\/www.canadacupwcrugby.com\/wp-content\/uploads\/2022\/04\/Bogetti-Smith_20180614_Canada-Cup__0066-scaled.jpg\" alt=\"\">\n        <\/figure>\n      <\/li>\n      <li>\n        <ul class=\"text-image--info\">\n          <li>\n            <h3>Coupe de Canada de 2022<\/h3>\n          <\/li>\n          <li>\n            <p>La Coupe du Canada est de retour cette ann\u00e9e et nous sommes impatients d&rsquo;accueillir le monde du rugby en fauteuil roulant en Colombie-Britannique pour un autre tournoi passionnant! D\u00e9couvrez qui participe \u00e0 la comp\u00e9tition et comment vous impliquer.<\/p>\n\n          <\/li>\n          <li class=\"text-image__cta\">\n                          <a href=\"https:\/\/www.canadacupwcrugby.com\/fr\/le-tournoi\/\" target=\"\" class=\"button\">En Savoir Plus<\/a>\n            \n                      <\/li>\n        <\/ul>\n      <\/li>\n    <\/ul>\n  <\/div>\n<\/section>\n\n\n\n<section id=\"block_622fdbc8d9fe3\" class=\"block block--text-image align-full\" data-scroll>\n  <div class=\"text-image inner-container\">\n    <ul class=\"flex text-image__right\">\n      <li class=\"text-image--image\">\n        <figure class=\"text-image--large\">\n          <img decoding=\"async\" src=\"https:\/\/www.canadacupwcrugby.com\/wp-content\/uploads\/2022\/03\/bcw-wheelchair-ball-game.png\" alt=\"\">\n        <\/figure>\n      <\/li>\n      <li>\n        <ul class=\"text-image--info\">\n          <li>\n            <h3>Acheter un billet<\/h3>\n          <\/li>\n          <li>\n            <p>Venez voir l&rsquo;action en direct! La Coupe Canada est un \u00e9v\u00e9nement sportif passionnant et abordable pour toute la famille.<\/p>\n\n          <\/li>\n          <li class=\"text-image__cta\">\n                          <a href=\"https:\/\/www.canadacupwcrugby.com\/fr\/billets\/\" target=\"\" class=\"button\">Obtenez v\u00f4tre billet d\u00e8s aujourd&rsquo;hui<\/a>\n            \n                      <\/li>\n        <\/ul>\n      <\/li>\n    <\/ul>\n  <\/div>\n<\/section>\n","protected":false},"excerpt":{"rendered":"","protected":false},"author":3,"featured_media":0,"parent":0,"menu_order":0,"comment_status":"closed","ping_status":"closed","template":"","meta":{"_acf_changed":false,"footnotes":""},"class_list":["post-3846","page","type-page","status-publish","hentry"],"acf":[],"yoast_head":"<!-- This site is optimized with the Yoast SEO plugin v27.4 - https:\/\/yoast.com\/product\/yoast-seo-wordpress\/ -->\n<title>Informations pour les visiteurs\u00a0 | Canada Cup Wheelchair Rugby<\/title>\n<meta name=\"robots\" content=\"index, follow, max-snippet:-1, max-image-preview:large, max-video-preview:-1\" \/>\n<link rel=\"canonical\" href=\"https:\/\/www.canadacupwcrugby.com\/fr\/informations-pour-les-visiteurs\/\" \/>\n<meta property=\"og:locale\" content=\"fr_FR\" \/>\n<meta property=\"og:type\" content=\"article\" \/>\n<meta property=\"og:title\" content=\"Informations pour les visiteurs\u00a0 | Canada Cup Wheelchair Rugby\" \/>\n<meta property=\"og:url\" content=\"https:\/\/www.canadacupwcrugby.com\/fr\/informations-pour-les-visiteurs\/\" \/>\n<meta property=\"og:site_name\" content=\"Canada Cup Wheelchair Rugby\" \/>\n<meta property=\"article:modified_time\" content=\"2022-04-15T14:51:05+00:00\" \/>\n<meta name=\"twitter:card\" content=\"summary_large_image\" \/>\n<script type=\"application\/ld+json\" class=\"yoast-schema-graph\">{\"@context\":\"https:\\\/\\\/schema.org\",\"@graph\":[{\"@type\":\"WebPage\",\"@id\":\"https:\\\/\\\/www.canadacupwcrugby.com\\\/fr\\\/informations-pour-les-visiteurs\\\/\",\"url\":\"https:\\\/\\\/www.canadacupwcrugby.com\\\/fr\\\/informations-pour-les-visiteurs\\\/\",\"name\":\"Informations pour les visiteurs\u00a0 | Canada Cup Wheelchair Rugby\",\"isPartOf\":{\"@id\":\"https:\\\/\\\/www.canadacupwcrugby.com\\\/fr\\\/#website\"},\"datePublished\":\"2022-03-15T18:34:46+00:00\",\"dateModified\":\"2022-04-15T14:51:05+00:00\",\"breadcrumb\":{\"@id\":\"https:\\\/\\\/www.canadacupwcrugby.com\\\/fr\\\/informations-pour-les-visiteurs\\\/#breadcrumb\"},\"inLanguage\":\"fr-FR\",\"potentialAction\":[{\"@type\":\"ReadAction\",\"target\":[\"https:\\\/\\\/www.canadacupwcrugby.com\\\/fr\\\/informations-pour-les-visiteurs\\\/\"]}]},{\"@type\":\"BreadcrumbList\",\"@id\":\"https:\\\/\\\/www.canadacupwcrugby.com\\\/fr\\\/informations-pour-les-visiteurs\\\/#breadcrumb\",\"itemListElement\":[{\"@type\":\"ListItem\",\"position\":1,\"name\":\"Home\",\"item\":\"https:\\\/\\\/www.canadacupwcrugby.com\\\/fr\\\/\"},{\"@type\":\"ListItem\",\"position\":2,\"name\":\"Informations pour les visiteurs\u00a0\"}]},{\"@type\":\"WebSite\",\"@id\":\"https:\\\/\\\/www.canadacupwcrugby.com\\\/fr\\\/#website\",\"url\":\"https:\\\/\\\/www.canadacupwcrugby.com\\\/fr\\\/\",\"name\":\"Canada Cup Wheelchair Rugby\",\"description\":\"Big hits, thrilling tries, and wild catches await at the 2022 Canada Cup as eight of the world\u2019s top teams compete for the prestigious title.\",\"potentialAction\":[{\"@type\":\"SearchAction\",\"target\":{\"@type\":\"EntryPoint\",\"urlTemplate\":\"https:\\\/\\\/www.canadacupwcrugby.com\\\/fr\\\/?s={search_term_string}\"},\"query-input\":{\"@type\":\"PropertyValueSpecification\",\"valueRequired\":true,\"valueName\":\"search_term_string\"}}],\"inLanguage\":\"fr-FR\"}]}<\/script>\n<!-- \/ Yoast SEO plugin. -->","yoast_head_json":{"title":"Informations pour les visiteurs\u00a0 | Canada Cup Wheelchair Rugby","robots":{"index":"index","follow":"follow","max-snippet":"max-snippet:-1","max-image-preview":"max-image-preview:large","max-video-preview":"max-video-preview:-1"},"canonical":"https:\/\/www.canadacupwcrugby.com\/fr\/informations-pour-les-visiteurs\/","og_locale":"fr_FR","og_type":"article","og_title":"Informations pour les visiteurs\u00a0 | Canada Cup Wheelchair Rugby","og_url":"https:\/\/www.canadacupwcrugby.com\/fr\/informations-pour-les-visiteurs\/","og_site_name":"Canada Cup Wheelchair Rugby","article_modified_time":"2022-04-15T14:51:05+00:00","twitter_card":"summary_large_image","schema":{"@context":"https:\/\/schema.org","@graph":[{"@type":"WebPage","@id":"https:\/\/www.canadacupwcrugby.com\/fr\/informations-pour-les-visiteurs\/","url":"https:\/\/www.canadacupwcrugby.com\/fr\/informations-pour-les-visiteurs\/","name":"Informations pour les visiteurs\u00a0 | Canada Cup Wheelchair Rugby","isPartOf":{"@id":"https:\/\/www.canadacupwcrugby.com\/fr\/#website"},"datePublished":"2022-03-15T18:34:46+00:00","dateModified":"2022-04-15T14:51:05+00:00","breadcrumb":{"@id":"https:\/\/www.canadacupwcrugby.com\/fr\/informations-pour-les-visiteurs\/#breadcrumb"},"inLanguage":"fr-FR","potentialAction":[{"@type":"ReadAction","target":["https:\/\/www.canadacupwcrugby.com\/fr\/informations-pour-les-visiteurs\/"]}]},{"@type":"BreadcrumbList","@id":"https:\/\/www.canadacupwcrugby.com\/fr\/informations-pour-les-visiteurs\/#breadcrumb","itemListElement":[{"@type":"ListItem","position":1,"name":"Home","item":"https:\/\/www.canadacupwcrugby.com\/fr\/"},{"@type":"ListItem","position":2,"name":"Informations pour les visiteurs\u00a0"}]},{"@type":"WebSite","@id":"https:\/\/www.canadacupwcrugby.com\/fr\/#website","url":"https:\/\/www.canadacupwcrugby.com\/fr\/","name":"Canada Cup Wheelchair Rugby","description":"Big hits, thrilling tries, and wild catches await at the 2022 Canada Cup as eight of the world\u2019s top teams compete for the prestigious title.","potentialAction":[{"@type":"SearchAction","target":{"@type":"EntryPoint","urlTemplate":"https:\/\/www.canadacupwcrugby.com\/fr\/?s={search_term_string}"},"query-input":{"@type":"PropertyValueSpecification","valueRequired":true,"valueName":"search_term_string"}}],"inLanguage":"fr-FR"}]}},"_links":{"self":[{"href":"https:\/\/www.canadacupwcrugby.com\/fr\/wp-json\/wp\/v2\/pages\/3846","targetHints":{"allow":["GET"]}}],"collection":[{"href":"https:\/\/www.canadacupwcrugby.com\/fr\/wp-json\/wp\/v2\/pages"}],"about":[{"href":"https:\/\/www.canadacupwcrugby.com\/fr\/wp-json\/wp\/v2\/types\/page"}],"author":[{"embeddable":true,"href":"https:\/\/www.canadacupwcrugby.com\/fr\/wp-json\/wp\/v2\/users\/3"}],"replies":[{"embeddable":true,"href":"https:\/\/www.canadacupwcrugby.com\/fr\/wp-json\/wp\/v2\/comments?post=3846"}],"version-history":[{"count":9,"href":"https:\/\/www.canadacupwcrugby.com\/fr\/wp-json\/wp\/v2\/pages\/3846\/revisions"}],"predecessor-version":[{"id":4731,"href":"https:\/\/www.canadacupwcrugby.com\/fr\/wp-json\/wp\/v2\/pages\/3846\/revisions\/4731"}],"wp:attachment":[{"href":"https:\/\/www.canadacupwcrugby.com\/fr\/wp-json\/wp\/v2\/media?parent=3846"}],"curies":[{"name":"wp","href":"https:\/\/api.w.org\/{rel}","templated":true}]}}