{"id":3508,"date":"2022-03-11T23:27:47","date_gmt":"2022-03-11T23:27:47","guid":{"rendered":"https:\/\/www.canadacupwcrugby.com\/?page_id=3508"},"modified":"2024-05-07T17:58:38","modified_gmt":"2024-05-07T17:58:38","slug":"coupe-du-canada-de-2022","status":"publish","type":"page","link":"https:\/\/www.canadacupwcrugby.com\/fr\/coupe-du-canada-de-2022\/","title":{"rendered":"COUPE DU CANADA DE 2022"},"content":{"rendered":"\n<section id=\"block_c6a75d44fd9c3f0bd85b555955c58e50\" class=\"block block--hero align-full\" data-scroll>\n  <div class=\"hero\"  style=\"background-image: url(https:\/\/www.canadacupwcrugby.com\/wp-content\/uploads\/2022\/03\/bcw-wheelchair-games.png)\" >\n    <article class=\"hero__in inner-container\">\n      <ul class=\"hero__in__list\">\n        <li>\n          <ul class=\"hero__in--tags\">\n            \n              \n                              <li>\n                  <aside>BIENVENUE<\/aside>\n                <\/li>\n              \n            \n          <\/ul>\n        <\/li>\n        <li>\n          <h1>C&rsquo;est bon d&rsquo;\u00eatre de retour!<\/h1>\n        <\/li>\n                  <li>\n            <p class=\"lead\">Les meilleures \u00e9quipes de rugby en fauteuil roulant du monde reviennent \u00e0 l&rsquo;Anneau olympique de Richmond en juin prochain pour disputer la Coupe du Canada de 2024.<\/p>\n          <\/li>\n                      <\/ul>\n    <\/article>\n  <\/div>\n\n  <div class=\"hero__breadcrumbs\">\n    <p id=\"breadcrumbs\" class=\"inner-container\"><span><span><a href=\"https:\/\/www.canadacupwcrugby.com\/fr\/\">Home<\/a><\/span><\/span><\/p>\n  <\/div>\n<\/section>\n\n\n\n<div style=\"height:60px\" aria-hidden=\"true\" class=\"wp-block-spacer\"><\/div>\n\n\n\n<section id=\"block_25eb2efac27c302ca9fea8960a936ca6\" class=\"block block--text-image align-full\" data-scroll>\n  <div class=\"text-image inner-container\">\n    <ul class=\"flex text-image__left\">\n      <li class=\"text-image--image\">\n        <figure class=\"text-image--large\">\n          <img decoding=\"async\" src=\"https:\/\/www.canadacupwcrugby.com\/wp-content\/uploads\/2022\/03\/Rectangle-131.png\" alt=\"\">\n        <\/figure>\n      <\/li>\n      <li>\n        <ul class=\"text-image--info\">\n          <li>\n            <h3>COUPE DU CANADA DE 2024<\/h3>\n          <\/li>\n          <li>\n            <p>La Coupe du Canada est de retour cette ann\u00e9e et nous sommes impatients d&rsquo;accueillir le monde du rugby en fauteuil roulant en Colombie-Britannique pour un autre tournoi passionnant!<\/p>\n\n          <\/li>\n          <li class=\"text-image__cta\">\n            \n                      <\/li>\n        <\/ul>\n      <\/li>\n    <\/ul>\n  <\/div>\n<\/section>\n\n\n\n<section id=\"block_c441d696908bd2a8af15025c9bfcfa82\" class=\"block block--slide-sponsors align-full\" data-scroll>\n  <div class=\"slide-sponsors\">\n    <h4>Merci \u00e0 nos commanditaires<\/h4>\n    <p class=\"slide-sponsors__body\"><\/p>\n\n    <section class=\"slide-sponsors__outer\">\n      <div class=\"direction carousel-button-prev\">\n        <span class=\"dashicons dashicons-arrow-left-alt\"><\/span>\n      <\/div>\n\n      <div class=\"carousel js-card-scrollable slide-sponsors__list\">\n                            <div class=\"carousel-cell\">\n            <a href=\"https:\/\/vmcrugbychairs.com\/\" target=\"_blank\">\n              <figure>\n                <img decoding=\"async\" src=\"https:\/\/www.canadacupwcrugby.com\/wp-content\/uploads\/2022\/03\/sponsor07.png\" alt=\"\" \/>\n              <\/figure>\n            <\/a>\n          <\/div>\n                            <div class=\"carousel-cell\">\n            <a href=\"https:\/\/www.canada.ca\/en.html\" target=\"_blank\">\n              <figure>\n                <img decoding=\"async\" src=\"https:\/\/www.canadacupwcrugby.com\/wp-content\/uploads\/2022\/03\/canada.png\" alt=\"Canada logo\" \/>\n              <\/figure>\n            <\/a>\n          <\/div>\n                            <div class=\"carousel-cell\">\n            <a href=\"https:\/\/www2.gov.bc.ca\/gov\/content\/home\" target=\"_blank\">\n              <figure>\n                <img decoding=\"async\" src=\"https:\/\/www.canadacupwcrugby.com\/wp-content\/uploads\/2022\/03\/british-columbia.png\" alt=\"British Columbia logo\" \/>\n              <\/figure>\n            <\/a>\n          <\/div>\n                            <div class=\"carousel-cell\">\n            <a href=\"\" target=\"_blank\">\n              <figure>\n                <img decoding=\"async\" src=\"\" alt=\"\" \/>\n              <\/figure>\n            <\/a>\n          <\/div>\n              <\/div>\n\n      <div class=\"direction carousel-button-next\">\n        <span class=\"dashicons dashicons-arrow-right-alt\"><\/span>\n      <\/div>\n    <\/section>\n\n          <div class=\"slide-sponsors__button\">\n        <a href=\"https:\/\/www.canadacupwcrugby.com\/about\/sponsors\" target=\"\" class=\"button hollow\">Voir tous nos commanditaires<\/a>\n      <\/div>\n    \n  <\/div>\n<\/section>\n\n\n<section id=\"block_9e34e02540ee3d2fb1d4a4e291c7fc3a\" class=\"block block--text-image align-full\" data-scroll>\n  <div class=\"text-image inner-container\">\n    <ul class=\"flex text-image__right\">\n      <li class=\"text-image--image\">\n        <figure class=\"text-image--small\">\n          <img decoding=\"async\" src=\"https:\/\/www.canadacupwcrugby.com\/wp-content\/uploads\/2022\/03\/Rectangle-131-1.png\" alt=\"\">\n        <\/figure>\n      <\/li>\n      <li>\n        <ul class=\"text-image--info\">\n          <li>\n            <h3>\u00c9quipes<\/h3>\n          <\/li>\n          <li>\n            <p>Les meilleures \u00e9quipes et les \u00e9toiles les plus brillantes arrivent \u00e0 Richmond pour la Coupe du Canada! Apprenez \u00e0 conna\u00eetre chacune des \u00e9quipes en comp\u00e9tition, lisez les biographies des athl\u00e8tes et, gr\u00e2ce au questionnaire, apprenez des informations pour impressionner vos amis.<\/p>\n<pre id=\"tw-target-text\" class=\"tw-data-text tw-text-large tw-ta\" dir=\"ltr\" data-placeholder=\"Translation\" aria-label=\"Translated text\" data-ved=\"2ahUKEwjppIzUjvyFAxUAGDQIHV99CNkQ3ewLegQIERAU\"><span class=\"Y2IQFc\" lang=\"fr\">Les listes des \u00e9quipes seront publi\u00e9es plus tard en mai<\/span><\/pre>\n<p>&nbsp;<\/p>\n\n          <\/li>\n          <li class=\"text-image__cta\">\n            \n                      <\/li>\n        <\/ul>\n      <\/li>\n    <\/ul>\n  <\/div>\n<\/section>\n\n\n\n<section id=\"block_5bdcbd2f420ff2d4464453c451312c1c\" class=\"block block--text-image align-full\" data-scroll>\n  <div class=\"text-image inner-container\">\n    <ul class=\"flex text-image__left\">\n      <li class=\"text-image--image\">\n        <figure class=\"text-image--small\">\n          <img decoding=\"async\" src=\"https:\/\/www.canadacupwcrugby.com\/wp-content\/uploads\/2022\/04\/DaisukeCatch.png\" alt=\"\">\n        <\/figure>\n      <\/li>\n      <li>\n        <ul class=\"text-image--info\">\n          <li>\n            <h3>Horraires et R\u00e9sultats<\/h3>\n          <\/li>\n          <li>\n            <p>Consultez notre page Programme et r\u00e9sultats pour le programme complet des matchs, ainsi que les r\u00e9sultats, les statistiques et les classements d\u00e8s qu&rsquo;ils sont disponibles. Restez \u00e0 l&rsquo;\u00e9coute pour la publication de notre programme de 2022!<\/p>\n\n          <\/li>\n          <li class=\"text-image__cta\">\n                          <a href=\"https:\/\/www.canadacupwcrugby.com\/fr\/coupe-du-canada-de-2022\/horaires-et-resultats\/\" target=\"\" class=\"button\">EN SAVOIR PLUS<\/a>\n            \n                      <\/li>\n        <\/ul>\n      <\/li>\n    <\/ul>\n  <\/div>\n<\/section>\n\n\n\n<section id=\"block_5968cec87835baef34501e6b8d4eb6d3\" class=\"block block--text-image align-full\" data-scroll>\n  <div class=\"text-image inner-container\">\n    <ul class=\"flex text-image__right\">\n      <li class=\"text-image--image\">\n        <figure class=\"text-image--large\">\n          <img decoding=\"async\" src=\"https:\/\/www.canadacupwcrugby.com\/wp-content\/uploads\/2022\/04\/DeblyandAoki.png\" alt=\"\">\n        <\/figure>\n      <\/li>\n      <li>\n        <ul class=\"text-image--info\">\n          <li>\n            <h3>B\u00e9n\u00e9voles<\/h3>\n          <\/li>\n          <li>\n            <p>Les b\u00e9n\u00e9voles sont un volet incroyablement important la r\u00e9ussite de n&rsquo;importe quelle toute Coupe Canada. Nous comptons sur des personnes de toutes les comp\u00e9tences et aptitudes pour remplir une vari\u00e9t\u00e9 de r\u00f4les b\u00e9n\u00e9voles. D\u00e9couvrez nos offres et apprenez comment vous inscrire.<\/p>\n\n          <\/li>\n          <li class=\"text-image__cta\">\n                          <a href=\"https:\/\/www.canadacupwcrugby.com\/fr\/coupe-du-canada-de-2022\/opportunites-de-benevolat\/\" target=\"\" class=\"button\">EN SAVOIR PLUS<\/a>\n            \n                      <\/li>\n        <\/ul>\n      <\/li>\n    <\/ul>\n  <\/div>\n<\/section>\n\n\n\n<section id=\"block_ac6d63aa65e5b3cb0c9a1d21f79386d1\" class=\"block block--text-image align-full\" data-scroll>\n  <div class=\"text-image inner-container\">\n    <ul class=\"flex text-image__left\">\n      <li class=\"text-image--image\">\n        <figure class=\"text-image--small\">\n          <img decoding=\"async\" src=\"https:\/\/www.canadacupwcrugby.com\/wp-content\/uploads\/2022\/04\/RobertsandKory.png\" alt=\"\">\n        <\/figure>\n      <\/li>\n      <li>\n        <ul class=\"text-image--info\">\n          <li>\n            <h3>Officiels<\/h3>\n          <\/li>\n          <li>\n            <p>Les officiels viennent du monde entier pour la Coupe Canada et contribuent \u00e0 garantir que la comp\u00e9tition est arbitr\u00e9e de mani\u00e8re \u00e9quitable et int\u00e8gre.<\/p>\n\n          <\/li>\n          <li class=\"text-image__cta\">\n                          <a href=\"https:\/\/www.canadacupwcrugby.com\/fr\/officiels\/\" target=\"\" class=\"button\">EN SAVOIR PLUS<\/a>\n            \n                      <\/li>\n        <\/ul>\n      <\/li>\n    <\/ul>\n  <\/div>\n<\/section>\n\n\n\n<section id=\"block_920e7eb19b44ef7339162a11e4dbc39f\" class=\"block block--text-image align-full\" data-scroll>\n  <div class=\"text-image inner-container\">\n    <ul class=\"flex text-image__right\">\n      <li class=\"text-image--image\">\n        <figure class=\"text-image--large\">\n          <img decoding=\"async\" src=\"https:\/\/www.canadacupwcrugby.com\/wp-content\/uploads\/2022\/03\/bcw-wheelchair-ball-game.png\" alt=\"\">\n        <\/figure>\n      <\/li>\n      <li>\n        <ul class=\"text-image--info\">\n          <li>\n            <h3>Classification<\/h3>\n          <\/li>\n          <li>\n            <p>Le rugby en fauteuil roulant utilise un syst\u00e8me de classification pour s&rsquo;assurer que les athl\u00e8tes ayant diff\u00e9rents types de handicaps peuvent concourir ensemble. Lorsqu&rsquo;un athl\u00e8te commence \u00e0 jouer au rugby en fauteuil roulant, il est \u00e9valu\u00e9 par une \u00e9quipe de professionnels qualifi\u00e9s et un chiffre lui est attribu\u00e9 en fonction de sa capacit\u00e9 fonctionnelle. <\/p>\n\n          <\/li>\n          <li class=\"text-image__cta\">\n                          <a href=\"https:\/\/www.canadacupwcrugby.com\/fr\/classification\/\" target=\"\" class=\"button\">EN SAVOIR PLUS \u00c0 PROPOS DU CLASSIFICATION<\/a>\n            \n                      <\/li>\n        <\/ul>\n      <\/li>\n    <\/ul>\n  <\/div>\n<\/section>\n\n\n\n<section id=\"block_98c73a08bd159cd10e09b003370ba944\" class=\"block block--text-image align-full\" data-scroll>\n  <div class=\"text-image inner-container\">\n    <ul class=\"flex text-image__left\">\n      <li class=\"text-image--image\">\n        <figure class=\"text-image--small\">\n          <img decoding=\"async\" src=\"https:\/\/www.canadacupwcrugby.com\/wp-content\/uploads\/2022\/03\/Bogetti-Smith_20180615_Canada-Cup__0211.jpg\" alt=\"\">\n        <\/figure>\n      <\/li>\n      <li>\n        <ul class=\"text-image--info\">\n          <li>\n            <h3>Acheter un billet<\/h3>\n          <\/li>\n          <li>\n            <p>Venez voir l&rsquo;action en direct! La Coupe Canada est un \u00e9v\u00e9nement sportif passionnant et abordable pour toute la famille.<\/p>\n\n          <\/li>\n          <li class=\"text-image__cta\">\n                          <a href=\"https:\/\/www.canadacupwcrugby.com\/fr\/billets\/\" target=\"\" class=\"button\">Obtenez le v\u00f4tre d\u00e8s aujourd&rsquo;hui <\/a>\n            \n                      <\/li>\n        <\/ul>\n      <\/li>\n    <\/ul>\n  <\/div>\n<\/section>\n","protected":false},"excerpt":{"rendered":"","protected":false},"author":3,"featured_media":0,"parent":0,"menu_order":0,"comment_status":"closed","ping_status":"closed","template":"","meta":{"_acf_changed":false,"footnotes":""},"class_list":["post-3508","page","type-page","status-publish","hentry"],"acf":[],"yoast_head":"<!-- This site is optimized with the Yoast SEO plugin v27.4 - https:\/\/yoast.com\/product\/yoast-seo-wordpress\/ -->\n<title>COUPE DU CANADA DE 2022 | Canada Cup Wheelchair Rugby<\/title>\n<meta name=\"robots\" content=\"index, follow, max-snippet:-1, max-image-preview:large, max-video-preview:-1\" \/>\n<link rel=\"canonical\" href=\"https:\/\/www.canadacupwcrugby.com\/fr\/coupe-du-canada-de-2022\/\" \/>\n<meta property=\"og:locale\" content=\"fr_FR\" \/>\n<meta property=\"og:type\" content=\"article\" \/>\n<meta property=\"og:title\" content=\"COUPE DU CANADA DE 2022 | Canada Cup Wheelchair Rugby\" \/>\n<meta property=\"og:url\" content=\"https:\/\/www.canadacupwcrugby.com\/fr\/coupe-du-canada-de-2022\/\" \/>\n<meta property=\"og:site_name\" content=\"Canada Cup Wheelchair Rugby\" \/>\n<meta property=\"article:modified_time\" content=\"2024-05-07T17:58:38+00:00\" \/>\n<meta name=\"twitter:card\" content=\"summary_large_image\" \/>\n<script type=\"application\/ld+json\" class=\"yoast-schema-graph\">{\"@context\":\"https:\\\/\\\/schema.org\",\"@graph\":[{\"@type\":\"WebPage\",\"@id\":\"https:\\\/\\\/www.canadacupwcrugby.com\\\/fr\\\/coupe-du-canada-de-2022\\\/\",\"url\":\"https:\\\/\\\/www.canadacupwcrugby.com\\\/fr\\\/coupe-du-canada-de-2022\\\/\",\"name\":\"COUPE DU CANADA DE 2022 | Canada Cup Wheelchair Rugby\",\"isPartOf\":{\"@id\":\"https:\\\/\\\/www.canadacupwcrugby.com\\\/fr\\\/#website\"},\"datePublished\":\"2022-03-11T23:27:47+00:00\",\"dateModified\":\"2024-05-07T17:58:38+00:00\",\"breadcrumb\":{\"@id\":\"https:\\\/\\\/www.canadacupwcrugby.com\\\/fr\\\/coupe-du-canada-de-2022\\\/#breadcrumb\"},\"inLanguage\":\"fr-FR\",\"potentialAction\":[{\"@type\":\"ReadAction\",\"target\":[\"https:\\\/\\\/www.canadacupwcrugby.com\\\/fr\\\/coupe-du-canada-de-2022\\\/\"]}]},{\"@type\":\"BreadcrumbList\",\"@id\":\"https:\\\/\\\/www.canadacupwcrugby.com\\\/fr\\\/coupe-du-canada-de-2022\\\/#breadcrumb\",\"itemListElement\":[{\"@type\":\"ListItem\",\"position\":1,\"name\":\"Home\",\"item\":\"https:\\\/\\\/www.canadacupwcrugby.com\\\/fr\\\/\"},{\"@type\":\"ListItem\",\"position\":2,\"name\":\"COUPE DU CANADA DE 2022\"}]},{\"@type\":\"WebSite\",\"@id\":\"https:\\\/\\\/www.canadacupwcrugby.com\\\/fr\\\/#website\",\"url\":\"https:\\\/\\\/www.canadacupwcrugby.com\\\/fr\\\/\",\"name\":\"Canada Cup Wheelchair Rugby\",\"description\":\"Big hits, thrilling tries, and wild catches await at the 2022 Canada Cup as eight of the world\u2019s top teams compete for the prestigious title.\",\"potentialAction\":[{\"@type\":\"SearchAction\",\"target\":{\"@type\":\"EntryPoint\",\"urlTemplate\":\"https:\\\/\\\/www.canadacupwcrugby.com\\\/fr\\\/?s={search_term_string}\"},\"query-input\":{\"@type\":\"PropertyValueSpecification\",\"valueRequired\":true,\"valueName\":\"search_term_string\"}}],\"inLanguage\":\"fr-FR\"}]}<\/script>\n<!-- \/ Yoast SEO plugin. -->","yoast_head_json":{"title":"COUPE DU CANADA DE 2022 | Canada Cup Wheelchair Rugby","robots":{"index":"index","follow":"follow","max-snippet":"max-snippet:-1","max-image-preview":"max-image-preview:large","max-video-preview":"max-video-preview:-1"},"canonical":"https:\/\/www.canadacupwcrugby.com\/fr\/coupe-du-canada-de-2022\/","og_locale":"fr_FR","og_type":"article","og_title":"COUPE DU CANADA DE 2022 | Canada Cup Wheelchair Rugby","og_url":"https:\/\/www.canadacupwcrugby.com\/fr\/coupe-du-canada-de-2022\/","og_site_name":"Canada Cup Wheelchair Rugby","article_modified_time":"2024-05-07T17:58:38+00:00","twitter_card":"summary_large_image","schema":{"@context":"https:\/\/schema.org","@graph":[{"@type":"WebPage","@id":"https:\/\/www.canadacupwcrugby.com\/fr\/coupe-du-canada-de-2022\/","url":"https:\/\/www.canadacupwcrugby.com\/fr\/coupe-du-canada-de-2022\/","name":"COUPE DU CANADA DE 2022 | Canada Cup Wheelchair Rugby","isPartOf":{"@id":"https:\/\/www.canadacupwcrugby.com\/fr\/#website"},"datePublished":"2022-03-11T23:27:47+00:00","dateModified":"2024-05-07T17:58:38+00:00","breadcrumb":{"@id":"https:\/\/www.canadacupwcrugby.com\/fr\/coupe-du-canada-de-2022\/#breadcrumb"},"inLanguage":"fr-FR","potentialAction":[{"@type":"ReadAction","target":["https:\/\/www.canadacupwcrugby.com\/fr\/coupe-du-canada-de-2022\/"]}]},{"@type":"BreadcrumbList","@id":"https:\/\/www.canadacupwcrugby.com\/fr\/coupe-du-canada-de-2022\/#breadcrumb","itemListElement":[{"@type":"ListItem","position":1,"name":"Home","item":"https:\/\/www.canadacupwcrugby.com\/fr\/"},{"@type":"ListItem","position":2,"name":"COUPE DU CANADA DE 2022"}]},{"@type":"WebSite","@id":"https:\/\/www.canadacupwcrugby.com\/fr\/#website","url":"https:\/\/www.canadacupwcrugby.com\/fr\/","name":"Canada Cup Wheelchair Rugby","description":"Big hits, thrilling tries, and wild catches await at the 2022 Canada Cup as eight of the world\u2019s top teams compete for the prestigious title.","potentialAction":[{"@type":"SearchAction","target":{"@type":"EntryPoint","urlTemplate":"https:\/\/www.canadacupwcrugby.com\/fr\/?s={search_term_string}"},"query-input":{"@type":"PropertyValueSpecification","valueRequired":true,"valueName":"search_term_string"}}],"inLanguage":"fr-FR"}]}},"_links":{"self":[{"href":"https:\/\/www.canadacupwcrugby.com\/fr\/wp-json\/wp\/v2\/pages\/3508","targetHints":{"allow":["GET"]}}],"collection":[{"href":"https:\/\/www.canadacupwcrugby.com\/fr\/wp-json\/wp\/v2\/pages"}],"about":[{"href":"https:\/\/www.canadacupwcrugby.com\/fr\/wp-json\/wp\/v2\/types\/page"}],"author":[{"embeddable":true,"href":"https:\/\/www.canadacupwcrugby.com\/fr\/wp-json\/wp\/v2\/users\/3"}],"replies":[{"embeddable":true,"href":"https:\/\/www.canadacupwcrugby.com\/fr\/wp-json\/wp\/v2\/comments?post=3508"}],"version-history":[{"count":10,"href":"https:\/\/www.canadacupwcrugby.com\/fr\/wp-json\/wp\/v2\/pages\/3508\/revisions"}],"predecessor-version":[{"id":6627,"href":"https:\/\/www.canadacupwcrugby.com\/fr\/wp-json\/wp\/v2\/pages\/3508\/revisions\/6627"}],"wp:attachment":[{"href":"https:\/\/www.canadacupwcrugby.com\/fr\/wp-json\/wp\/v2\/media?parent=3508"}],"curies":[{"name":"wp","href":"https:\/\/api.w.org\/{rel}","templated":true}]}}