{"id":3490,"date":"2022-03-12T00:01:02","date_gmt":"2022-03-12T00:01:02","guid":{"rendered":"https:\/\/www.canadacupwcrugby.com\/?page_id=3490"},"modified":"2022-04-04T18:24:57","modified_gmt":"2022-04-04T18:24:57","slug":"trousse-de-presse","status":"publish","type":"page","link":"https:\/\/www.canadacupwcrugby.com\/fr\/trousse-de-presse\/","title":{"rendered":"TROUSSE DE PRESSE"},"content":{"rendered":"\n<section id=\"block_622be1cc934d0\" class=\"block block--hero align-full\" data-scroll>\n  <div class=\"hero\" >\n    <article class=\"hero__in inner-container\">\n      <ul class=\"hero__in__list\">\n        <li>\n          <ul class=\"hero__in--tags\">\n            \n          <\/ul>\n        <\/li>\n        <li>\n          <h1>M\u00e9dias <\/h1>\n        <\/li>\n                  <li>\n            <p class=\"lead\">Vous \u00eates int\u00e9ress\u00e9 \u00e0 couvrir la Coupe Canada? Consultez notre trousse de presse pour conna\u00eetre toutes les anecdotes, les coordonn\u00e9es et les ressources dont vous aurez besoin. \r\n\r\n<\/p>\n          <\/li>\n                      <\/ul>\n    <\/article>\n  <\/div>\n\n  <div class=\"hero__breadcrumbs\">\n    <p id=\"breadcrumbs\" class=\"inner-container\"><span><span><a href=\"https:\/\/www.canadacupwcrugby.com\/fr\/\">Home<\/a><\/span><\/span><\/p>\n  <\/div>\n<\/section>\n\n\n\n<div style=\"height:60px\" aria-hidden=\"true\" class=\"wp-block-spacer\"><\/div>\n\n\n\n<section id=\"block_622be23e934da\" class=\"inner-container block block--two-columns-text align-full\" data-scroll>\n  <div class=\"two-columns-text\">\n    <ul class=\"wide\">\n      <li><ul>\n<li>\n<h2>Couvrir la Coupe du Canada<\/h2>\n<\/li>\n<\/ul>\n<\/li>\n      <li><p>Nous accueillons les journalistes, les photographes et les membres des m\u00e9dias \u00e0 la Coupe Canada et nous vous encourageons \u00e0 en savoir plus sur le tournoi, le rugby en fauteuil roulant et tous ses incroyables athl\u00e8tes.<\/p>\n<p>La Coupe Canada est pleine d&rsquo;anecdotes int\u00e9ressantes et passionnantes que nous sommes impatients de vous faire d\u00e9couvrir. Qu&rsquo;il s&rsquo;agisse de nouveaux talents, d&rsquo;innovations tactiques ou de triomphes personnels, il y a beaucoup de r\u00e9cits diff\u00e9rents qui attendent de voir le jour. Notre \u00e9quipe de communication est plus qu&rsquo;heureuse de vous aider en ce qui concerne l&rsquo;accr\u00e9ditation, les demandes d&rsquo;entrevues, l&rsquo;acc\u00e8s \u00e0 notre banque d&rsquo;histoires et plus encore.<\/p>\n<p>&nbsp;<\/p>\n<\/li>\n    <\/ul>\n  <\/div>\n<\/section>\n\n\n\n<section id=\"block_622be2d0934e0\" class=\"block block--text-image align-full\" data-scroll>\n  <div class=\"text-image inner-container\">\n    <ul class=\"flex text-image__left\">\n      <li class=\"text-image--image\">\n        <figure class=\"text-image--large\">\n          <img decoding=\"async\" src=\"https:\/\/www.canadacupwcrugby.com\/wp-content\/uploads\/2022\/03\/Bogetti-Smith_20180614_Canada-Cup__0066-scaled.jpg\" alt=\"\">\n        <\/figure>\n      <\/li>\n      <li>\n        <ul class=\"text-image--info\">\n          <li>\n            <h3>Prenez contact avec nous <\/h3>\n          <\/li>\n          <li>\n            <p>Nathan Bragg<br \/>\nResponsable des communications<br \/>\nCourriel: <a href=\"mailto:Communications@bcwheelchairsports.com\">Communications@bcwheelchairsports.com<\/a><br \/>\nT\u00e9l\u00e9phone: 604-715-7298<\/p>\n\n          <\/li>\n          <li class=\"text-image__cta\">\n            \n                      <\/li>\n        <\/ul>\n      <\/li>\n    <\/ul>\n  <\/div>\n<\/section>\n\n\n\n<section id=\"block_62352740710fa\" class=\"block block--text-image align-full\" data-scroll>\n  <div class=\"text-image inner-container\">\n    <ul class=\"flex text-image__right\">\n      <li class=\"text-image--image\">\n        <figure class=\"text-image--large\">\n          <img decoding=\"async\" src=\"https:\/\/www.canadacupwcrugby.com\/wp-content\/uploads\/2022\/04\/ShayneSmith1.png\" alt=\"\">\n        <\/figure>\n      <\/li>\n      <li>\n        <ul class=\"text-image--info\">\n          <li>\n            <h3>Guide<\/h3>\n          <\/li>\n          <li>\n            <p>Notre guide de presse contient tout ce que vous devez savoir sur la couverture de la Coupe Canada. Nous avons des conseils et des pratiques exemplaires sur la couverture du sport pour athl\u00e8tes ayant un handicap et des athl\u00e8tes ayant un handicap, des suggestions concernant les athl\u00e8tes \u00e0 surveiller, des informations sur notre zone mixte, la webdiffusion et les zones photo!<\/p>\n\n          <\/li>\n          <li class=\"text-image__cta\">\n                          <a href=\"mailto:communications@bcwheelchairsports.com\" target=\"\" class=\"button\">En Savoir Plus<\/a>\n            \n                      <\/li>\n        <\/ul>\n      <\/li>\n    <\/ul>\n  <\/div>\n<\/section>\n\n\n\n<div class=\"wp-block-group inner-container\"><div class=\"wp-block-group__inner-container is-layout-flow wp-block-group-is-layout-flow\">\n<h3 class=\"wp-block-heading\">Nouvelles et communiqu\u00e9s de presse<\/h3>\n\n\n\n<p><\/p>\n\n\n\n<div style=\"height:60px\" aria-hidden=\"true\" class=\"wp-block-spacer\"><\/div>\n<\/div><\/div>\n","protected":false},"excerpt":{"rendered":"<p>Nouvelles et communiqu\u00e9s de presse<\/p>\n","protected":false},"author":3,"featured_media":0,"parent":0,"menu_order":0,"comment_status":"closed","ping_status":"closed","template":"page-media-kit.php","meta":{"_acf_changed":false,"footnotes":""},"class_list":["post-3490","page","type-page","status-publish","hentry"],"acf":[],"yoast_head":"<!-- This site is optimized with the Yoast SEO plugin v27.4 - https:\/\/yoast.com\/product\/yoast-seo-wordpress\/ -->\n<title>TROUSSE DE PRESSE | Canada Cup Wheelchair Rugby<\/title>\n<meta name=\"robots\" content=\"index, follow, max-snippet:-1, max-image-preview:large, max-video-preview:-1\" \/>\n<link rel=\"canonical\" href=\"https:\/\/www.canadacupwcrugby.com\/fr\/trousse-de-presse\/\" \/>\n<meta property=\"og:locale\" content=\"fr_FR\" \/>\n<meta property=\"og:type\" content=\"article\" \/>\n<meta property=\"og:title\" content=\"TROUSSE DE PRESSE | Canada Cup Wheelchair Rugby\" \/>\n<meta property=\"og:description\" content=\"Nouvelles et communiqu\u00e9s de presse\" \/>\n<meta property=\"og:url\" content=\"https:\/\/www.canadacupwcrugby.com\/fr\/trousse-de-presse\/\" \/>\n<meta property=\"og:site_name\" content=\"Canada Cup Wheelchair Rugby\" \/>\n<meta property=\"article:modified_time\" content=\"2022-04-04T18:24:57+00:00\" \/>\n<meta name=\"twitter:card\" content=\"summary_large_image\" \/>\n<script type=\"application\/ld+json\" class=\"yoast-schema-graph\">{\"@context\":\"https:\\\/\\\/schema.org\",\"@graph\":[{\"@type\":\"WebPage\",\"@id\":\"https:\\\/\\\/www.canadacupwcrugby.com\\\/fr\\\/trousse-de-presse\\\/\",\"url\":\"https:\\\/\\\/www.canadacupwcrugby.com\\\/fr\\\/trousse-de-presse\\\/\",\"name\":\"TROUSSE DE PRESSE | Canada Cup Wheelchair Rugby\",\"isPartOf\":{\"@id\":\"https:\\\/\\\/www.canadacupwcrugby.com\\\/fr\\\/#website\"},\"datePublished\":\"2022-03-12T00:01:02+00:00\",\"dateModified\":\"2022-04-04T18:24:57+00:00\",\"breadcrumb\":{\"@id\":\"https:\\\/\\\/www.canadacupwcrugby.com\\\/fr\\\/trousse-de-presse\\\/#breadcrumb\"},\"inLanguage\":\"fr-FR\",\"potentialAction\":[{\"@type\":\"ReadAction\",\"target\":[\"https:\\\/\\\/www.canadacupwcrugby.com\\\/fr\\\/trousse-de-presse\\\/\"]}]},{\"@type\":\"BreadcrumbList\",\"@id\":\"https:\\\/\\\/www.canadacupwcrugby.com\\\/fr\\\/trousse-de-presse\\\/#breadcrumb\",\"itemListElement\":[{\"@type\":\"ListItem\",\"position\":1,\"name\":\"Home\",\"item\":\"https:\\\/\\\/www.canadacupwcrugby.com\\\/fr\\\/\"},{\"@type\":\"ListItem\",\"position\":2,\"name\":\"TROUSSE DE PRESSE\"}]},{\"@type\":\"WebSite\",\"@id\":\"https:\\\/\\\/www.canadacupwcrugby.com\\\/fr\\\/#website\",\"url\":\"https:\\\/\\\/www.canadacupwcrugby.com\\\/fr\\\/\",\"name\":\"Canada Cup Wheelchair Rugby\",\"description\":\"Big hits, thrilling tries, and wild catches await at the 2022 Canada Cup as eight of the world\u2019s top teams compete for the prestigious title.\",\"potentialAction\":[{\"@type\":\"SearchAction\",\"target\":{\"@type\":\"EntryPoint\",\"urlTemplate\":\"https:\\\/\\\/www.canadacupwcrugby.com\\\/fr\\\/?s={search_term_string}\"},\"query-input\":{\"@type\":\"PropertyValueSpecification\",\"valueRequired\":true,\"valueName\":\"search_term_string\"}}],\"inLanguage\":\"fr-FR\"}]}<\/script>\n<!-- \/ Yoast SEO plugin. -->","yoast_head_json":{"title":"TROUSSE DE PRESSE | Canada Cup Wheelchair Rugby","robots":{"index":"index","follow":"follow","max-snippet":"max-snippet:-1","max-image-preview":"max-image-preview:large","max-video-preview":"max-video-preview:-1"},"canonical":"https:\/\/www.canadacupwcrugby.com\/fr\/trousse-de-presse\/","og_locale":"fr_FR","og_type":"article","og_title":"TROUSSE DE PRESSE | Canada Cup Wheelchair Rugby","og_description":"Nouvelles et communiqu\u00e9s de presse","og_url":"https:\/\/www.canadacupwcrugby.com\/fr\/trousse-de-presse\/","og_site_name":"Canada Cup Wheelchair Rugby","article_modified_time":"2022-04-04T18:24:57+00:00","twitter_card":"summary_large_image","schema":{"@context":"https:\/\/schema.org","@graph":[{"@type":"WebPage","@id":"https:\/\/www.canadacupwcrugby.com\/fr\/trousse-de-presse\/","url":"https:\/\/www.canadacupwcrugby.com\/fr\/trousse-de-presse\/","name":"TROUSSE DE PRESSE | Canada Cup Wheelchair Rugby","isPartOf":{"@id":"https:\/\/www.canadacupwcrugby.com\/fr\/#website"},"datePublished":"2022-03-12T00:01:02+00:00","dateModified":"2022-04-04T18:24:57+00:00","breadcrumb":{"@id":"https:\/\/www.canadacupwcrugby.com\/fr\/trousse-de-presse\/#breadcrumb"},"inLanguage":"fr-FR","potentialAction":[{"@type":"ReadAction","target":["https:\/\/www.canadacupwcrugby.com\/fr\/trousse-de-presse\/"]}]},{"@type":"BreadcrumbList","@id":"https:\/\/www.canadacupwcrugby.com\/fr\/trousse-de-presse\/#breadcrumb","itemListElement":[{"@type":"ListItem","position":1,"name":"Home","item":"https:\/\/www.canadacupwcrugby.com\/fr\/"},{"@type":"ListItem","position":2,"name":"TROUSSE DE PRESSE"}]},{"@type":"WebSite","@id":"https:\/\/www.canadacupwcrugby.com\/fr\/#website","url":"https:\/\/www.canadacupwcrugby.com\/fr\/","name":"Canada Cup Wheelchair Rugby","description":"Big hits, thrilling tries, and wild catches await at the 2022 Canada Cup as eight of the world\u2019s top teams compete for the prestigious title.","potentialAction":[{"@type":"SearchAction","target":{"@type":"EntryPoint","urlTemplate":"https:\/\/www.canadacupwcrugby.com\/fr\/?s={search_term_string}"},"query-input":{"@type":"PropertyValueSpecification","valueRequired":true,"valueName":"search_term_string"}}],"inLanguage":"fr-FR"}]}},"_links":{"self":[{"href":"https:\/\/www.canadacupwcrugby.com\/fr\/wp-json\/wp\/v2\/pages\/3490","targetHints":{"allow":["GET"]}}],"collection":[{"href":"https:\/\/www.canadacupwcrugby.com\/fr\/wp-json\/wp\/v2\/pages"}],"about":[{"href":"https:\/\/www.canadacupwcrugby.com\/fr\/wp-json\/wp\/v2\/types\/page"}],"author":[{"embeddable":true,"href":"https:\/\/www.canadacupwcrugby.com\/fr\/wp-json\/wp\/v2\/users\/3"}],"replies":[{"embeddable":true,"href":"https:\/\/www.canadacupwcrugby.com\/fr\/wp-json\/wp\/v2\/comments?post=3490"}],"version-history":[{"count":2,"href":"https:\/\/www.canadacupwcrugby.com\/fr\/wp-json\/wp\/v2\/pages\/3490\/revisions"}],"predecessor-version":[{"id":3496,"href":"https:\/\/www.canadacupwcrugby.com\/fr\/wp-json\/wp\/v2\/pages\/3490\/revisions\/3496"}],"wp:attachment":[{"href":"https:\/\/www.canadacupwcrugby.com\/fr\/wp-json\/wp\/v2\/media?parent=3490"}],"curies":[{"name":"wp","href":"https:\/\/api.w.org\/{rel}","templated":true}]}}