{"id":3421,"date":"2022-03-10T23:39:34","date_gmt":"2022-03-10T23:39:34","guid":{"rendered":"https:\/\/www.canadacupwcrugby.com\/?page_id=3421"},"modified":"2022-04-14T05:59:38","modified_gmt":"2022-04-14T05:59:38","slug":"page-daccueil","status":"publish","type":"page","link":"https:\/\/www.canadacupwcrugby.com\/fr\/","title":{"rendered":"Page d&rsquo;accueil"},"content":{"rendered":"\n<section id=\"block_622a8c64f1d78\" class=\"block block--homepage-hero align-full\" data-scroll>\n  <div class=\"homepage-hero\"  style=\"background-image: url(https:\/\/www.canadacupwcrugby.com\/wp-content\/uploads\/2022\/03\/Bogetti-Smith_20180616_Canada-Cup__0583.jpg)\" >\n    <article class=\"homepage-hero__in inner-container\">\n      <ul class=\"homepage-hero__in__list\">\n        <li>\n          <h1>Venez Voir L&rsquo;action<\/h1>\n        <\/li>\n        <li>\n          <p class=\"lead\">Venez voir \u00c9quipe Canada accueillir les meilleures \u00e9quipes de rugby en fauteuil roulant du monde \u00e0 l&rsquo;Anneau olympique de Richmond!<\/p>\n        <\/li>\n        <li>\n          <a href=\"https:\/\/www.canadacupwcrugby.com\/fr\/le-tournoi\/\" class=\"button\" target=\"_blank\">En Savoir Plus<\/a>\n        <\/li>\n      <\/ul>\n    <\/article>\n    <div class=\"homepage-hero__wrapper--img\">\n      <figure class=\"homepage-hero__feature-image\">\n                  <img decoding=\"async\" src=\"https:\/\/www.canadacupwcrugby.com\/wp-content\/uploads\/2022\/03\/Bogetti-Smith_20180616_Canada-Cup__0583.jpg\" alt=\"\">\n              <\/figure>\n    <\/div>\n  <\/div>\n<\/section>\n\n\n\n\n<section id=\"block_622bd85a048d1\" class=\"block block--match-results align-full\" data-scroll>\n  <div class=\"match-results\">\n    <section class=\"match-results__outer\">\n      <div class=\"direction carousel-button-prev\">\n        <span class=\"dashicons dashicons-arrow-left-alt\"><\/span>\n      <\/div>\n\n      <div class=\"carousel js-card-scrollable\">\n                                <\/div>\n\n      <div class=\"direction carousel-button-next\">\n        <span class=\"dashicons dashicons-arrow-right-alt\"><\/span>\n      <\/div>\n    <\/section>\n  <\/div>\n<\/section>\n\n\n\n<div style=\"height:100px\" aria-hidden=\"true\" class=\"wp-block-spacer\"><\/div>\n\n\n\n<div class=\"wp-block-group inner-container\"><div class=\"wp-block-group__inner-container is-layout-flow wp-block-group-is-layout-flow\">\n<p>SOIS PR\u00caT<\/p>\n\n\n\n<h2 class=\"homepage wp-block-heading\">Coupe de Canada de 2022<\/h2>\n\n\n\n<p>De gros coups s\u00fbrs, des essais palpitants et des attrap\u00e9s sauvages vous attendent \u00e0 la Coupe Canada 2022 alors que huit des meilleures \u00e9quipes du monde se disputent le prestigieux titre.<\/p>\n<\/div><\/div>\n\n\n\n<div style=\"height:60px\" aria-hidden=\"true\" class=\"wp-block-spacer\"><\/div>\n\n\n\n<div class=\"wp-block-group inner-container\"><div class=\"wp-block-group__inner-container is-layout-flow wp-block-group-is-layout-flow\">\n<h3 class=\"wp-block-heading\">Information<\/h3>\n<\/div><\/div>\n\n\n\n<div style=\"height:20px\" aria-hidden=\"true\" class=\"wp-block-spacer\"><\/div>\n\n\n\n<section id=\"block_622a900bf0b8e\" class=\"inner-container block block--two-columns-text align-full\" data-scroll>\n  <div class=\"two-columns-text\">\n    <ul class=\"\">\n      <li><h6>\u00c9quipes<\/h6>\n<p>La Coupe Canada accueille les meilleures \u00e9quipes de rugby en fauteuil roulant au monde et les plus grandes vedettes du sport!<br \/>\n<a href=\"https:\/\/www.canadacupwcrugby.com\/fr\/coupe-du-canada-de-2022\/equipes\/\">RENCONTREZ LES \u00c9QUIPES DE CETTE ANN\u00c9E<\/a><\/p>\n<p>&nbsp;<\/p>\n<h6>Classification<\/h6>\n<p>La classification joue un r\u00f4le crucial dans le Para Sport ! Apprenez-en plus sur le syst\u00e8me de classification du rugby en fauteuil roulant et sur la signification des chiffres de 0,5 \u00e0 3,5 !<\/p>\n<p><a href=\"https:\/\/www.canadacupwcrugby.com\/fr\/coupe-du-canada-de-2022\/classification\/\">APPRENDRE ENCORE PLUS<\/a><\/p>\n<\/li>\n      <li><h6>Officiels<\/h6>\n<p>Les officiels viennent de partout dans le monde \u00e0 la Coupe Canada! D\u00e9couvrez qui rejoint le tournoi de cette ann\u00e9e.<\/p>\n<p><a href=\"https:\/\/www.canadacupwcrugby.com\/fr\/?page_id=3456\">RENCONTREZ LES OFFICIELS<\/a><\/p>\n<\/li>\n    <\/ul>\n  <\/div>\n<\/section>\n\n\n\n<div style=\"height:100px\" aria-hidden=\"true\" class=\"wp-block-spacer\"><\/div>\n\n\n\n\n\n\n<section id=\"block_622b8b115745d\" class=\"block block--featured-posts align-full\" data-scroll>\n  <div class=\"featured-posts\">\n    <article class=\"featured-posts__inner\">\n      <div class=\"featured-posts__inner--heading\">\n        <h3>Qu&rsquo;est ce qu&rsquo;arrive<\/h3>\n                  <a href=\"https:\/\/www.canadacupwcrugby.com\/fr\/nouvelles-and-evenements\/\">Voir plus<\/a>\n              <\/div>\n\n      <div class=\"carousel js-card-scrollable featured-posts__list\">\n        <div class=\"carousel-cell\">\n          <a href=\"https:\/\/www.canadacupwcrugby.com\/fr\/news-events\/les-etats-unis-remportent-la-coupe-canada-de-2018\/\">\n            <figure>\n              <img decoding=\"async\" src=\"https:\/\/www.canadacupwcrugby.com\/wp-content\/uploads\/2022\/03\/Bogetti-Smith_20180808_Wheelchair-Rugby__0634-1024x714-1.png\" alt=\"\">\n            <\/figure>\n\n            <ul class=\"featured-posts__list--text\">\n              <li>\n                <span>04.07.26<\/span>\n              <\/li>\n              <li>\n                <p class=\"lead\">Les \u00c9tats-Unis remportent la Coupe Canada de 2018<\/p>\n              <\/li>\n              <li>\n                <p class=\"anchor\">READ MORE<\/p>\n              <\/li>\n            <\/ul>\n          <\/a>\n        <\/div>\n\n        <div class=\"carousel-cell\">\n          <a href=\"https:\/\/www.canadacupwcrugby.com\/fr\/news-events\/nous-vous-preentons-les-femmes-du-rugby-en-fauteuil-roulant\/\">\n            <figure>\n              <img decoding=\"async\" src=\"https:\/\/www.canadacupwcrugby.com\/wp-content\/uploads\/2024\/06\/Bogetti-Smith-20240607-Wheelchair-Rugby-02346.jpg\" alt=\"\">\n            <\/figure>\n\n            <ul class=\"featured-posts__list--text\">\n              <li>\n                <span>04.07.26<\/span>\n              <\/li>\n              <li>\n                <p class=\"lead\">Nous vous\u00a0 pr\u00e9entons les femmes du rugby en fauteuil roulant<\/p>\n              <\/li>\n              <li>\n                <p class=\"anchor\">READ MORE<\/p>\n              <\/li>\n            <\/ul>\n          <\/a>\n        <\/div>\n\n        <div class=\"carousel-cell\">\n          <a href=\"https:\/\/www.canadacupwcrugby.com\/fr\/news-events\/un-mois-avant-la-coupe-canada-2024\/\">\n            <figure>\n              <img decoding=\"async\" src=\"https:\/\/www.canadacupwcrugby.com\/wp-content\/uploads\/2024\/05\/Bogetti-Smith-20220604-Wheelchair-Rugby-0420.jpg\" alt=\"\">\n            <\/figure>\n\n            <ul class=\"featured-posts__list--text\">\n              <li>\n                <span>04.07.26<\/span>\n              <\/li>\n              <li>\n                <p class=\"lead\">Un mois avant la Coupe Canada 2024<\/p>\n              <\/li>\n              <li>\n                <p class=\"anchor\">READ MORE<\/p>\n              <\/li>\n            <\/ul>\n          <\/a>\n        <\/div>\n      <\/div>\n\n      <div class=\"featured-posts__buttons\">\n        <div class=\"direction carousel-button-prev\">\n          <span class=\"dashicons dashicons-arrow-left-alt\"><\/span>\n        <\/div>\n\n        <div class=\"direction carousel-button-next\">\n          <span class=\"dashicons dashicons-arrow-right-alt\"><\/span>\n        <\/div>\n      <\/div>\n    <\/article>\n  <\/div>\n<\/section>\n\n\n\n\n<section id=\"block_622a95c5f0b97\" class=\"block block--text-image align-full\" data-scroll>\n  <div class=\"text-image inner-container\">\n    <ul class=\"flex text-image__left\">\n      <li class=\"text-image--image\">\n        <figure class=\"text-image--large\">\n          <img decoding=\"async\" src=\"https:\/\/www.canadacupwcrugby.com\/wp-content\/uploads\/2022\/03\/Bogetti-Smith_20180616_Canada-Cup__0675-scaled.jpg\" alt=\"\">\n        <\/figure>\n      <\/li>\n      <li>\n        <ul class=\"text-image--info\">\n          <li>\n            <h3>Informations pour les visiteurs  <\/h3>\n          <\/li>\n          <li>\n            <p>Nous sommes impatients de vous accueillir dans la r\u00e9gion du Grand Vancouver pour la Coupe Canada! Au-del\u00e0 de l&rsquo;excitation et des frissons de la comp\u00e9tition, il y a aussi beaucoup \u00e0 faire et \u00e0 voir dans la r\u00e9gion. D\u00e9couvrez comment vous rendre sur le site, o\u00f9 vous pouvez s\u00e9journer et l&rsquo;accessibilit\u00e9 \u00e0 Vancouver et \u00e0 Richmond!<\/p>\n<p>&nbsp;<\/p>\n\n          <\/li>\n          <li class=\"text-image__cta\">\n                          <a href=\"https:\/\/www.canadacupwcrugby.com\/fr\/informations-pour-les-visiteurs\/\" target=\"\" class=\"button\">Commencez \u00e0 explorer<\/a>\n            \n                      <\/li>\n        <\/ul>\n      <\/li>\n    <\/ul>\n  <\/div>\n<\/section>\n\n\n\n\n<section id=\"block_622b8bace1356\" class=\"inner-container block block--tournaments align-full\" data-scroll>\n  <div class=\"tournaments\">\n    <div class=\"tournaments__header\">\n      <h3>Comp\u00e9titions pr\u00e9c\u00e9dentes   <\/h3>\n      <a href=\"https:\/\/www.canadacupwcrugby.com\/fr\/competitionsprecedentes\/\" target=\"\">Voir tous<\/a>\n    <\/div>\n\n    <div class=\"carousel js-card-scrollable tournaments__list\">\n                      <div class=\"carousel-cell\">\n          <a href=\"https:\/\/www.canadacupwcrugby.com\/fr\/past-competitions\/2018-coupecanadafr\/\">\n            <figure>\n              <img decoding=\"async\" src=\"https:\/\/www.canadacupwcrugby.com\/wp-content\/uploads\/2022\/03\/Bogetti-Smith_20180615_Canada-Cup__0303.jpg\" alt=\"\" \/>\n            <\/figure>\n            <ul class=\"tournaments__list--text\">\n              <li>\n                <h5>Coupe Canada de 2018<\/h5>\n              <\/li>\n            <\/ul>\n          <\/a>\n        <\/div>\n      \n                      <div class=\"carousel-cell\">\n          <a href=\"https:\/\/www.canadacupwcrugby.com\/fr\/past-competitions\/coupe-canada-de-2016\/\">\n            <figure>\n              <img decoding=\"async\" src=\"https:\/\/www.canadacupwcrugby.com\/wp-content\/uploads\/2022\/04\/Bogetti-Smith_Wheelchair-Rugby_20160626_1857.jpg\" alt=\"\" \/>\n            <\/figure>\n            <ul class=\"tournaments__list--text\">\n              <li>\n                <h5>Coupe Canada de 2016<\/h5>\n              <\/li>\n            <\/ul>\n          <\/a>\n        <\/div>\n      \n                      <div class=\"carousel-cell\">\n          <a href=\"https:\/\/www.canadacupwcrugby.com\/fr\/competitions-precedentes\/\">\n            <figure>\n              <img decoding=\"async\" src=\"\" alt=\"\" \/>\n            <\/figure>\n            <ul class=\"tournaments__list--text\">\n              <li>\n                <h5>Comp\u00e9titions pr\u00e9c\u00e9dentes<\/h5>\n              <\/li>\n            <\/ul>\n          <\/a>\n        <\/div>\n          <\/div>\n\n    <div class=\"tournaments__buttons\">\n      <div class=\"direction carousel-button-prev\">\n        <span class=\"dashicons dashicons-arrow-left-alt\"><\/span>\n      <\/div>\n\n      <div class=\"direction carousel-button-next\">\n        <span class=\"dashicons dashicons-arrow-right-alt\"><\/span>\n      <\/div>\n    <\/div>\n  <\/div>\n<\/section>\n\n\n<section id=\"block_622a9635f0b99\" class=\"block block--text-image align-full\" data-scroll>\n  <div class=\"text-image inner-container\">\n    <ul class=\"flex text-image__right\">\n      <li class=\"text-image--image\">\n        <figure class=\"text-image--large\">\n          <img decoding=\"async\" src=\"https:\/\/www.canadacupwcrugby.com\/wp-content\/uploads\/2022\/03\/Bogetti-Smith_Wheelchair-Rugby_20160624_0648-scaled.jpg\" alt=\"\">\n        <\/figure>\n      <\/li>\n      <li>\n        <ul class=\"text-image--info\">\n          <li>\n            <h3> \u00c0 propos du tournoi<\/h3>\n          <\/li>\n          <li>\n            <p>La Coupe Canada est l&rsquo;un des tournois de rugby en fauteuil roulant les plus prestigieux au monde, attirant les meilleures \u00e9quipes du monde au Canada tous les deux ans! Depuis 2004, il s&rsquo;agit d&rsquo;un important test pour les \u00e9quipes en route vers les Jeux paralympiques et\/ou les Championnats du monde de rugby en fauteuil roulant.<\/p>\n\n          <\/li>\n          <li class=\"text-image__cta\">\n                          <a href=\"https:\/\/www.canadacupwcrugby.com\/fr\/le-tournoi\/\" target=\"\" class=\"button\">En Savoir Plus<\/a>\n            \n                          <h6><a href=\"https:\/\/www.canadacupwcrugby.com\/fr\/billets\/\">Billets<\/a><\/h6>\n                      <\/li>\n        <\/ul>\n      <\/li>\n    <\/ul>\n  <\/div>\n<\/section>\n\n\n\n<section id=\"block_622a9ac7fa884\" class=\"block block--slide-sponsors align-full\" data-scroll>\n  <div class=\"slide-sponsors\">\n    <h4>Merci \u00e0 nos commanditaires<\/h4>\n    <p class=\"slide-sponsors__body\"><\/p>\n\n    <section class=\"slide-sponsors__outer\">\n      <div class=\"direction carousel-button-prev\">\n        <span class=\"dashicons dashicons-arrow-left-alt\"><\/span>\n      <\/div>\n\n      <div class=\"carousel js-card-scrollable slide-sponsors__list\">\n                            <div class=\"carousel-cell\">\n            <a href=\"https:\/\/www2.gov.bc.ca\/gov\/content\/home\" target=\"_blank\">\n              <figure>\n                <img decoding=\"async\" src=\"https:\/\/www.canadacupwcrugby.com\/wp-content\/uploads\/2022\/03\/british-columbia.png\" alt=\"British Columbia logo\" \/>\n              <\/figure>\n            <\/a>\n          <\/div>\n                            <div class=\"carousel-cell\">\n            <a href=\"https:\/\/www.canada.ca\/en.html\" target=\"_blank\">\n              <figure>\n                <img decoding=\"async\" src=\"https:\/\/www.canadacupwcrugby.com\/wp-content\/uploads\/2022\/03\/canada.png\" alt=\"Canada logo\" \/>\n              <\/figure>\n            <\/a>\n          <\/div>\n                            <div class=\"carousel-cell\">\n            <a href=\"https:\/\/richmondsporthosting.ca\/\" target=\"_blank\">\n              <figure>\n                <img decoding=\"async\" src=\"https:\/\/www.canadacupwcrugby.com\/wp-content\/uploads\/2022\/03\/richmond-sport-hosting-1.png\" alt=\"Richmond Sport Hosting logo\" \/>\n              <\/figure>\n            <\/a>\n          <\/div>\n                            <div class=\"carousel-cell\">\n            <a href=\"https:\/\/vmcrugbychairs.com\/\" target=\"_blank\">\n              <figure>\n                <img decoding=\"async\" src=\"https:\/\/www.canadacupwcrugby.com\/wp-content\/uploads\/2022\/03\/sponsor07.png\" alt=\"\" \/>\n              <\/figure>\n            <\/a>\n          <\/div>\n                            <div class=\"carousel-cell\">\n            <a href=\"\" target=\"_blank\">\n              <figure>\n                <img decoding=\"async\" src=\"\" alt=\"\" \/>\n              <\/figure>\n            <\/a>\n          <\/div>\n                            <div class=\"carousel-cell\">\n            <a href=\"\" target=\"_blank\">\n              <figure>\n                <img decoding=\"async\" src=\"\" alt=\"\" \/>\n              <\/figure>\n            <\/a>\n          <\/div>\n                            <div class=\"carousel-cell\">\n            <a href=\"\" target=\"_blank\">\n              <figure>\n                <img decoding=\"async\" src=\"\" alt=\"\" \/>\n              <\/figure>\n            <\/a>\n          <\/div>\n                            <div class=\"carousel-cell\">\n            <a href=\"\" target=\"_blank\">\n              <figure>\n                <img decoding=\"async\" src=\"\" alt=\"\" \/>\n              <\/figure>\n            <\/a>\n          <\/div>\n                            <div class=\"carousel-cell\">\n            <a href=\"\" target=\"_blank\">\n              <figure>\n                <img decoding=\"async\" src=\"\" alt=\"\" \/>\n              <\/figure>\n            <\/a>\n          <\/div>\n                            <div class=\"carousel-cell\">\n            <a href=\"\" target=\"_blank\">\n              <figure>\n                <img decoding=\"async\" src=\"\" alt=\"\" \/>\n              <\/figure>\n            <\/a>\n          <\/div>\n              <\/div>\n\n      <div class=\"direction carousel-button-next\">\n        <span class=\"dashicons dashicons-arrow-right-alt\"><\/span>\n      <\/div>\n    <\/section>\n\n          <div class=\"slide-sponsors__button\">\n        <a href=\"https:\/\/www.canadacupwcrugby.com\/fr\/le-tournoi\/commanditaires\/\" target=\"\" class=\"button hollow\">Voir tous nos commanditaires<\/a>\n      <\/div>\n    \n  <\/div>\n<\/section>\n\n\n<div style=\"height:60px\" aria-hidden=\"true\" class=\"wp-block-spacer\"><\/div>\n","protected":false},"excerpt":{"rendered":"<p>SOIS PR\u00caT Coupe de Canada de 2022 De gros coups s\u00fbrs, des essais palpitants et des attrap\u00e9s sauvages vous attendent \u00e0 la Coupe Canada 2022 alors que huit des meilleures \u00e9quipes du monde se disputent le prestigieux titre. Information<\/p>\n","protected":false},"author":1,"featured_media":0,"parent":0,"menu_order":0,"comment_status":"closed","ping_status":"closed","template":"","meta":{"_acf_changed":false,"footnotes":""},"class_list":["post-3421","page","type-page","status-publish","hentry"],"acf":[],"yoast_head":"<!-- This site is optimized with the Yoast SEO plugin v27.2 - https:\/\/yoast.com\/product\/yoast-seo-wordpress\/ -->\n<title>Page d&#039;accueil | Canada Cup Wheelchair Rugby<\/title>\n<meta name=\"robots\" content=\"index, follow, max-snippet:-1, max-image-preview:large, max-video-preview:-1\" \/>\n<link rel=\"canonical\" href=\"https:\/\/www.canadacupwcrugby.com\/fr\/\" \/>\n<meta property=\"og:locale\" content=\"fr_FR\" \/>\n<meta property=\"og:type\" content=\"article\" \/>\n<meta property=\"og:title\" content=\"Page d&#039;accueil | Canada Cup Wheelchair Rugby\" \/>\n<meta property=\"og:description\" content=\"SOIS PR\u00caT Coupe de Canada de 2022 De gros coups s\u00fbrs, des essais palpitants et des attrap\u00e9s sauvages vous attendent \u00e0 la Coupe Canada 2022 alors que huit des meilleures \u00e9quipes du monde se disputent le prestigieux titre. Information\" \/>\n<meta property=\"og:url\" content=\"https:\/\/www.canadacupwcrugby.com\/fr\/\" \/>\n<meta property=\"og:site_name\" content=\"Canada Cup Wheelchair Rugby\" \/>\n<meta property=\"article:modified_time\" content=\"2022-04-14T05:59:38+00:00\" \/>\n<meta name=\"twitter:card\" content=\"summary_large_image\" \/>\n<script type=\"application\/ld+json\" class=\"yoast-schema-graph\">{\"@context\":\"https:\/\/schema.org\",\"@graph\":[{\"@type\":\"WebPage\",\"@id\":\"https:\/\/www.canadacupwcrugby.com\/fr\/\",\"url\":\"https:\/\/www.canadacupwcrugby.com\/fr\/\",\"name\":\"Page d'accueil | Canada Cup Wheelchair Rugby\",\"isPartOf\":{\"@id\":\"https:\/\/www.canadacupwcrugby.com\/fr\/#website\"},\"datePublished\":\"2022-03-10T23:39:34+00:00\",\"dateModified\":\"2022-04-14T05:59:38+00:00\",\"breadcrumb\":{\"@id\":\"https:\/\/www.canadacupwcrugby.com\/fr\/#breadcrumb\"},\"inLanguage\":\"fr-FR\",\"potentialAction\":[{\"@type\":\"ReadAction\",\"target\":[\"https:\/\/www.canadacupwcrugby.com\/fr\/\"]}]},{\"@type\":\"BreadcrumbList\",\"@id\":\"https:\/\/www.canadacupwcrugby.com\/fr\/#breadcrumb\",\"itemListElement\":[{\"@type\":\"ListItem\",\"position\":1,\"name\":\"Home\",\"item\":\"https:\/\/www.canadacupwcrugby.com\/fr\/\"},{\"@type\":\"ListItem\",\"position\":2,\"name\":\"Page d&rsquo;accueil\"}]},{\"@type\":\"WebSite\",\"@id\":\"https:\/\/www.canadacupwcrugby.com\/fr\/#website\",\"url\":\"https:\/\/www.canadacupwcrugby.com\/fr\/\",\"name\":\"Canada Cup Wheelchair Rugby\",\"description\":\"Big hits, thrilling tries, and wild catches await at the 2022 Canada Cup as eight of the world\u2019s top teams compete for the prestigious title.\",\"potentialAction\":[{\"@type\":\"SearchAction\",\"target\":{\"@type\":\"EntryPoint\",\"urlTemplate\":\"https:\/\/www.canadacupwcrugby.com\/fr\/?s={search_term_string}\"},\"query-input\":{\"@type\":\"PropertyValueSpecification\",\"valueRequired\":true,\"valueName\":\"search_term_string\"}}],\"inLanguage\":\"fr-FR\"}]}<\/script>\n<!-- \/ Yoast SEO plugin. -->","yoast_head_json":{"title":"Page d'accueil | Canada Cup Wheelchair Rugby","robots":{"index":"index","follow":"follow","max-snippet":"max-snippet:-1","max-image-preview":"max-image-preview:large","max-video-preview":"max-video-preview:-1"},"canonical":"https:\/\/www.canadacupwcrugby.com\/fr\/","og_locale":"fr_FR","og_type":"article","og_title":"Page d'accueil | Canada Cup Wheelchair Rugby","og_description":"SOIS PR\u00caT Coupe de Canada de 2022 De gros coups s\u00fbrs, des essais palpitants et des attrap\u00e9s sauvages vous attendent \u00e0 la Coupe Canada 2022 alors que huit des meilleures \u00e9quipes du monde se disputent le prestigieux titre. Information","og_url":"https:\/\/www.canadacupwcrugby.com\/fr\/","og_site_name":"Canada Cup Wheelchair Rugby","article_modified_time":"2022-04-14T05:59:38+00:00","twitter_card":"summary_large_image","schema":{"@context":"https:\/\/schema.org","@graph":[{"@type":"WebPage","@id":"https:\/\/www.canadacupwcrugby.com\/fr\/","url":"https:\/\/www.canadacupwcrugby.com\/fr\/","name":"Page d'accueil | Canada Cup Wheelchair Rugby","isPartOf":{"@id":"https:\/\/www.canadacupwcrugby.com\/fr\/#website"},"datePublished":"2022-03-10T23:39:34+00:00","dateModified":"2022-04-14T05:59:38+00:00","breadcrumb":{"@id":"https:\/\/www.canadacupwcrugby.com\/fr\/#breadcrumb"},"inLanguage":"fr-FR","potentialAction":[{"@type":"ReadAction","target":["https:\/\/www.canadacupwcrugby.com\/fr\/"]}]},{"@type":"BreadcrumbList","@id":"https:\/\/www.canadacupwcrugby.com\/fr\/#breadcrumb","itemListElement":[{"@type":"ListItem","position":1,"name":"Home","item":"https:\/\/www.canadacupwcrugby.com\/fr\/"},{"@type":"ListItem","position":2,"name":"Page d&rsquo;accueil"}]},{"@type":"WebSite","@id":"https:\/\/www.canadacupwcrugby.com\/fr\/#website","url":"https:\/\/www.canadacupwcrugby.com\/fr\/","name":"Canada Cup Wheelchair Rugby","description":"Big hits, thrilling tries, and wild catches await at the 2022 Canada Cup as eight of the world\u2019s top teams compete for the prestigious title.","potentialAction":[{"@type":"SearchAction","target":{"@type":"EntryPoint","urlTemplate":"https:\/\/www.canadacupwcrugby.com\/fr\/?s={search_term_string}"},"query-input":{"@type":"PropertyValueSpecification","valueRequired":true,"valueName":"search_term_string"}}],"inLanguage":"fr-FR"}]}},"_links":{"self":[{"href":"https:\/\/www.canadacupwcrugby.com\/fr\/wp-json\/wp\/v2\/pages\/3421","targetHints":{"allow":["GET"]}}],"collection":[{"href":"https:\/\/www.canadacupwcrugby.com\/fr\/wp-json\/wp\/v2\/pages"}],"about":[{"href":"https:\/\/www.canadacupwcrugby.com\/fr\/wp-json\/wp\/v2\/types\/page"}],"author":[{"embeddable":true,"href":"https:\/\/www.canadacupwcrugby.com\/fr\/wp-json\/wp\/v2\/users\/1"}],"replies":[{"embeddable":true,"href":"https:\/\/www.canadacupwcrugby.com\/fr\/wp-json\/wp\/v2\/comments?post=3421"}],"version-history":[{"count":34,"href":"https:\/\/www.canadacupwcrugby.com\/fr\/wp-json\/wp\/v2\/pages\/3421\/revisions"}],"predecessor-version":[{"id":4634,"href":"https:\/\/www.canadacupwcrugby.com\/fr\/wp-json\/wp\/v2\/pages\/3421\/revisions\/4634"}],"wp:attachment":[{"href":"https:\/\/www.canadacupwcrugby.com\/fr\/wp-json\/wp\/v2\/media?parent=3421"}],"curies":[{"name":"wp","href":"https:\/\/api.w.org\/{rel}","templated":true}]}}