{"id":3406,"date":"2022-03-15T18:19:24","date_gmt":"2022-03-15T18:19:24","guid":{"rendered":"https:\/\/www.canadacupwcrugby.com\/?page_id=3406"},"modified":"2022-04-15T14:32:24","modified_gmt":"2022-04-15T14:32:24","slug":"classification","status":"publish","type":"page","link":"https:\/\/www.canadacupwcrugby.com\/fr\/coupe-du-canada-de-2022\/classification\/","title":{"rendered":"Classification"},"content":{"rendered":"\n<section id=\"block_622c348cb851e\" class=\"block block--hero align-full\" data-scroll>\n  <div class=\"hero\"  style=\"background-image: url(https:\/\/www.canadacupwcrugby.com\/wp-content\/uploads\/2022\/03\/Frame-209.png)\" >\n    <article class=\"hero__in inner-container\">\n      <ul class=\"hero__in__list\">\n        <li>\n          <ul class=\"hero__in--tags\">\n            \n          <\/ul>\n        <\/li>\n        <li>\n          <h1>Classification<\/h1>\n        <\/li>\n                      <\/ul>\n    <\/article>\n  <\/div>\n\n  <div class=\"hero__breadcrumbs\">\n    <p id=\"breadcrumbs\" class=\"inner-container\"><span><span><a href=\"https:\/\/www.canadacupwcrugby.com\/fr\/\">Home<\/a><\/span><\/span><\/p>\n  <\/div>\n<\/section>\n\n\n\n<div style=\"height:60px\" aria-hidden=\"true\" class=\"wp-block-spacer\"><\/div>\n\n\n\n<section id=\"block_6230d199aab63\" class=\"inner-container block block--two-columns-text align-full\" data-scroll>\n  <div class=\"two-columns-text\">\n    <ul class=\"wide\">\n      <li><h2>Classificateurs<\/h2>\n<p>Les classificateurs ont un r\u00f4le int\u00e9gral et unique dans le sport pour athl\u00e8tes ayant un handicap. Ils sont charg\u00e9s d&rsquo;\u00e9valuer les athl\u00e8tes et de s&rsquo;assurer qu&rsquo;ils sont plac\u00e9s dans la cat\u00e9gorie (classe) sportive appropri\u00e9e selon le syst\u00e8me de classification du rugby en fauteuil roulant! Les classificateurs viennent \u00e0 la Coupe Canada de partout au monde et ont une formation en physioth\u00e9rapie et\/ou ergoth\u00e9rapie, physiatrie, m\u00e9decine et autres domaines connexes.<\/p>\n<\/li>\n      <li><\/li>\n    <\/ul>\n  <\/div>\n<\/section>\n\n\n\n<div style=\"height:60px\" aria-hidden=\"true\" class=\"wp-block-spacer\"><\/div>\n\n\n\n<section id=\"block_6230d235aab65\" class=\"inner-container block block--two-columns-text align-full\" data-scroll>\n  <div class=\"two-columns-text\">\n    <ul class=\"wide\">\n      <li><h2>Syst\u00e8me de classification<\/h2>\n<p>Le rugby en fauteuil roulant utilise un syst\u00e8me de classification pour s&rsquo;assurer que les athl\u00e8tes ayant diff\u00e9rents types de handicaps peuvent concourir ensemble. Lorsqu&rsquo;un athl\u00e8te commence \u00e0 jouer au rugby en fauteuil roulant, il est \u00e9valu\u00e9 par une \u00e9quipe de professionnels qualifi\u00e9s et un chiffre lui est attribu\u00e9 en fonction de sa capacit\u00e9 fonctionnelle.<\/p>\n<p>Ce chiffre va de 0.5 (pour les athl\u00e8tes ayant le moins de fonctions) \u00e0 3.5 (pour les athl\u00e8tes ayant le plus de fonctions) et augmente par tranches de 0.5. Les quatre athl\u00e8tes pr\u00e9sents en m\u00eame temps sur le terrain ne doivent pas totaliser plus de 8.0 points (pour chaque athl\u00e8te f\u00e9minine sur le terrain, les \u00e9quipes ont droit \u00e0 0.5 point suppl\u00e9mentaire). Pour pouvoir jouer au rugby en fauteuil roulant, les athl\u00e8tes doivent \u00eatre handicap\u00e9s d&rsquo;au moins trois membres. M\u00eame avec cette restriction, il existe un large \u00e9ventail de fonctions entre les athl\u00e8tes.<\/p>\n<\/li>\n      <li><\/li>\n    <\/ul>\n  <\/div>\n<\/section>\n\n\n\n<div style=\"height:60px\" aria-hidden=\"true\" class=\"wp-block-spacer\"><\/div>\n\n\n\n<section id=\"block_6230d592cc8be\" class=\"inner-container block block--classifiers align-full\" data-scroll>\n  <div class=\"classifiers\">\n          <h3>Rencontrez les classificateurs <\/h3>\n      <dl class=\"classifiers__list\">\n        <dt class=\"classifiers__list--title\">\n          <ul>\n            <li>\n              <p>Nom<\/p>\n            <\/li>\n            <li>\n              <p>R\u00f4le<\/p>\n            <\/li>\n            <li>\n              <p>Pays<\/p>\n            <\/li>\n          <\/ul>\n        <\/dt>\n\n                  <dd>\n            <ul>\n              <li>\n                <p>Julie Bakke<\/p>\n              <\/li>\n              <li>\n                <p>Classificateur Chef<\/p>\n              <\/li>\n              <li>\n                <p>Canada<\/p>\n              <\/li>\n            <\/ul>\n          <\/dd>\n                  <dd>\n            <ul>\n              <li>\n                <p>Sean Bevan<\/p>\n              <\/li>\n              <li>\n                <p>Classificateur<\/p>\n              <\/li>\n              <li>\n                <p>Canada<\/p>\n              <\/li>\n            <\/ul>\n          <\/dd>\n                  <dd>\n            <ul>\n              <li>\n                <p>Deborah Bowditch<\/p>\n              <\/li>\n              <li>\n                <p>Classificateur<\/p>\n              <\/li>\n              <li>\n                <p>Grande-Bretagne<\/p>\n              <\/li>\n            <\/ul>\n          <\/dd>\n                  <dd>\n            <ul>\n              <li>\n                <p>Jana Green<\/p>\n              <\/li>\n              <li>\n                <p>Classificateur<\/p>\n              <\/li>\n              <li>\n                <p>Afrique du Sud<\/p>\n              <\/li>\n            <\/ul>\n          <\/dd>\n                  <dd>\n            <ul>\n              <li>\n                <p>Paul Sawicki<\/p>\n              <\/li>\n              <li>\n                <p>Classificateur<\/p>\n              <\/li>\n              <li>\n                <p>\u00c9tats-Unis<\/p>\n              <\/li>\n            <\/ul>\n          <\/dd>\n                  <dd>\n            <ul>\n              <li>\n                <p>Nava Hymowitz<\/p>\n              <\/li>\n              <li>\n                <p>Classificateur<\/p>\n              <\/li>\n              <li>\n                <p>Canada<\/p>\n              <\/li>\n            <\/ul>\n          <\/dd>\n                  <dd>\n            <ul>\n              <li>\n                <p>Nina Enerson<\/p>\n              <\/li>\n              <li>\n                <p>Classificateur<\/p>\n              <\/li>\n              <li>\n                <p>Norv\u00e8ge<\/p>\n              <\/li>\n            <\/ul>\n          <\/dd>\n              <\/dl>\n      <\/div>\n<\/section>\n\n\n<div style=\"height:60px\" aria-hidden=\"true\" class=\"wp-block-spacer\"><\/div>\n\n\n\n<section id=\"block_6230d3f86f654\" class=\"block block--link-contact align-full\" data-scroll>\n  <div class=\"link-contact\" >\n    <div class=\"link-contact__inner\">\n      <article class=\"link-contact__up\">\n        <dl class=\"link-contact__up--max2\">\n          <dt>\n            <h5>Liens<\/h5>\n          <\/dt>\n          <dd>\n            <ul>\n                              <li>\n                  <a href=\"https:\/\/worldwheelchair.rugby\/the-game-classifications\/\" target=\"_blank\">A Guide to Classification<\/a>\n                <\/li>\n                              <li>\n                  <a href=\"https:\/\/www.paralympic.org\/wheelchair-rugby\/classification\" target=\"\">Wheelchair Rugby Classification<\/a>\n                <\/li>\n              \n                          <\/ul>\n          <\/dd>\n\n          <dt>\n            <h5>T\u00e9l\u00e9chargements<\/h5>\n          <\/dt>\n          <dd>\n            <ul>\n                              <li>\n                  <a href=\"https:\/\/www.canadacupwcrugby.com\/wp-content\/uploads\/2022\/03\/2022-Canada-Cup-Registration-Package-Final.pdf\" target=\"_blank\">World Wheelchair Rugby Classification Rules &#8211; 2022<\/a>\n                <\/li>\n              \n                                                <li><\/li>\n                                          <\/ul>\n          <\/dd>\n        <\/dl>\n      <\/article>\n\n          <\/div>\n  <\/div>\n<\/section>\n\n<style type=\"text\/css\">\n  .link-contact__up dl.link-contact__up--max2 {\n    grid-template-rows: repeat(3, auto);\n  }\n<\/style>\n\n\n<div style=\"height:60px\" aria-hidden=\"true\" class=\"wp-block-spacer\"><\/div>\n\n\n\n<section id=\"block_6230d65bcc8cc\" class=\"block block--text-image align-full\" data-scroll>\n  <div class=\"text-image inner-container\">\n    <ul class=\"flex text-image__right\">\n      <li class=\"text-image--image\">\n        <figure class=\"text-image--large\">\n          <img decoding=\"async\" src=\"https:\/\/www.canadacupwcrugby.com\/wp-content\/uploads\/2022\/03\/Rectangle-131-2.png\" alt=\"\">\n        <\/figure>\n      <\/li>\n      <li>\n        <ul class=\"text-image--info\">\n          <li>\n            <h3>Les Classifications<\/h3>\n          <\/li>\n          <li>\n            <p>Voici un bref aper\u00e7u de chaque classification et de ce \u00e0 quoi vous pouvez vous attendre en regardant du rugby en fauteuil roulant!<br \/>\n<strong>0.5<\/strong> : Son r\u00f4le principal est de bloquer, il n&rsquo;est pas un grand manieur de ballon et il utilise un fauteuil roulant d\u00e9fensif.<br \/>\n<strong>1.0<\/strong> : Bloqueur, peut faire des mises au jeu, n&rsquo;est pas un grand manieur de ballon et utilise un fauteuil roulant d\u00e9fensif.<br \/>\n<strong>1.5<\/strong> : Excellent bloqueur et peut aussi \u00eatre un manieur de ballon occasionnel, utilise souvent un fauteuil roulant d\u00e9fensif.<br \/>\n<strong>2.0<\/strong> : Plus grand r\u00f4le en tant que manieur de ballon sur le terrain, utilise souvent un fauteuil roulant offensif.<br \/>\n<strong>2.5<\/strong> : Manieur de ballon et meneur de jeu assez rapide, utilise un fauteuil roulant offensif<br \/>\n<strong>3.0<\/strong> : Tr\u00e8s bon manieur de ballon et meneur de jeu rapide, utilisera un fauteuil roulant offensif<br \/>\n<strong>3.5<\/strong> : Principal manieur de ballon et meneur de jeu, il utilise un fauteuil roulant offensif.<\/p>\n\n          <\/li>\n          <li class=\"text-image__cta\">\n            \n                      <\/li>\n        <\/ul>\n      <\/li>\n    <\/ul>\n  <\/div>\n<\/section>\n\n\n\n<section id=\"block_6230d75bcc8ea\" class=\"block block--news-events align-full\" data-scroll>\n  <div class=\"news-events light\">\n    <div class=\"news-events__inner light\">\n      <h3>Nouvelles<\/h3>\n      <article class=\"news-events--body\">\n        <p><\/p>\n        <a href=\"https:\/\/www.canadacupwcrugby.com\/fr\/nouvelles-and-evenements\/\" target=\"\">VOIR PLUS<\/a>\n      <\/article>\n\n      <ul class=\"news-events__list\">\n                              \n            <li>\n              <ul class=\"news-events__list--inner\">\n                <li>\n                  <a href=\"https:\/\/www.canadacupwcrugby.com\/fr\/news-events\/presentation-du-prix-du-fan-favori-de-la-coupe-du-canada\/\">\n                    <figure>\n                      <img decoding=\"async\" src=\"https:\/\/www.canadacupwcrugby.com\/wp-content\/uploads\/2022\/04\/Bogetti-Smith_20180615_Canada-Cup__0184.jpg\" alt=\"\" \/>\n                    <\/figure>\n                  <\/a>\n                <\/li>\n                <li>\n                  <a href=\"https:\/\/www.canadacupwcrugby.com\/fr\/news-events\/presentation-du-prix-du-fan-favori-de-la-coupe-du-canada\/\">\n                    <h6>Pr\u00e9sentation du prix du Fan favori de la Coupe du Canada<\/h6>\n                  <\/a>\n                <\/li>\n                <li>\n                  <ul class=\"news-events__list--tags\">\n                                      <\/ul>\n                <\/li>\n              <\/ul>\n            <\/li>\n                      \n            <li>\n              <ul class=\"news-events__list--inner\">\n                <li>\n                  <a href=\"https:\/\/www.canadacupwcrugby.com\/fr\/news-events\/preparez-vous-pour-la-coupe-du-canada-de-rugby-en-fauteuil-roulant\/\">\n                    <figure>\n                      <img decoding=\"async\" src=\"https:\/\/www.canadacupwcrugby.com\/wp-content\/uploads\/2026\/05\/Feature-Image-Schedule-Release-1.png\" alt=\"\" \/>\n                    <\/figure>\n                  <\/a>\n                <\/li>\n                <li>\n                  <a href=\"https:\/\/www.canadacupwcrugby.com\/fr\/news-events\/preparez-vous-pour-la-coupe-du-canada-de-rugby-en-fauteuil-roulant\/\">\n                    <h6>Pr\u00e9parez-vous pour la Coupe du Canada de rugby en fauteuil roulant<\/h6>\n                  <\/a>\n                <\/li>\n                <li>\n                  <ul class=\"news-events__list--tags\">\n                                      <\/ul>\n                <\/li>\n              <\/ul>\n            <\/li>\n                      \n            <li>\n              <ul class=\"news-events__list--inner\">\n                <li>\n                  <a href=\"https:\/\/www.canadacupwcrugby.com\/fr\/news-events\/nous-vous-preentons-les-femmes-du-rugby-en-fauteuil-roulant\/\">\n                    <figure>\n                      <img decoding=\"async\" src=\"https:\/\/www.canadacupwcrugby.com\/wp-content\/uploads\/2024\/06\/Bogetti-Smith-20240607-Wheelchair-Rugby-02346.jpg\" alt=\"\" \/>\n                    <\/figure>\n                  <\/a>\n                <\/li>\n                <li>\n                  <a href=\"https:\/\/www.canadacupwcrugby.com\/fr\/news-events\/nous-vous-preentons-les-femmes-du-rugby-en-fauteuil-roulant\/\">\n                    <h6>Nous vous\u00a0 pr\u00e9entons les femmes du rugby en fauteuil roulant<\/h6>\n                  <\/a>\n                <\/li>\n                <li>\n                  <ul class=\"news-events__list--tags\">\n                                      <\/ul>\n                <\/li>\n              <\/ul>\n            <\/li>\n                      \n            <li>\n              <ul class=\"news-events__list--inner\">\n                <li>\n                  <a href=\"https:\/\/www.canadacupwcrugby.com\/fr\/news-events\/un-mois-avant-la-coupe-canada-2024\/\">\n                    <figure>\n                      <img decoding=\"async\" src=\"https:\/\/www.canadacupwcrugby.com\/wp-content\/uploads\/2024\/05\/Bogetti-Smith-20220604-Wheelchair-Rugby-0420.jpg\" alt=\"\" \/>\n                    <\/figure>\n                  <\/a>\n                <\/li>\n                <li>\n                  <a href=\"https:\/\/www.canadacupwcrugby.com\/fr\/news-events\/un-mois-avant-la-coupe-canada-2024\/\">\n                    <h6>Un mois avant la Coupe Canada 2024<\/h6>\n                  <\/a>\n                <\/li>\n                <li>\n                  <ul class=\"news-events__list--tags\">\n                                      <\/ul>\n                <\/li>\n              <\/ul>\n            <\/li>\n                        <\/ul>\n    <\/div>\n  <\/div>\n<\/section>","protected":false},"excerpt":{"rendered":"","protected":false},"author":3,"featured_media":0,"parent":3508,"menu_order":2,"comment_status":"closed","ping_status":"closed","template":"","meta":{"_acf_changed":false,"footnotes":""},"class_list":["post-3406","page","type-page","status-publish","hentry"],"acf":[],"yoast_head":"<!-- This site is optimized with the Yoast SEO plugin v27.4 - https:\/\/yoast.com\/product\/yoast-seo-wordpress\/ -->\n<title>Classification | Canada Cup Wheelchair Rugby<\/title>\n<meta name=\"robots\" content=\"index, follow, max-snippet:-1, max-image-preview:large, max-video-preview:-1\" \/>\n<link rel=\"canonical\" href=\"https:\/\/www.canadacupwcrugby.com\/fr\/coupe-du-canada-de-2022\/classification\/\" \/>\n<meta property=\"og:locale\" content=\"fr_FR\" \/>\n<meta property=\"og:type\" content=\"article\" \/>\n<meta property=\"og:title\" content=\"Classification | Canada Cup Wheelchair Rugby\" \/>\n<meta property=\"og:url\" content=\"https:\/\/www.canadacupwcrugby.com\/fr\/coupe-du-canada-de-2022\/classification\/\" \/>\n<meta property=\"og:site_name\" content=\"Canada Cup Wheelchair Rugby\" \/>\n<meta property=\"article:modified_time\" content=\"2022-04-15T14:32:24+00:00\" \/>\n<meta name=\"twitter:card\" content=\"summary_large_image\" \/>\n<script type=\"application\/ld+json\" class=\"yoast-schema-graph\">{\"@context\":\"https:\\\/\\\/schema.org\",\"@graph\":[{\"@type\":\"WebPage\",\"@id\":\"https:\\\/\\\/www.canadacupwcrugby.com\\\/fr\\\/coupe-du-canada-de-2022\\\/classification\\\/\",\"url\":\"https:\\\/\\\/www.canadacupwcrugby.com\\\/fr\\\/coupe-du-canada-de-2022\\\/classification\\\/\",\"name\":\"Classification | Canada Cup Wheelchair Rugby\",\"isPartOf\":{\"@id\":\"https:\\\/\\\/www.canadacupwcrugby.com\\\/fr\\\/#website\"},\"datePublished\":\"2022-03-15T18:19:24+00:00\",\"dateModified\":\"2022-04-15T14:32:24+00:00\",\"breadcrumb\":{\"@id\":\"https:\\\/\\\/www.canadacupwcrugby.com\\\/fr\\\/coupe-du-canada-de-2022\\\/classification\\\/#breadcrumb\"},\"inLanguage\":\"fr-FR\",\"potentialAction\":[{\"@type\":\"ReadAction\",\"target\":[\"https:\\\/\\\/www.canadacupwcrugby.com\\\/fr\\\/coupe-du-canada-de-2022\\\/classification\\\/\"]}]},{\"@type\":\"BreadcrumbList\",\"@id\":\"https:\\\/\\\/www.canadacupwcrugby.com\\\/fr\\\/coupe-du-canada-de-2022\\\/classification\\\/#breadcrumb\",\"itemListElement\":[{\"@type\":\"ListItem\",\"position\":1,\"name\":\"Home\",\"item\":\"https:\\\/\\\/www.canadacupwcrugby.com\\\/fr\\\/\"},{\"@type\":\"ListItem\",\"position\":2,\"name\":\"COUPE DU CANADA DE 2022\",\"item\":\"https:\\\/\\\/www.canadacupwcrugby.com\\\/fr\\\/coupe-du-canada-de-2022\\\/\"},{\"@type\":\"ListItem\",\"position\":3,\"name\":\"Classification\"}]},{\"@type\":\"WebSite\",\"@id\":\"https:\\\/\\\/www.canadacupwcrugby.com\\\/fr\\\/#website\",\"url\":\"https:\\\/\\\/www.canadacupwcrugby.com\\\/fr\\\/\",\"name\":\"Canada Cup Wheelchair Rugby\",\"description\":\"Big hits, thrilling tries, and wild catches await at the 2022 Canada Cup as eight of the world\u2019s top teams compete for the prestigious title.\",\"potentialAction\":[{\"@type\":\"SearchAction\",\"target\":{\"@type\":\"EntryPoint\",\"urlTemplate\":\"https:\\\/\\\/www.canadacupwcrugby.com\\\/fr\\\/?s={search_term_string}\"},\"query-input\":{\"@type\":\"PropertyValueSpecification\",\"valueRequired\":true,\"valueName\":\"search_term_string\"}}],\"inLanguage\":\"fr-FR\"}]}<\/script>\n<!-- \/ Yoast SEO plugin. -->","yoast_head_json":{"title":"Classification | Canada Cup Wheelchair Rugby","robots":{"index":"index","follow":"follow","max-snippet":"max-snippet:-1","max-image-preview":"max-image-preview:large","max-video-preview":"max-video-preview:-1"},"canonical":"https:\/\/www.canadacupwcrugby.com\/fr\/coupe-du-canada-de-2022\/classification\/","og_locale":"fr_FR","og_type":"article","og_title":"Classification | Canada Cup Wheelchair Rugby","og_url":"https:\/\/www.canadacupwcrugby.com\/fr\/coupe-du-canada-de-2022\/classification\/","og_site_name":"Canada Cup Wheelchair Rugby","article_modified_time":"2022-04-15T14:32:24+00:00","twitter_card":"summary_large_image","schema":{"@context":"https:\/\/schema.org","@graph":[{"@type":"WebPage","@id":"https:\/\/www.canadacupwcrugby.com\/fr\/coupe-du-canada-de-2022\/classification\/","url":"https:\/\/www.canadacupwcrugby.com\/fr\/coupe-du-canada-de-2022\/classification\/","name":"Classification | Canada Cup Wheelchair Rugby","isPartOf":{"@id":"https:\/\/www.canadacupwcrugby.com\/fr\/#website"},"datePublished":"2022-03-15T18:19:24+00:00","dateModified":"2022-04-15T14:32:24+00:00","breadcrumb":{"@id":"https:\/\/www.canadacupwcrugby.com\/fr\/coupe-du-canada-de-2022\/classification\/#breadcrumb"},"inLanguage":"fr-FR","potentialAction":[{"@type":"ReadAction","target":["https:\/\/www.canadacupwcrugby.com\/fr\/coupe-du-canada-de-2022\/classification\/"]}]},{"@type":"BreadcrumbList","@id":"https:\/\/www.canadacupwcrugby.com\/fr\/coupe-du-canada-de-2022\/classification\/#breadcrumb","itemListElement":[{"@type":"ListItem","position":1,"name":"Home","item":"https:\/\/www.canadacupwcrugby.com\/fr\/"},{"@type":"ListItem","position":2,"name":"COUPE DU CANADA DE 2022","item":"https:\/\/www.canadacupwcrugby.com\/fr\/coupe-du-canada-de-2022\/"},{"@type":"ListItem","position":3,"name":"Classification"}]},{"@type":"WebSite","@id":"https:\/\/www.canadacupwcrugby.com\/fr\/#website","url":"https:\/\/www.canadacupwcrugby.com\/fr\/","name":"Canada Cup Wheelchair Rugby","description":"Big hits, thrilling tries, and wild catches await at the 2022 Canada Cup as eight of the world\u2019s top teams compete for the prestigious title.","potentialAction":[{"@type":"SearchAction","target":{"@type":"EntryPoint","urlTemplate":"https:\/\/www.canadacupwcrugby.com\/fr\/?s={search_term_string}"},"query-input":{"@type":"PropertyValueSpecification","valueRequired":true,"valueName":"search_term_string"}}],"inLanguage":"fr-FR"}]}},"_links":{"self":[{"href":"https:\/\/www.canadacupwcrugby.com\/fr\/wp-json\/wp\/v2\/pages\/3406","targetHints":{"allow":["GET"]}}],"collection":[{"href":"https:\/\/www.canadacupwcrugby.com\/fr\/wp-json\/wp\/v2\/pages"}],"about":[{"href":"https:\/\/www.canadacupwcrugby.com\/fr\/wp-json\/wp\/v2\/types\/page"}],"author":[{"embeddable":true,"href":"https:\/\/www.canadacupwcrugby.com\/fr\/wp-json\/wp\/v2\/users\/3"}],"replies":[{"embeddable":true,"href":"https:\/\/www.canadacupwcrugby.com\/fr\/wp-json\/wp\/v2\/comments?post=3406"}],"version-history":[{"count":13,"href":"https:\/\/www.canadacupwcrugby.com\/fr\/wp-json\/wp\/v2\/pages\/3406\/revisions"}],"predecessor-version":[{"id":4710,"href":"https:\/\/www.canadacupwcrugby.com\/fr\/wp-json\/wp\/v2\/pages\/3406\/revisions\/4710"}],"up":[{"embeddable":true,"href":"https:\/\/www.canadacupwcrugby.com\/fr\/wp-json\/wp\/v2\/pages\/3508"}],"wp:attachment":[{"href":"https:\/\/www.canadacupwcrugby.com\/fr\/wp-json\/wp\/v2\/media?parent=3406"}],"curies":[{"name":"wp","href":"https:\/\/api.w.org\/{rel}","templated":true}]}}