{"id":3391,"date":"2022-03-12T05:49:14","date_gmt":"2022-03-12T05:49:14","guid":{"rendered":"https:\/\/www.canadacupwcrugby.com\/?page_id=3391"},"modified":"2024-05-02T18:01:25","modified_gmt":"2024-05-02T18:01:25","slug":"opportunites-de-benevolat","status":"publish","type":"page","link":"https:\/\/www.canadacupwcrugby.com\/fr\/coupe-du-canada-de-2022\/opportunites-de-benevolat\/","title":{"rendered":"OPPORTUNIT\u00c9S DE B\u00c9N\u00c9VOLAT"},"content":{"rendered":"\n<section id=\"block_2f74e1ddfd23a06ef9cbb1b31bbf423e\" class=\"block block--hero align-full\" data-scroll>\n  <div class=\"hero\"  style=\"background-image: url(https:\/\/www.canadacupwcrugby.com\/wp-content\/uploads\/2022\/03\/Frame-209.png)\" >\n    <article class=\"hero__in inner-container\">\n      <ul class=\"hero__in__list\">\n        <li>\n          <ul class=\"hero__in--tags\">\n            \n          <\/ul>\n        <\/li>\n        <li>\n          <h1> B\u00e9n\u00e9vole<\/h1>\n        <\/li>\n                      <\/ul>\n    <\/article>\n  <\/div>\n\n  <div class=\"hero__breadcrumbs\">\n    <p id=\"breadcrumbs\" class=\"inner-container\"><span><span><a href=\"https:\/\/www.canadacupwcrugby.com\/fr\/\">Home<\/a><\/span><\/span><\/p>\n  <\/div>\n<\/section>\n\n\n\n<div style=\"height:60px\" aria-hidden=\"true\" class=\"wp-block-spacer\"><\/div>\n\n\n\n<section id=\"block_b4f48fb99c10c8fd24e94f6d6f2e5ef7\" class=\"inner-container block block--two-columns-text align-full\" data-scroll>\n  <div class=\"two-columns-text\">\n    <ul class=\"wide\">\n      <li><h2>Vue d&rsquo;ensemble<\/h2>\n<p>Les b\u00e9n\u00e9voles sont une partie incroyablement importante de chaque Coupe Canada et il existe de nombreuses possibilit\u00e9s de s&rsquo;impliquer et de soutenir cet \u00e9v\u00e9nement passionnant! Nous recherchons des personnes motiv\u00e9es et amicales pour nous aider dans les domaines suivants :<\/p>\n<ul>\n<li>Services de transport<\/li>\n<li>Communications<\/li>\n<li>Ventes de marchandises<\/li>\n<li>Services d&rsquo;information<\/li>\n<li>Traducteurs pour les \u00e9quipes<\/li>\n<li>Services de restauration<\/li>\n<li>Soutien aux c\u00e9r\u00e9monies<\/li>\n<li>Soutien au bureau du tournoi<\/li>\n<\/ul>\n<p>&nbsp;<\/p>\n<p>&nbsp;<\/p>\n<\/li>\n      <li><\/li>\n    <\/ul>\n  <\/div>\n<\/section>\n\n\n\n<div style=\"height:60px\" aria-hidden=\"true\" class=\"wp-block-spacer\"><\/div>\n\n\n\n<section id=\"block_861859186801208b3a130af63e6bdbaf\" class=\"block block--call-to-action align-full\" data-scroll>\n  <div class=\"call-to-action\" >\n    <ul class=\"call-to-action__list\">\n            <li>\n        <h3>Rejoignez notre \u00e9quipe de b\u00e9n\u00e9voles <\/h3>\n      <\/li>\n              <li>\n          <p>Enregistrez <\/p>\n        <\/li>\n            <li>\n        <a href=\"https:\/\/forms.gle\/4nJFKWPxFLrxBZ577\" class=\"button\" target=\"\">B\u00e9n\u00e9vole<\/a>\n      <\/li>\n    <\/ul>\n  <\/div>\n<\/section>\n\n\n<div style=\"height:60px\" aria-hidden=\"true\" class=\"wp-block-spacer\"><\/div>\n\n\n\n<section id=\"block_972543280ccdaf7b6d53bd4cfd35572d\" class=\"block block--text-image align-full\" data-scroll>\n  <div class=\"text-image inner-container\">\n    <ul class=\"flex text-image__right\">\n      <li class=\"text-image--image\">\n        <figure class=\"text-image--large\">\n          <img decoding=\"async\" src=\"https:\/\/www.canadacupwcrugby.com\/wp-content\/uploads\/2022\/03\/Bogetti-Smith_20180615_Canada-Cup__0159.jpg\" alt=\"\">\n        <\/figure>\n      <\/li>\n      <li>\n        <ul class=\"text-image--info\">\n          <li>\n            <h3>Rugby en fateuil roulant<\/h3>\n          <\/li>\n          <li>\n            <p>Un passionnant sport de plein contact en fauteuil roulant, cr\u00e9\u00e9 au Canada, qui combine des \u00e9l\u00e9ments de handball, de basket-ball, de hockey sur glace et de rugby!<\/p>\n\n          <\/li>\n          <li class=\"text-image__cta\">\n                          <a href=\"https:\/\/www.canadacupwcrugby.com\/about\/wheelchair-rugby\" target=\"\" class=\"button\">EN SAVOIR PLUS<\/a>\n            \n                      <\/li>\n        <\/ul>\n      <\/li>\n    <\/ul>\n  <\/div>\n<\/section>\n\n\n\n<section id=\"block_b6b8e45b03eb55453aa457470c461ce0\" class=\"block block--news-events align-full\" data-scroll>\n  <div class=\"news-events light\">\n    <div class=\"news-events__inner light\">\n      <h3>Nouvelles<\/h3>\n      <article class=\"news-events--body\">\n        <p><\/p>\n        <a href=\"https:\/\/www.canadacupwcrugby.com\/fr\/nouvelles-and-evenements\/\" target=\"\">VOIR PLUS<\/a>\n      <\/article>\n\n      <ul class=\"news-events__list\">\n                              \n            <li>\n              <ul class=\"news-events__list--inner\">\n                <li>\n                  <a href=\"https:\/\/www.canadacupwcrugby.com\/fr\/news-events\/presentation-du-prix-du-fan-favori-de-la-coupe-du-canada\/\">\n                    <figure>\n                      <img decoding=\"async\" src=\"https:\/\/www.canadacupwcrugby.com\/wp-content\/uploads\/2022\/04\/Bogetti-Smith_20180615_Canada-Cup__0184.jpg\" alt=\"\" \/>\n                    <\/figure>\n                  <\/a>\n                <\/li>\n                <li>\n                  <a href=\"https:\/\/www.canadacupwcrugby.com\/fr\/news-events\/presentation-du-prix-du-fan-favori-de-la-coupe-du-canada\/\">\n                    <h6>Pr\u00e9sentation du prix du Fan favori de la Coupe du Canada<\/h6>\n                  <\/a>\n                <\/li>\n                <li>\n                  <ul class=\"news-events__list--tags\">\n                                      <\/ul>\n                <\/li>\n              <\/ul>\n            <\/li>\n                      \n            <li>\n              <ul class=\"news-events__list--inner\">\n                <li>\n                  <a href=\"https:\/\/www.canadacupwcrugby.com\/fr\/news-events\/nous-vous-preentons-les-femmes-du-rugby-en-fauteuil-roulant\/\">\n                    <figure>\n                      <img decoding=\"async\" src=\"https:\/\/www.canadacupwcrugby.com\/wp-content\/uploads\/2024\/06\/Bogetti-Smith-20240607-Wheelchair-Rugby-02346.jpg\" alt=\"\" \/>\n                    <\/figure>\n                  <\/a>\n                <\/li>\n                <li>\n                  <a href=\"https:\/\/www.canadacupwcrugby.com\/fr\/news-events\/nous-vous-preentons-les-femmes-du-rugby-en-fauteuil-roulant\/\">\n                    <h6>Nous vous\u00a0 pr\u00e9entons les femmes du rugby en fauteuil roulant<\/h6>\n                  <\/a>\n                <\/li>\n                <li>\n                  <ul class=\"news-events__list--tags\">\n                                      <\/ul>\n                <\/li>\n              <\/ul>\n            <\/li>\n                      \n            <li>\n              <ul class=\"news-events__list--inner\">\n                <li>\n                  <a href=\"https:\/\/www.canadacupwcrugby.com\/fr\/news-events\/un-mois-avant-la-coupe-canada-2024\/\">\n                    <figure>\n                      <img decoding=\"async\" src=\"https:\/\/www.canadacupwcrugby.com\/wp-content\/uploads\/2024\/05\/Bogetti-Smith-20220604-Wheelchair-Rugby-0420.jpg\" alt=\"\" \/>\n                    <\/figure>\n                  <\/a>\n                <\/li>\n                <li>\n                  <a href=\"https:\/\/www.canadacupwcrugby.com\/fr\/news-events\/un-mois-avant-la-coupe-canada-2024\/\">\n                    <h6>Un mois avant la Coupe Canada 2024<\/h6>\n                  <\/a>\n                <\/li>\n                <li>\n                  <ul class=\"news-events__list--tags\">\n                                      <\/ul>\n                <\/li>\n              <\/ul>\n            <\/li>\n                      \n            <li>\n              <ul class=\"news-events__list--inner\">\n                <li>\n                  <a href=\"https:\/\/www.canadacupwcrugby.com\/fr\/news-events\/debutantsfr\/\">\n                    <figure>\n                      <img decoding=\"async\" src=\"https:\/\/www.canadacupwcrugby.com\/wp-content\/uploads\/2022\/05\/Bogetti-Smith_20200307_Wheelchair_Rugby__1028.png\" alt=\"\" \/>\n                    <\/figure>\n                  <\/a>\n                <\/li>\n                <li>\n                  <a href=\"https:\/\/www.canadacupwcrugby.com\/fr\/news-events\/debutantsfr\/\">\n                    <h6>Cinq d\u00e9butants de la Coupe du Canada \u00e0 surveiller cette semaine<\/h6>\n                  <\/a>\n                <\/li>\n                <li>\n                  <ul class=\"news-events__list--tags\">\n                                      <\/ul>\n                <\/li>\n              <\/ul>\n            <\/li>\n                        <\/ul>\n    <\/div>\n  <\/div>\n<\/section>","protected":false},"excerpt":{"rendered":"","protected":false},"author":3,"featured_media":0,"parent":3508,"menu_order":1,"comment_status":"closed","ping_status":"closed","template":"","meta":{"_acf_changed":false,"footnotes":""},"class_list":["post-3391","page","type-page","status-publish","hentry"],"acf":[],"yoast_head":"<!-- This site is optimized with the Yoast SEO plugin v27.3 - https:\/\/yoast.com\/product\/yoast-seo-wordpress\/ -->\n<title>OPPORTUNIT\u00c9S DE B\u00c9N\u00c9VOLAT | Canada Cup Wheelchair Rugby<\/title>\n<meta name=\"robots\" content=\"index, follow, max-snippet:-1, max-image-preview:large, max-video-preview:-1\" \/>\n<link rel=\"canonical\" href=\"https:\/\/www.canadacupwcrugby.com\/fr\/coupe-du-canada-de-2022\/opportunites-de-benevolat\/\" \/>\n<meta property=\"og:locale\" content=\"fr_FR\" \/>\n<meta property=\"og:type\" content=\"article\" \/>\n<meta property=\"og:title\" content=\"OPPORTUNIT\u00c9S DE B\u00c9N\u00c9VOLAT | Canada Cup Wheelchair Rugby\" \/>\n<meta property=\"og:url\" content=\"https:\/\/www.canadacupwcrugby.com\/fr\/coupe-du-canada-de-2022\/opportunites-de-benevolat\/\" \/>\n<meta property=\"og:site_name\" content=\"Canada Cup Wheelchair Rugby\" \/>\n<meta property=\"article:modified_time\" content=\"2024-05-02T18:01:25+00:00\" \/>\n<meta name=\"twitter:card\" content=\"summary_large_image\" \/>\n<script type=\"application\/ld+json\" class=\"yoast-schema-graph\">{\"@context\":\"https:\\\/\\\/schema.org\",\"@graph\":[{\"@type\":\"WebPage\",\"@id\":\"https:\\\/\\\/www.canadacupwcrugby.com\\\/fr\\\/coupe-du-canada-de-2022\\\/opportunites-de-benevolat\\\/\",\"url\":\"https:\\\/\\\/www.canadacupwcrugby.com\\\/fr\\\/coupe-du-canada-de-2022\\\/opportunites-de-benevolat\\\/\",\"name\":\"OPPORTUNIT\u00c9S DE B\u00c9N\u00c9VOLAT | Canada Cup Wheelchair Rugby\",\"isPartOf\":{\"@id\":\"https:\\\/\\\/www.canadacupwcrugby.com\\\/fr\\\/#website\"},\"datePublished\":\"2022-03-12T05:49:14+00:00\",\"dateModified\":\"2024-05-02T18:01:25+00:00\",\"breadcrumb\":{\"@id\":\"https:\\\/\\\/www.canadacupwcrugby.com\\\/fr\\\/coupe-du-canada-de-2022\\\/opportunites-de-benevolat\\\/#breadcrumb\"},\"inLanguage\":\"fr-FR\",\"potentialAction\":[{\"@type\":\"ReadAction\",\"target\":[\"https:\\\/\\\/www.canadacupwcrugby.com\\\/fr\\\/coupe-du-canada-de-2022\\\/opportunites-de-benevolat\\\/\"]}]},{\"@type\":\"BreadcrumbList\",\"@id\":\"https:\\\/\\\/www.canadacupwcrugby.com\\\/fr\\\/coupe-du-canada-de-2022\\\/opportunites-de-benevolat\\\/#breadcrumb\",\"itemListElement\":[{\"@type\":\"ListItem\",\"position\":1,\"name\":\"Home\",\"item\":\"https:\\\/\\\/www.canadacupwcrugby.com\\\/fr\\\/\"},{\"@type\":\"ListItem\",\"position\":2,\"name\":\"COUPE DU CANADA DE 2022\",\"item\":\"https:\\\/\\\/www.canadacupwcrugby.com\\\/fr\\\/coupe-du-canada-de-2022\\\/\"},{\"@type\":\"ListItem\",\"position\":3,\"name\":\"OPPORTUNIT\u00c9S DE B\u00c9N\u00c9VOLAT\"}]},{\"@type\":\"WebSite\",\"@id\":\"https:\\\/\\\/www.canadacupwcrugby.com\\\/fr\\\/#website\",\"url\":\"https:\\\/\\\/www.canadacupwcrugby.com\\\/fr\\\/\",\"name\":\"Canada Cup Wheelchair Rugby\",\"description\":\"Big hits, thrilling tries, and wild catches await at the 2022 Canada Cup as eight of the world\u2019s top teams compete for the prestigious title.\",\"potentialAction\":[{\"@type\":\"SearchAction\",\"target\":{\"@type\":\"EntryPoint\",\"urlTemplate\":\"https:\\\/\\\/www.canadacupwcrugby.com\\\/fr\\\/?s={search_term_string}\"},\"query-input\":{\"@type\":\"PropertyValueSpecification\",\"valueRequired\":true,\"valueName\":\"search_term_string\"}}],\"inLanguage\":\"fr-FR\"}]}<\/script>\n<!-- \/ Yoast SEO plugin. -->","yoast_head_json":{"title":"OPPORTUNIT\u00c9S DE B\u00c9N\u00c9VOLAT | Canada Cup Wheelchair Rugby","robots":{"index":"index","follow":"follow","max-snippet":"max-snippet:-1","max-image-preview":"max-image-preview:large","max-video-preview":"max-video-preview:-1"},"canonical":"https:\/\/www.canadacupwcrugby.com\/fr\/coupe-du-canada-de-2022\/opportunites-de-benevolat\/","og_locale":"fr_FR","og_type":"article","og_title":"OPPORTUNIT\u00c9S DE B\u00c9N\u00c9VOLAT | Canada Cup Wheelchair Rugby","og_url":"https:\/\/www.canadacupwcrugby.com\/fr\/coupe-du-canada-de-2022\/opportunites-de-benevolat\/","og_site_name":"Canada Cup Wheelchair Rugby","article_modified_time":"2024-05-02T18:01:25+00:00","twitter_card":"summary_large_image","schema":{"@context":"https:\/\/schema.org","@graph":[{"@type":"WebPage","@id":"https:\/\/www.canadacupwcrugby.com\/fr\/coupe-du-canada-de-2022\/opportunites-de-benevolat\/","url":"https:\/\/www.canadacupwcrugby.com\/fr\/coupe-du-canada-de-2022\/opportunites-de-benevolat\/","name":"OPPORTUNIT\u00c9S DE B\u00c9N\u00c9VOLAT | Canada Cup Wheelchair Rugby","isPartOf":{"@id":"https:\/\/www.canadacupwcrugby.com\/fr\/#website"},"datePublished":"2022-03-12T05:49:14+00:00","dateModified":"2024-05-02T18:01:25+00:00","breadcrumb":{"@id":"https:\/\/www.canadacupwcrugby.com\/fr\/coupe-du-canada-de-2022\/opportunites-de-benevolat\/#breadcrumb"},"inLanguage":"fr-FR","potentialAction":[{"@type":"ReadAction","target":["https:\/\/www.canadacupwcrugby.com\/fr\/coupe-du-canada-de-2022\/opportunites-de-benevolat\/"]}]},{"@type":"BreadcrumbList","@id":"https:\/\/www.canadacupwcrugby.com\/fr\/coupe-du-canada-de-2022\/opportunites-de-benevolat\/#breadcrumb","itemListElement":[{"@type":"ListItem","position":1,"name":"Home","item":"https:\/\/www.canadacupwcrugby.com\/fr\/"},{"@type":"ListItem","position":2,"name":"COUPE DU CANADA DE 2022","item":"https:\/\/www.canadacupwcrugby.com\/fr\/coupe-du-canada-de-2022\/"},{"@type":"ListItem","position":3,"name":"OPPORTUNIT\u00c9S DE B\u00c9N\u00c9VOLAT"}]},{"@type":"WebSite","@id":"https:\/\/www.canadacupwcrugby.com\/fr\/#website","url":"https:\/\/www.canadacupwcrugby.com\/fr\/","name":"Canada Cup Wheelchair Rugby","description":"Big hits, thrilling tries, and wild catches await at the 2022 Canada Cup as eight of the world\u2019s top teams compete for the prestigious title.","potentialAction":[{"@type":"SearchAction","target":{"@type":"EntryPoint","urlTemplate":"https:\/\/www.canadacupwcrugby.com\/fr\/?s={search_term_string}"},"query-input":{"@type":"PropertyValueSpecification","valueRequired":true,"valueName":"search_term_string"}}],"inLanguage":"fr-FR"}]}},"_links":{"self":[{"href":"https:\/\/www.canadacupwcrugby.com\/fr\/wp-json\/wp\/v2\/pages\/3391","targetHints":{"allow":["GET"]}}],"collection":[{"href":"https:\/\/www.canadacupwcrugby.com\/fr\/wp-json\/wp\/v2\/pages"}],"about":[{"href":"https:\/\/www.canadacupwcrugby.com\/fr\/wp-json\/wp\/v2\/types\/page"}],"author":[{"embeddable":true,"href":"https:\/\/www.canadacupwcrugby.com\/fr\/wp-json\/wp\/v2\/users\/3"}],"replies":[{"embeddable":true,"href":"https:\/\/www.canadacupwcrugby.com\/fr\/wp-json\/wp\/v2\/comments?post=3391"}],"version-history":[{"count":22,"href":"https:\/\/www.canadacupwcrugby.com\/fr\/wp-json\/wp\/v2\/pages\/3391\/revisions"}],"predecessor-version":[{"id":6489,"href":"https:\/\/www.canadacupwcrugby.com\/fr\/wp-json\/wp\/v2\/pages\/3391\/revisions\/6489"}],"up":[{"embeddable":true,"href":"https:\/\/www.canadacupwcrugby.com\/fr\/wp-json\/wp\/v2\/pages\/3508"}],"wp:attachment":[{"href":"https:\/\/www.canadacupwcrugby.com\/fr\/wp-json\/wp\/v2\/media?parent=3391"}],"curies":[{"name":"wp","href":"https:\/\/api.w.org\/{rel}","templated":true}]}}