{"id":3369,"date":"2022-03-12T00:45:33","date_gmt":"2022-03-12T00:45:33","guid":{"rendered":"https:\/\/www.canadacupwcrugby.com\/?page_id=3369"},"modified":"2022-04-15T14:46:33","modified_gmt":"2022-04-15T14:46:33","slug":"le-tournoi","status":"publish","type":"page","link":"https:\/\/www.canadacupwcrugby.com\/fr\/le-tournoi\/","title":{"rendered":"Le Tournoi"},"content":{"rendered":"\n<section id=\"block_622bed0b3eb7c\" class=\"block block--hero align-full\" data-scroll>\n  <div class=\"hero\"  style=\"background-image: url(https:\/\/www.canadacupwcrugby.com\/wp-content\/uploads\/2022\/03\/cc-news-release-trounament-cancelled.jpeg)\" >\n    <article class=\"hero__in inner-container\">\n      <ul class=\"hero__in__list\">\n        <li>\n          <ul class=\"hero__in--tags\">\n            \n          <\/ul>\n        <\/li>\n        <li>\n          <h1>Tout savoir sur la Coupe Canada<\/h1>\n        <\/li>\n                      <\/ul>\n    <\/article>\n  <\/div>\n\n  <div class=\"hero__breadcrumbs\">\n    <p id=\"breadcrumbs\" class=\"inner-container\"><span><span><a href=\"https:\/\/www.canadacupwcrugby.com\/fr\/\">Home<\/a><\/span><\/span><\/p>\n  <\/div>\n<\/section>\n\n\n\n<div style=\"height:60px\" aria-hidden=\"true\" class=\"wp-block-spacer\"><\/div>\n\n\n\n<section id=\"block_623372a670678\" class=\"block block--slide-sponsors align-full\" data-scroll>\n  <div class=\"slide-sponsors\">\n    <h4>Merci \u00e0 nos commanditaires<\/h4>\n    <p class=\"slide-sponsors__body\"><\/p>\n\n    <section class=\"slide-sponsors__outer\">\n      <div class=\"direction carousel-button-prev\">\n        <span class=\"dashicons dashicons-arrow-left-alt\"><\/span>\n      <\/div>\n\n      <div class=\"carousel js-card-scrollable slide-sponsors__list\">\n                            <div class=\"carousel-cell\">\n            <a href=\"https:\/\/www2.gov.bc.ca\/gov\/content\/home\" target=\"_blank\">\n              <figure>\n                <img decoding=\"async\" src=\"https:\/\/www.canadacupwcrugby.com\/wp-content\/uploads\/2022\/03\/british-columbia.png\" alt=\"British Columbia logo\" \/>\n              <\/figure>\n            <\/a>\n          <\/div>\n                            <div class=\"carousel-cell\">\n            <a href=\"https:\/\/www.canada.ca\/en.html\" target=\"_blank\">\n              <figure>\n                <img decoding=\"async\" src=\"https:\/\/www.canadacupwcrugby.com\/wp-content\/uploads\/2022\/03\/canada.png\" alt=\"Canada logo\" \/>\n              <\/figure>\n            <\/a>\n          <\/div>\n                            <div class=\"carousel-cell\">\n            <a href=\"https:\/\/richmondsporthosting.ca\/\" target=\"_blank\">\n              <figure>\n                <img decoding=\"async\" src=\"https:\/\/www.canadacupwcrugby.com\/wp-content\/uploads\/2022\/03\/richmond-sport-hosting-1.png\" alt=\"Richmond Sport Hosting logo\" \/>\n              <\/figure>\n            <\/a>\n          <\/div>\n                            <div class=\"carousel-cell\">\n            <a href=\"https:\/\/vmcrugbychairs.com\/\" target=\"_blank\">\n              <figure>\n                <img decoding=\"async\" src=\"https:\/\/www.canadacupwcrugby.com\/wp-content\/uploads\/2022\/03\/sponsor07.png\" alt=\"\" \/>\n              <\/figure>\n            <\/a>\n          <\/div>\n              <\/div>\n\n      <div class=\"direction carousel-button-next\">\n        <span class=\"dashicons dashicons-arrow-right-alt\"><\/span>\n      <\/div>\n    <\/section>\n\n          <div class=\"slide-sponsors__button\">\n        <a href=\"https:\/\/www.canadacupwcrugby.com\/fr\/le-tournoi\/commanditaires\/\" target=\"\" class=\"button hollow\">VOIR TOUS NOS COMMANDITAIRES<\/a>\n      <\/div>\n    \n  <\/div>\n<\/section>\n\n\n<section id=\"block_622fef7e54ca6\" class=\"block block--text-image align-full\" data-scroll>\n  <div class=\"text-image inner-container\">\n    <ul class=\"flex text-image__left\">\n      <li class=\"text-image--image\">\n        <figure class=\"text-image--large\">\n          <img decoding=\"async\" src=\"https:\/\/www.canadacupwcrugby.com\/wp-content\/uploads\/2022\/03\/Bogetti-Smith_Canda-Cup_Wheelchair-Rugby_140621_385.jpeg\" alt=\"\">\n        <\/figure>\n      <\/li>\n      <li>\n        <ul class=\"text-image--info\">\n          <li>\n            <h3>Histoire <\/h3>\n          <\/li>\n          <li>\n            <p>Le tournoi international de rugby en fauteuil roulant Coupe Canada a \u00e9t\u00e9 cr\u00e9\u00e9 en 2004 par la BC Wheelchair Sports Association, afin d&rsquo;offrir une autre possibilit\u00e9 de comp\u00e9tition d&rsquo;\u00e9lite en rugby en fauteuil roulant. La Coupe Canada a lieu tous les deux ans et est consid\u00e9r\u00e9e comme l&rsquo;un des tournois de rugby en fauteuil roulant les plus prestigieux en dehors des Championnats du monde ou des Jeux paralympiques.<\/p>\n\n          <\/li>\n          <li class=\"text-image__cta\">\n                          <a href=\"https:\/\/www.canadacupwcrugby.com\/fr\/historique\/\" target=\"\" class=\"button\">Savoir plus<\/a>\n            \n                      <\/li>\n        <\/ul>\n      <\/li>\n    <\/ul>\n  <\/div>\n<\/section>\n\n\n\n<section id=\"block_622fefa954ca7\" class=\"block block--text-image align-full\" data-scroll>\n  <div class=\"text-image inner-container\">\n    <ul class=\"flex text-image__right\">\n      <li class=\"text-image--image\">\n        <figure class=\"text-image--large\">\n          <img decoding=\"async\" src=\"https:\/\/www.canadacupwcrugby.com\/wp-content\/uploads\/2022\/03\/Bogetti-Smith_20180614_Canada-Cup__0066-scaled.jpg\" alt=\"\">\n        <\/figure>\n      <\/li>\n      <li>\n        <ul class=\"text-image--info\">\n          <li>\n            <h3>Rugby en fateuil roulant<\/h3>\n          <\/li>\n          <li>\n            <p>Le rugby en fauteuil roulant est un sport passionnant autorisant le contact, cr\u00e9\u00e9 au Canada, qui combine des \u00e9l\u00e9ments de handball, de basket-ball, de hockey sur glace et de rugby. D\u00e9couvrez l&rsquo;histoire de ce sport et ce que vous devez savoir pour vous d\u00e9marrer.<\/p>\n\n          <\/li>\n          <li class=\"text-image__cta\">\n                          <a href=\"https:\/\/www.canadacupwcrugby.com\/fr\/le-tournoi\/wheelchair-rugby\/\" target=\"\" class=\"button\">EN SAVOIR PLUS \u00c0 PROPOS DE LA SPORT<\/a>\n            \n                      <\/li>\n        <\/ul>\n      <\/li>\n    <\/ul>\n  <\/div>\n<\/section>\n\n\n\n<section id=\"block_622fefbe54ca8\" class=\"block block--text-image align-full\" data-scroll>\n  <div class=\"text-image inner-container\">\n    <ul class=\"flex text-image__left\">\n      <li class=\"text-image--image\">\n        <figure class=\"text-image--large\">\n          <img decoding=\"async\" src=\"https:\/\/www.canadacupwcrugby.com\/wp-content\/uploads\/2022\/03\/Bogetti-Smith_20180615_Canada-Cup__0212-scaled.jpg\" alt=\"Mark Peters pushing with the ball in 2018\">\n        <\/figure>\n      <\/li>\n      <li>\n        <ul class=\"text-image--info\">\n          <li>\n            <h3> Organismes directeurs<\/h3>\n          <\/li>\n          <li>\n            <p>La Coupe Canada travaille avec trois organisations pour accueillir et r\u00e9gir ses activit\u00e9s. Apprenez-en davantage sur la fa\u00e7on dont nous travaillons avec BC Wheelchair Sports, Rugby en fauteuil roulant Canada et la World Wheelchair Rugby.<\/p>\n\n          <\/li>\n          <li class=\"text-image__cta\">\n                          <a href=\"https:\/\/www.canadacupwcrugby.com\/fr\/le-tournoi\/organismes-directeurs\/\" target=\"_blank\" class=\"button\">EN SAVOIR PLUS<\/a>\n            \n                      <\/li>\n        <\/ul>\n      <\/li>\n    <\/ul>\n  <\/div>\n<\/section>\n\n\n\n<section id=\"block_622fefdf54ca9\" class=\"block block--text-image align-full\" data-scroll>\n  <div class=\"text-image inner-container\">\n    <ul class=\"flex text-image__right\">\n      <li class=\"text-image--image\">\n        <figure class=\"text-image--large\">\n          <img decoding=\"async\" src=\"https:\/\/www.canadacupwcrugby.com\/wp-content\/uploads\/2022\/03\/Bogetti-Smith_20180615_Canada-Cup__0264-scaled.jpg\" alt=\"\">\n        <\/figure>\n      <\/li>\n      <li>\n        <ul class=\"text-image--info\">\n          <li>\n            <h3>Nos commanditaires<\/h3>\n          <\/li>\n          <li>\n            <p>The Canada Cup is only possible thanks to the generous support of our community and corporate partners.<\/p>\n\n          <\/li>\n          <li class=\"text-image__cta\">\n                          <a href=\"https:\/\/www.canadacupwcrugby.com\/fr\/le-tournoi\/commanditaires\/\" target=\"\" class=\"button\">VOIR TOUS NOS COMMANDITAIRES<\/a>\n            \n                      <\/li>\n        <\/ul>\n      <\/li>\n    <\/ul>\n  <\/div>\n<\/section>\n\n\n\n<section id=\"block_622fefeb54caa\" class=\"block block--text-image align-full\" data-scroll>\n  <div class=\"text-image inner-container\">\n    <ul class=\"flex text-image__left\">\n      <li class=\"text-image--image\">\n        <figure class=\"text-image--large\">\n          <img decoding=\"async\" src=\"https:\/\/www.canadacupwcrugby.com\/wp-content\/uploads\/2022\/03\/Bogetti-Smith_20180615_Canada-Cup__0364.jpg\" alt=\"\">\n        <\/figure>\n      <\/li>\n      <li>\n        <ul class=\"text-image--info\">\n          <li>\n            <h3>Trousse de presse<\/h3>\n          <\/li>\n          <li>\n            <p>\u00cates-vous int\u00e9ress\u00e9 \u00e0 couvrir la Coupe Canada? Consultez notre trousse de presse pour en savoir plus sur l&rsquo;accr\u00e9ditation, acc\u00e9der \u00e0 des ressources et obtenir des conseils sur la couverture du sport pour athl\u00e8tes ayant un handicap et \u00e0 propos des athl\u00e8tes ayant un handicap.<\/p>\n\n          <\/li>\n          <li class=\"text-image__cta\">\n                          <a href=\"mailto:communications@bcwheelchairsports.com\" target=\"\" class=\"button\">Obtenir La Trousse<\/a>\n            \n                      <\/li>\n        <\/ul>\n      <\/li>\n    <\/ul>\n  <\/div>\n<\/section>\n","protected":false},"excerpt":{"rendered":"","protected":false},"author":3,"featured_media":0,"parent":0,"menu_order":0,"comment_status":"closed","ping_status":"closed","template":"","meta":{"_acf_changed":false,"footnotes":""},"class_list":["post-3369","page","type-page","status-publish","hentry"],"acf":[],"yoast_head":"<!-- This site is optimized with the Yoast SEO plugin v27.4 - https:\/\/yoast.com\/product\/yoast-seo-wordpress\/ -->\n<title>Le Tournoi | Canada Cup Wheelchair Rugby<\/title>\n<meta name=\"robots\" content=\"index, follow, max-snippet:-1, max-image-preview:large, max-video-preview:-1\" \/>\n<link rel=\"canonical\" href=\"https:\/\/www.canadacupwcrugby.com\/fr\/le-tournoi\/\" \/>\n<meta property=\"og:locale\" content=\"fr_FR\" \/>\n<meta property=\"og:type\" content=\"article\" \/>\n<meta property=\"og:title\" content=\"Le Tournoi | Canada Cup Wheelchair Rugby\" \/>\n<meta property=\"og:url\" content=\"https:\/\/www.canadacupwcrugby.com\/fr\/le-tournoi\/\" \/>\n<meta property=\"og:site_name\" content=\"Canada Cup Wheelchair Rugby\" \/>\n<meta property=\"article:modified_time\" content=\"2022-04-15T14:46:33+00:00\" \/>\n<meta name=\"twitter:card\" content=\"summary_large_image\" \/>\n<script type=\"application\/ld+json\" class=\"yoast-schema-graph\">{\"@context\":\"https:\\\/\\\/schema.org\",\"@graph\":[{\"@type\":\"WebPage\",\"@id\":\"https:\\\/\\\/www.canadacupwcrugby.com\\\/fr\\\/le-tournoi\\\/\",\"url\":\"https:\\\/\\\/www.canadacupwcrugby.com\\\/fr\\\/le-tournoi\\\/\",\"name\":\"Le Tournoi | Canada Cup Wheelchair Rugby\",\"isPartOf\":{\"@id\":\"https:\\\/\\\/www.canadacupwcrugby.com\\\/fr\\\/#website\"},\"datePublished\":\"2022-03-12T00:45:33+00:00\",\"dateModified\":\"2022-04-15T14:46:33+00:00\",\"breadcrumb\":{\"@id\":\"https:\\\/\\\/www.canadacupwcrugby.com\\\/fr\\\/le-tournoi\\\/#breadcrumb\"},\"inLanguage\":\"fr-FR\",\"potentialAction\":[{\"@type\":\"ReadAction\",\"target\":[\"https:\\\/\\\/www.canadacupwcrugby.com\\\/fr\\\/le-tournoi\\\/\"]}]},{\"@type\":\"BreadcrumbList\",\"@id\":\"https:\\\/\\\/www.canadacupwcrugby.com\\\/fr\\\/le-tournoi\\\/#breadcrumb\",\"itemListElement\":[{\"@type\":\"ListItem\",\"position\":1,\"name\":\"Home\",\"item\":\"https:\\\/\\\/www.canadacupwcrugby.com\\\/fr\\\/\"},{\"@type\":\"ListItem\",\"position\":2,\"name\":\"Le Tournoi\"}]},{\"@type\":\"WebSite\",\"@id\":\"https:\\\/\\\/www.canadacupwcrugby.com\\\/fr\\\/#website\",\"url\":\"https:\\\/\\\/www.canadacupwcrugby.com\\\/fr\\\/\",\"name\":\"Canada Cup Wheelchair Rugby\",\"description\":\"Big hits, thrilling tries, and wild catches await at the 2022 Canada Cup as eight of the world\u2019s top teams compete for the prestigious title.\",\"potentialAction\":[{\"@type\":\"SearchAction\",\"target\":{\"@type\":\"EntryPoint\",\"urlTemplate\":\"https:\\\/\\\/www.canadacupwcrugby.com\\\/fr\\\/?s={search_term_string}\"},\"query-input\":{\"@type\":\"PropertyValueSpecification\",\"valueRequired\":true,\"valueName\":\"search_term_string\"}}],\"inLanguage\":\"fr-FR\"}]}<\/script>\n<!-- \/ Yoast SEO plugin. -->","yoast_head_json":{"title":"Le Tournoi | Canada Cup Wheelchair Rugby","robots":{"index":"index","follow":"follow","max-snippet":"max-snippet:-1","max-image-preview":"max-image-preview:large","max-video-preview":"max-video-preview:-1"},"canonical":"https:\/\/www.canadacupwcrugby.com\/fr\/le-tournoi\/","og_locale":"fr_FR","og_type":"article","og_title":"Le Tournoi | Canada Cup Wheelchair Rugby","og_url":"https:\/\/www.canadacupwcrugby.com\/fr\/le-tournoi\/","og_site_name":"Canada Cup Wheelchair Rugby","article_modified_time":"2022-04-15T14:46:33+00:00","twitter_card":"summary_large_image","schema":{"@context":"https:\/\/schema.org","@graph":[{"@type":"WebPage","@id":"https:\/\/www.canadacupwcrugby.com\/fr\/le-tournoi\/","url":"https:\/\/www.canadacupwcrugby.com\/fr\/le-tournoi\/","name":"Le Tournoi | Canada Cup Wheelchair Rugby","isPartOf":{"@id":"https:\/\/www.canadacupwcrugby.com\/fr\/#website"},"datePublished":"2022-03-12T00:45:33+00:00","dateModified":"2022-04-15T14:46:33+00:00","breadcrumb":{"@id":"https:\/\/www.canadacupwcrugby.com\/fr\/le-tournoi\/#breadcrumb"},"inLanguage":"fr-FR","potentialAction":[{"@type":"ReadAction","target":["https:\/\/www.canadacupwcrugby.com\/fr\/le-tournoi\/"]}]},{"@type":"BreadcrumbList","@id":"https:\/\/www.canadacupwcrugby.com\/fr\/le-tournoi\/#breadcrumb","itemListElement":[{"@type":"ListItem","position":1,"name":"Home","item":"https:\/\/www.canadacupwcrugby.com\/fr\/"},{"@type":"ListItem","position":2,"name":"Le Tournoi"}]},{"@type":"WebSite","@id":"https:\/\/www.canadacupwcrugby.com\/fr\/#website","url":"https:\/\/www.canadacupwcrugby.com\/fr\/","name":"Canada Cup Wheelchair Rugby","description":"Big hits, thrilling tries, and wild catches await at the 2022 Canada Cup as eight of the world\u2019s top teams compete for the prestigious title.","potentialAction":[{"@type":"SearchAction","target":{"@type":"EntryPoint","urlTemplate":"https:\/\/www.canadacupwcrugby.com\/fr\/?s={search_term_string}"},"query-input":{"@type":"PropertyValueSpecification","valueRequired":true,"valueName":"search_term_string"}}],"inLanguage":"fr-FR"}]}},"_links":{"self":[{"href":"https:\/\/www.canadacupwcrugby.com\/fr\/wp-json\/wp\/v2\/pages\/3369","targetHints":{"allow":["GET"]}}],"collection":[{"href":"https:\/\/www.canadacupwcrugby.com\/fr\/wp-json\/wp\/v2\/pages"}],"about":[{"href":"https:\/\/www.canadacupwcrugby.com\/fr\/wp-json\/wp\/v2\/types\/page"}],"author":[{"embeddable":true,"href":"https:\/\/www.canadacupwcrugby.com\/fr\/wp-json\/wp\/v2\/users\/3"}],"replies":[{"embeddable":true,"href":"https:\/\/www.canadacupwcrugby.com\/fr\/wp-json\/wp\/v2\/comments?post=3369"}],"version-history":[{"count":16,"href":"https:\/\/www.canadacupwcrugby.com\/fr\/wp-json\/wp\/v2\/pages\/3369\/revisions"}],"predecessor-version":[{"id":4725,"href":"https:\/\/www.canadacupwcrugby.com\/fr\/wp-json\/wp\/v2\/pages\/3369\/revisions\/4725"}],"wp:attachment":[{"href":"https:\/\/www.canadacupwcrugby.com\/fr\/wp-json\/wp\/v2\/media?parent=3369"}],"curies":[{"name":"wp","href":"https:\/\/api.w.org\/{rel}","templated":true}]}}