{"id":3300,"date":"2022-03-12T05:45:59","date_gmt":"2022-03-12T05:45:59","guid":{"rendered":"https:\/\/www.canadacupwcrugby.com\/?page_id=3300"},"modified":"2022-04-15T14:42:59","modified_gmt":"2022-04-15T14:42:59","slug":"historique","status":"publish","type":"page","link":"https:\/\/www.canadacupwcrugby.com\/fr\/le-tournoi\/historique\/","title":{"rendered":"Historique"},"content":{"rendered":"\n<section id=\"block_622c33622ee84\" class=\"block block--hero align-full\" data-scroll>\n  <div class=\"hero\" >\n    <article class=\"hero__in inner-container\">\n      <ul class=\"hero__in__list\">\n        <li>\n          <ul class=\"hero__in--tags\">\n            \n          <\/ul>\n        <\/li>\n        <li>\n          <h1>Historique<\/h1>\n        <\/li>\n                      <\/ul>\n    <\/article>\n  <\/div>\n\n  <div class=\"hero__breadcrumbs\">\n    <p id=\"breadcrumbs\" class=\"inner-container\"><span><span><a href=\"https:\/\/www.canadacupwcrugby.com\/fr\/\">Home<\/a><\/span><\/span><\/p>\n  <\/div>\n<\/section>\n\n\n\n<div style=\"height:60px\" aria-hidden=\"true\" class=\"wp-block-spacer\"><\/div>\n\n\n\n<div class=\"wp-block-group inner-container\"><div class=\"wp-block-group__inner-container is-layout-flow wp-block-group-is-layout-flow\">\n<h3 class=\"wp-block-heading\">Comment tout a commenc\u00e9<\/h3>\n<\/div><\/div>\n\n\n\n<div style=\"height:20px\" aria-hidden=\"true\" class=\"wp-block-spacer\"><\/div>\n\n\n\n<section id=\"block_622e9e0d04e3d\" class=\"inner-container block block--two-columns-text align-full\" data-scroll>\n  <div class=\"two-columns-text\">\n    <ul class=\"wide\">\n      <li><p>Le tournoi international de rugby en fauteuil roulant Coupe Canada a \u00e9t\u00e9 cr\u00e9\u00e9 en 2004 par la <em>BC Wheelchair Sports Association<\/em>, afin d&rsquo;offrir une autre possibilit\u00e9 de comp\u00e9tition d&rsquo;\u00e9lite en rugby en fauteuil roulant. La Coupe Canada a lieu tous les deux ans et est consid\u00e9r\u00e9e comme l&rsquo;un des tournois de rugby en fauteuil roulant les plus prestigieux en dehors des Championnats du monde ou des Jeux paralympiques.<\/p>\n<\/li>\n      <li><p>Organis\u00e9 \u00e0 l&rsquo;origine au centre de loisirs Bonsor de Burnaby, en Colombie-Britannique, l&rsquo;\u00e9v\u00e9nement se d\u00e9roule depuis 2012 \u00e0 l&rsquo;Anneau de Richmond et rassemble les meilleures \u00e9quipes du monde en vue des Jeux paralympiques ou des Championnats du monde de rugby en fauteuil roulant. La Coupe Canada a donn\u00e9 lieu \u00e0 de nombreux matchs l\u00e9gendaires servant de terrain d&rsquo;essai et de rampe de lancement \u00e0 certaines des plus grandes stars de ce sport.<\/p>\n<p>&nbsp;<\/p>\n<\/li>\n    <\/ul>\n  <\/div>\n<\/section>\n\n\n\n<section id=\"block_622e9e6104e49\" class=\"inner-container block block--featured-text-image align-full\" data-scroll>\n  <div class=\"featured-text-image right\">\n    <figure class=\"featured-text-image__figure--right\">\n      <img decoding=\"async\" src=\"https:\/\/www.canadacupwcrugby.com\/wp-content\/uploads\/2022\/03\/Bogetti-Smith_20180615_Canada-Cup__0434-e1648590604262.jpg\" alt=\"\">\n    <\/figure>\n    <article class=\"featured-text-image--body featured-text-image--body--right\"><h3>Points saillants<\/h3>\n<p>&nbsp;<\/p>\n<p><span style=\"color: #ca151a;\">2004<\/span><\/p>\n<p>La premi\u00e8re Coupe Canada a lieu au centre de loisirs Bonsor et cinq pays sont repr\u00e9sent\u00e9s!<\/p>\n<p>&nbsp;<\/p>\n<p><span style=\"color: #ca151a;\">2008<\/span><\/p>\n<p>Les huit \u00e9quipes participant aux Jeux paralympiques de Beijing de 2008 sont pr\u00e9sentes \u00e0 la Coupe Canada. La Chine participe \u00e0 une comp\u00e9tition en dehors de la zone Asie\/Oc\u00e9anie pour la premi\u00e8re et unique fois.<\/p>\n<p>&nbsp;<\/p>\n<p><span style=\"color: #ca151a;\">2010<\/span><\/p>\n<p>La Coupe Canada est organis\u00e9e en dehors de la Colombie-Britannique pour la premi\u00e8re et unique fois. Montr\u00e9al accueille sept des meilleures \u00e9quipes du monde et l&rsquo;Australie remporte son premier titre de la Coupe Canada.<\/p>\n<p>&nbsp;<\/p>\n<p><span style=\"color: #ca151a;\">2012<\/span><\/p>\n<ul>\n<li>La Coupe Canada est diffus\u00e9e en direct sur le Web pour la premi\u00e8re fois \u00e0 un public mondial et l&rsquo;Anneau olympique de Richmond devient le nouveau site du tournoi.<\/li>\n<\/ul>\n<p>&nbsp;<\/p>\n<p><span style=\"color: #ca151a;\">2012<\/span><\/p>\n<p>Le Japon devient la premi\u00e8re \u00e9quipe autre que le Canada \u00e0 battre les \u00c9tats-Unis dans un tournoi sanctionn\u00e9.<\/p>\n<p>&nbsp;<\/p>\n<p><span style=\"color: #ca151a;\">2014<\/span><\/p>\n<p>La Coupe Canada c\u00e9l\u00e8bre son 10e anniversaire!<\/p>\n<p>&nbsp;<\/p>\n<p><span style=\"color: #ca151a;\">2020<\/span><\/p>\n<p>La Coupe Canada est annul\u00e9e en raison de la pand\u00e9mie de COVID-19, le sport international \u00e9tant mis en veilleuse.<\/p>\n<p>&nbsp;<\/p>\n<p><span style=\"color: #ca151a;\">2022<\/span><\/p>\n<p>La Coupe Canada revient!!!<\/p>\n<\/article>\n  <\/div>\n<\/section>\n\n\n\n<section id=\"block_622f7749e861d\" class=\"block block--call-to-action align-full\" data-scroll>\n  <div class=\"call-to-action\" >\n    <ul class=\"call-to-action__list\">\n            <li>\n        <h3>Acheter un billet<\/h3>\n      <\/li>\n              <li>\n          <p>Venez voir l&rsquo;action en direct! La Coupe Canada est un \u00e9v\u00e9nement sportif passionnant et abordable pour toute la famille.   Obtenez votre billet d\u00e8s aujourd&rsquo;hui <\/p>\n        <\/li>\n            <li>\n        <a href=\"https:\/\/www.canadacupwcrugby.com\/fr\/billets\/\" class=\"button\" target=\"\">OBTENEZ LE VOTRE<\/a>\n      <\/li>\n    <\/ul>\n  <\/div>\n<\/section>","protected":false},"excerpt":{"rendered":"<p>Comment tout a commenc\u00e9<\/p>\n","protected":false},"author":3,"featured_media":0,"parent":3369,"menu_order":0,"comment_status":"closed","ping_status":"closed","template":"","meta":{"_acf_changed":false,"footnotes":""},"class_list":["post-3300","page","type-page","status-publish","hentry"],"acf":[],"yoast_head":"<!-- This site is optimized with the Yoast SEO plugin v27.3 - https:\/\/yoast.com\/product\/yoast-seo-wordpress\/ -->\n<title>Historique | Canada Cup Wheelchair Rugby<\/title>\n<meta name=\"robots\" content=\"index, follow, max-snippet:-1, max-image-preview:large, max-video-preview:-1\" \/>\n<link rel=\"canonical\" href=\"https:\/\/www.canadacupwcrugby.com\/fr\/le-tournoi\/historique\/\" \/>\n<meta property=\"og:locale\" content=\"fr_FR\" \/>\n<meta property=\"og:type\" content=\"article\" \/>\n<meta property=\"og:title\" content=\"Historique | Canada Cup Wheelchair Rugby\" \/>\n<meta property=\"og:description\" content=\"Comment tout a commenc\u00e9\" \/>\n<meta property=\"og:url\" content=\"https:\/\/www.canadacupwcrugby.com\/fr\/le-tournoi\/historique\/\" \/>\n<meta property=\"og:site_name\" content=\"Canada Cup Wheelchair Rugby\" \/>\n<meta property=\"article:modified_time\" content=\"2022-04-15T14:42:59+00:00\" \/>\n<meta name=\"twitter:card\" content=\"summary_large_image\" \/>\n<script type=\"application\/ld+json\" class=\"yoast-schema-graph\">{\"@context\":\"https:\\\/\\\/schema.org\",\"@graph\":[{\"@type\":\"WebPage\",\"@id\":\"https:\\\/\\\/www.canadacupwcrugby.com\\\/fr\\\/le-tournoi\\\/historique\\\/\",\"url\":\"https:\\\/\\\/www.canadacupwcrugby.com\\\/fr\\\/le-tournoi\\\/historique\\\/\",\"name\":\"Historique | Canada Cup Wheelchair Rugby\",\"isPartOf\":{\"@id\":\"https:\\\/\\\/www.canadacupwcrugby.com\\\/fr\\\/#website\"},\"datePublished\":\"2022-03-12T05:45:59+00:00\",\"dateModified\":\"2022-04-15T14:42:59+00:00\",\"breadcrumb\":{\"@id\":\"https:\\\/\\\/www.canadacupwcrugby.com\\\/fr\\\/le-tournoi\\\/historique\\\/#breadcrumb\"},\"inLanguage\":\"fr-FR\",\"potentialAction\":[{\"@type\":\"ReadAction\",\"target\":[\"https:\\\/\\\/www.canadacupwcrugby.com\\\/fr\\\/le-tournoi\\\/historique\\\/\"]}]},{\"@type\":\"BreadcrumbList\",\"@id\":\"https:\\\/\\\/www.canadacupwcrugby.com\\\/fr\\\/le-tournoi\\\/historique\\\/#breadcrumb\",\"itemListElement\":[{\"@type\":\"ListItem\",\"position\":1,\"name\":\"Home\",\"item\":\"https:\\\/\\\/www.canadacupwcrugby.com\\\/fr\\\/\"},{\"@type\":\"ListItem\",\"position\":2,\"name\":\"Le Tournoi\",\"item\":\"https:\\\/\\\/www.canadacupwcrugby.com\\\/fr\\\/le-tournoi\\\/\"},{\"@type\":\"ListItem\",\"position\":3,\"name\":\"Historique\"}]},{\"@type\":\"WebSite\",\"@id\":\"https:\\\/\\\/www.canadacupwcrugby.com\\\/fr\\\/#website\",\"url\":\"https:\\\/\\\/www.canadacupwcrugby.com\\\/fr\\\/\",\"name\":\"Canada Cup Wheelchair Rugby\",\"description\":\"Big hits, thrilling tries, and wild catches await at the 2022 Canada Cup as eight of the world\u2019s top teams compete for the prestigious title.\",\"potentialAction\":[{\"@type\":\"SearchAction\",\"target\":{\"@type\":\"EntryPoint\",\"urlTemplate\":\"https:\\\/\\\/www.canadacupwcrugby.com\\\/fr\\\/?s={search_term_string}\"},\"query-input\":{\"@type\":\"PropertyValueSpecification\",\"valueRequired\":true,\"valueName\":\"search_term_string\"}}],\"inLanguage\":\"fr-FR\"}]}<\/script>\n<!-- \/ Yoast SEO plugin. -->","yoast_head_json":{"title":"Historique | Canada Cup Wheelchair Rugby","robots":{"index":"index","follow":"follow","max-snippet":"max-snippet:-1","max-image-preview":"max-image-preview:large","max-video-preview":"max-video-preview:-1"},"canonical":"https:\/\/www.canadacupwcrugby.com\/fr\/le-tournoi\/historique\/","og_locale":"fr_FR","og_type":"article","og_title":"Historique | Canada Cup Wheelchair Rugby","og_description":"Comment tout a commenc\u00e9","og_url":"https:\/\/www.canadacupwcrugby.com\/fr\/le-tournoi\/historique\/","og_site_name":"Canada Cup Wheelchair Rugby","article_modified_time":"2022-04-15T14:42:59+00:00","twitter_card":"summary_large_image","schema":{"@context":"https:\/\/schema.org","@graph":[{"@type":"WebPage","@id":"https:\/\/www.canadacupwcrugby.com\/fr\/le-tournoi\/historique\/","url":"https:\/\/www.canadacupwcrugby.com\/fr\/le-tournoi\/historique\/","name":"Historique | Canada Cup Wheelchair Rugby","isPartOf":{"@id":"https:\/\/www.canadacupwcrugby.com\/fr\/#website"},"datePublished":"2022-03-12T05:45:59+00:00","dateModified":"2022-04-15T14:42:59+00:00","breadcrumb":{"@id":"https:\/\/www.canadacupwcrugby.com\/fr\/le-tournoi\/historique\/#breadcrumb"},"inLanguage":"fr-FR","potentialAction":[{"@type":"ReadAction","target":["https:\/\/www.canadacupwcrugby.com\/fr\/le-tournoi\/historique\/"]}]},{"@type":"BreadcrumbList","@id":"https:\/\/www.canadacupwcrugby.com\/fr\/le-tournoi\/historique\/#breadcrumb","itemListElement":[{"@type":"ListItem","position":1,"name":"Home","item":"https:\/\/www.canadacupwcrugby.com\/fr\/"},{"@type":"ListItem","position":2,"name":"Le Tournoi","item":"https:\/\/www.canadacupwcrugby.com\/fr\/le-tournoi\/"},{"@type":"ListItem","position":3,"name":"Historique"}]},{"@type":"WebSite","@id":"https:\/\/www.canadacupwcrugby.com\/fr\/#website","url":"https:\/\/www.canadacupwcrugby.com\/fr\/","name":"Canada Cup Wheelchair Rugby","description":"Big hits, thrilling tries, and wild catches await at the 2022 Canada Cup as eight of the world\u2019s top teams compete for the prestigious title.","potentialAction":[{"@type":"SearchAction","target":{"@type":"EntryPoint","urlTemplate":"https:\/\/www.canadacupwcrugby.com\/fr\/?s={search_term_string}"},"query-input":{"@type":"PropertyValueSpecification","valueRequired":true,"valueName":"search_term_string"}}],"inLanguage":"fr-FR"}]}},"_links":{"self":[{"href":"https:\/\/www.canadacupwcrugby.com\/fr\/wp-json\/wp\/v2\/pages\/3300","targetHints":{"allow":["GET"]}}],"collection":[{"href":"https:\/\/www.canadacupwcrugby.com\/fr\/wp-json\/wp\/v2\/pages"}],"about":[{"href":"https:\/\/www.canadacupwcrugby.com\/fr\/wp-json\/wp\/v2\/types\/page"}],"author":[{"embeddable":true,"href":"https:\/\/www.canadacupwcrugby.com\/fr\/wp-json\/wp\/v2\/users\/3"}],"replies":[{"embeddable":true,"href":"https:\/\/www.canadacupwcrugby.com\/fr\/wp-json\/wp\/v2\/comments?post=3300"}],"version-history":[{"count":12,"href":"https:\/\/www.canadacupwcrugby.com\/fr\/wp-json\/wp\/v2\/pages\/3300\/revisions"}],"predecessor-version":[{"id":4717,"href":"https:\/\/www.canadacupwcrugby.com\/fr\/wp-json\/wp\/v2\/pages\/3300\/revisions\/4717"}],"up":[{"embeddable":true,"href":"https:\/\/www.canadacupwcrugby.com\/fr\/wp-json\/wp\/v2\/pages\/3369"}],"wp:attachment":[{"href":"https:\/\/www.canadacupwcrugby.com\/fr\/wp-json\/wp\/v2\/media?parent=3300"}],"curies":[{"name":"wp","href":"https:\/\/api.w.org\/{rel}","templated":true}]}}