{"id":3164,"date":"2022-03-11T22:58:19","date_gmt":"2022-03-11T22:58:19","guid":{"rendered":"https:\/\/www.canadacupwcrugby.com\/?page_id=3164"},"modified":"2022-04-14T05:37:49","modified_gmt":"2022-04-14T05:37:49","slug":"equipes","status":"publish","type":"page","link":"https:\/\/www.canadacupwcrugby.com\/fr\/coupe-du-canada-de-2022\/equipes\/","title":{"rendered":"\u00c9quipes"},"content":{"rendered":"\n<section id=\"block_622bd2b16b02f\" class=\"block block--hero align-full\" data-scroll>\n  <div class=\"hero\" >\n    <article class=\"hero__in inner-container\">\n      <ul class=\"hero__in__list\">\n        <li>\n          <ul class=\"hero__in--tags\">\n            \n          <\/ul>\n        <\/li>\n        <li>\n          <h1>Les meilleurs et les plus brillants s&rsquo;affrontent \u00e0 la Coupe Canada<\/h1>\n        <\/li>\n                  <li>\n            <p class=\"lead\">De l&rsquo;\u00e9quipe locale aux champions en titre en passant par les nouveaux outsiders. Il y a une \u00e9quipe pour chaque type de fan \u00e0 la Coupe Canada. Consultez nos pages sur les \u00e9quipes pour en savoir plus.\r\n\r\n<\/p>\n          <\/li>\n                      <\/ul>\n    <\/article>\n  <\/div>\n\n  <div class=\"hero__breadcrumbs\">\n    <p id=\"breadcrumbs\" class=\"inner-container\"><span><span><a href=\"https:\/\/www.canadacupwcrugby.com\/fr\/\">Home<\/a><\/span><\/span><\/p>\n  <\/div>\n<\/section>\n\n\n\n<div style=\"height:60px\" aria-hidden=\"true\" class=\"wp-block-spacer\"><\/div>\n\n\n\n<section id=\"block_6254d4a7a629e\" class=\"block block--teams align-full\" data-scroll style=\"background-color: \">\n  <div class=\"teams inner-container\">\n    <h3 class=\"red\">\u00c9quipes<\/h3>\n    <p class=\"teams__body red\"><\/p>\n\n          <ul class=\"teams__list\">\n                            \n          <li>\n            <a href=\"https:\/\/www.canadacupwcrugby.com\/fr\/team\/etats-unis\/\" class=\"active\">\n              <figure>\n                <img decoding=\"async\" src=\"https:\/\/www.canadacupwcrugby.com\/wp-content\/uploads\/2022\/03\/Bogetti-Smith_20180616_Canada-Cup__0642.jpg\" alt=\"\" class=\"active\" \/>\n              <\/figure>\n              <aside>\n                <h5>\u00c9tats-Unis<\/h5>\n              <\/aside>\n            <\/a>\n          <\/li>\n                            \n          <li>\n            <a href=\"https:\/\/www.canadacupwcrugby.com\/fr\/team\/japon\/\" class=\"active\">\n              <figure>\n                <img decoding=\"async\" src=\"https:\/\/www.canadacupwcrugby.com\/wp-content\/uploads\/2022\/03\/Bogetti-Smith_20180615_Canada-Cup__0570.jpg\" alt=\"\" class=\"active\" \/>\n              <\/figure>\n              <aside>\n                <h5>Japon<\/h5>\n              <\/aside>\n            <\/a>\n          <\/li>\n                            \n          <li>\n            <a href=\"https:\/\/www.canadacupwcrugby.com\/fr\/team\/france24fr\/\" class=\"active\">\n              <figure>\n                <img decoding=\"async\" src=\"https:\/\/www.canadacupwcrugby.com\/wp-content\/uploads\/2022\/03\/Bogetti-Smith_20200307_Wheelchair_Rugby__1015.png\" alt=\"\" class=\"active\" \/>\n              <\/figure>\n              <aside>\n                <h5>France 2024<\/h5>\n              <\/aside>\n            <\/a>\n          <\/li>\n                            \n          <li>\n            <a href=\"https:\/\/www.canadacupwcrugby.com\/fr\/team\/canada\/\" class=\"active\">\n              <figure>\n                <img decoding=\"async\" src=\"https:\/\/www.canadacupwcrugby.com\/wp-content\/uploads\/2022\/03\/Bogetti-Smith_20180615_Canada-Cup__0303.jpg\" alt=\"\" class=\"active\" \/>\n              <\/figure>\n              <aside>\n                <h5>Canada<\/h5>\n              <\/aside>\n            <\/a>\n          <\/li>\n                            \n          <li>\n            <a href=\"https:\/\/www.canadacupwcrugby.com\/fr\/team\/danemark2022\/\" class=\"active\">\n              <figure>\n                <img decoding=\"async\" src=\"https:\/\/www.canadacupwcrugby.com\/wp-content\/uploads\/2022\/04\/Bogetti-Smith_20180615_Canada-Cup__0161-1.jpg\" alt=\"LeonJorgensen\" class=\"active\" \/>\n              <\/figure>\n              <aside>\n                <h5>Danemark<\/h5>\n              <\/aside>\n            <\/a>\n          <\/li>\n                            \n          <li>\n            <a href=\"https:\/\/www.canadacupwcrugby.com\/fr\/team\/japon-2024\/\" class=\"active\">\n              <figure>\n                <img decoding=\"async\" src=\"https:\/\/www.canadacupwcrugby.com\/wp-content\/uploads\/2022\/03\/Bogetti-Smith_20180615_Canada-Cup__0570.jpg\" alt=\"\" class=\"active\" \/>\n              <\/figure>\n              <aside>\n                <h5>Japon<\/h5>\n              <\/aside>\n            <\/a>\n          <\/li>\n                            \n          <li>\n            <a href=\"https:\/\/www.canadacupwcrugby.com\/fr\/team\/grande-bretagne-2022\/\" class=\"active\">\n              <figure>\n                <img decoding=\"async\" src=\"https:\/\/www.canadacupwcrugby.com\/wp-content\/uploads\/2022\/03\/Bogetti-Smith_Wheelchair-Rugby_20160624_0981.jpg\" alt=\"\" class=\"active\" \/>\n              <\/figure>\n              <aside>\n                <h5>Grande-Bretagne<\/h5>\n              <\/aside>\n            <\/a>\n          <\/li>\n                            \n          <li>\n            <a href=\"https:\/\/www.canadacupwcrugby.com\/fr\/team\/australie-2022\/\" class=\"active\">\n              <figure>\n                <img decoding=\"async\" src=\"https:\/\/www.canadacupwcrugby.com\/wp-content\/uploads\/2022\/03\/Bogetti-Smith_20180616_Canada-Cup__0837.jpg\" alt=\"\" class=\"active\" \/>\n              <\/figure>\n              <aside>\n                <h5>Australie<\/h5>\n              <\/aside>\n            <\/a>\n          <\/li>\n              <\/ul>\n      <\/div>\n<\/section>\n\n\n<section id=\"block_622bd2ef6b036\" class=\"block block--news-events align-full\" data-scroll>\n  <div class=\"news-events dark\">\n    <div class=\"news-events__inner dark\">\n      <h3>Nouvelles<\/h3>\n      <article class=\"news-events--body\">\n        <p><\/p>\n        <a href=\"https:\/\/www.canadacupwcrugby.com\/fr\/nouvelles-and-evenements\/\" target=\"\">VOIR PLUS<\/a>\n      <\/article>\n\n      <ul class=\"news-events__list\">\n                              \n            <li>\n              <ul class=\"news-events__list--inner\">\n                <li>\n                  <a href=\"https:\/\/www.canadacupwcrugby.com\/fr\/news-events\/presentation-du-prix-du-fan-favori-de-la-coupe-du-canada\/\">\n                    <figure>\n                      <img decoding=\"async\" src=\"https:\/\/www.canadacupwcrugby.com\/wp-content\/uploads\/2022\/04\/Bogetti-Smith_20180615_Canada-Cup__0184.jpg\" alt=\"\" \/>\n                    <\/figure>\n                  <\/a>\n                <\/li>\n                <li>\n                  <a href=\"https:\/\/www.canadacupwcrugby.com\/fr\/news-events\/presentation-du-prix-du-fan-favori-de-la-coupe-du-canada\/\">\n                    <h6>Pr\u00e9sentation du prix du Fan favori de la Coupe du Canada<\/h6>\n                  <\/a>\n                <\/li>\n                <li>\n                  <ul class=\"news-events__list--tags\">\n                                      <\/ul>\n                <\/li>\n              <\/ul>\n            <\/li>\n                      \n            <li>\n              <ul class=\"news-events__list--inner\">\n                <li>\n                  <a href=\"https:\/\/www.canadacupwcrugby.com\/fr\/news-events\/nous-vous-preentons-les-femmes-du-rugby-en-fauteuil-roulant\/\">\n                    <figure>\n                      <img decoding=\"async\" src=\"https:\/\/www.canadacupwcrugby.com\/wp-content\/uploads\/2024\/06\/Bogetti-Smith-20240607-Wheelchair-Rugby-02346.jpg\" alt=\"\" \/>\n                    <\/figure>\n                  <\/a>\n                <\/li>\n                <li>\n                  <a href=\"https:\/\/www.canadacupwcrugby.com\/fr\/news-events\/nous-vous-preentons-les-femmes-du-rugby-en-fauteuil-roulant\/\">\n                    <h6>Nous vous\u00a0 pr\u00e9entons les femmes du rugby en fauteuil roulant<\/h6>\n                  <\/a>\n                <\/li>\n                <li>\n                  <ul class=\"news-events__list--tags\">\n                                      <\/ul>\n                <\/li>\n              <\/ul>\n            <\/li>\n                      \n            <li>\n              <ul class=\"news-events__list--inner\">\n                <li>\n                  <a href=\"https:\/\/www.canadacupwcrugby.com\/fr\/news-events\/un-mois-avant-la-coupe-canada-2024\/\">\n                    <figure>\n                      <img decoding=\"async\" src=\"https:\/\/www.canadacupwcrugby.com\/wp-content\/uploads\/2024\/05\/Bogetti-Smith-20220604-Wheelchair-Rugby-0420.jpg\" alt=\"\" \/>\n                    <\/figure>\n                  <\/a>\n                <\/li>\n                <li>\n                  <a href=\"https:\/\/www.canadacupwcrugby.com\/fr\/news-events\/un-mois-avant-la-coupe-canada-2024\/\">\n                    <h6>Un mois avant la Coupe Canada 2024<\/h6>\n                  <\/a>\n                <\/li>\n                <li>\n                  <ul class=\"news-events__list--tags\">\n                                      <\/ul>\n                <\/li>\n              <\/ul>\n            <\/li>\n                      \n            <li>\n              <ul class=\"news-events__list--inner\">\n                <li>\n                  <a href=\"https:\/\/www.canadacupwcrugby.com\/fr\/news-events\/debutantsfr\/\">\n                    <figure>\n                      <img decoding=\"async\" src=\"https:\/\/www.canadacupwcrugby.com\/wp-content\/uploads\/2022\/05\/Bogetti-Smith_20200307_Wheelchair_Rugby__1028.png\" alt=\"\" \/>\n                    <\/figure>\n                  <\/a>\n                <\/li>\n                <li>\n                  <a href=\"https:\/\/www.canadacupwcrugby.com\/fr\/news-events\/debutantsfr\/\">\n                    <h6>Cinq d\u00e9butants de la Coupe du Canada \u00e0 surveiller cette semaine<\/h6>\n                  <\/a>\n                <\/li>\n                <li>\n                  <ul class=\"news-events__list--tags\">\n                                      <\/ul>\n                <\/li>\n              <\/ul>\n            <\/li>\n                        <\/ul>\n    <\/div>\n  <\/div>\n<\/section>\n\n\n<section id=\"block_622bd3066b03d\" class=\"block block--text-image align-full\" data-scroll>\n  <div class=\"text-image inner-container\">\n    <ul class=\"flex text-image__left\">\n      <li class=\"text-image--image\">\n        <figure class=\"text-image--large\">\n          <img decoding=\"async\" src=\"https:\/\/www.canadacupwcrugby.com\/wp-content\/uploads\/2022\/03\/Bogetti-Smith_Canda-Cup_Wheelchair-Rugby_140621_385.jpeg\" alt=\"\">\n        <\/figure>\n      <\/li>\n      <li>\n        <ul class=\"text-image--info\">\n          <li>\n            <h3>\u00c0 propos du tournoi<\/h3>\n          <\/li>\n          <li>\n            <p>La Coupe Canada est l&rsquo;un des tournois de rugby en fauteuil roulant les plus prestigieux au monde, attirant les meilleures \u00e9quipes du monde au Canada tous les deux ans! Depuis 2004, il s&rsquo;agit d&rsquo;un important test pour les \u00e9quipes en route vers les Jeux paralympiques et\/ou les Championnats du monde de rugby en fauteuil roulant.<\/p>\n\n          <\/li>\n          <li class=\"text-image__cta\">\n                          <a href=\"https:\/\/www.canadacupwcrugby.com\/about\" target=\"\" class=\"button\">EN SAVOIR PLUS<\/a>\n            \n                      <\/li>\n        <\/ul>\n      <\/li>\n    <\/ul>\n  <\/div>\n<\/section>\n","protected":false},"excerpt":{"rendered":"","protected":false},"author":3,"featured_media":0,"parent":3508,"menu_order":0,"comment_status":"closed","ping_status":"closed","template":"","meta":{"_acf_changed":false,"footnotes":""},"class_list":["post-3164","page","type-page","status-publish","hentry"],"acf":[],"yoast_head":"<!-- This site is optimized with the Yoast SEO plugin v27.4 - https:\/\/yoast.com\/product\/yoast-seo-wordpress\/ -->\n<title>\u00c9quipes | Canada Cup Wheelchair Rugby<\/title>\n<meta name=\"robots\" content=\"index, follow, max-snippet:-1, max-image-preview:large, max-video-preview:-1\" \/>\n<link rel=\"canonical\" href=\"https:\/\/www.canadacupwcrugby.com\/fr\/coupe-du-canada-de-2022\/equipes\/\" \/>\n<meta property=\"og:locale\" content=\"fr_FR\" \/>\n<meta property=\"og:type\" content=\"article\" \/>\n<meta property=\"og:title\" content=\"\u00c9quipes | Canada Cup Wheelchair Rugby\" \/>\n<meta property=\"og:url\" content=\"https:\/\/www.canadacupwcrugby.com\/fr\/coupe-du-canada-de-2022\/equipes\/\" \/>\n<meta property=\"og:site_name\" content=\"Canada Cup Wheelchair Rugby\" \/>\n<meta property=\"article:modified_time\" content=\"2022-04-14T05:37:49+00:00\" \/>\n<meta name=\"twitter:card\" content=\"summary_large_image\" \/>\n<script type=\"application\/ld+json\" class=\"yoast-schema-graph\">{\"@context\":\"https:\\\/\\\/schema.org\",\"@graph\":[{\"@type\":\"WebPage\",\"@id\":\"https:\\\/\\\/www.canadacupwcrugby.com\\\/fr\\\/coupe-du-canada-de-2022\\\/equipes\\\/\",\"url\":\"https:\\\/\\\/www.canadacupwcrugby.com\\\/fr\\\/coupe-du-canada-de-2022\\\/equipes\\\/\",\"name\":\"\u00c9quipes | Canada Cup Wheelchair Rugby\",\"isPartOf\":{\"@id\":\"https:\\\/\\\/www.canadacupwcrugby.com\\\/fr\\\/#website\"},\"datePublished\":\"2022-03-11T22:58:19+00:00\",\"dateModified\":\"2022-04-14T05:37:49+00:00\",\"breadcrumb\":{\"@id\":\"https:\\\/\\\/www.canadacupwcrugby.com\\\/fr\\\/coupe-du-canada-de-2022\\\/equipes\\\/#breadcrumb\"},\"inLanguage\":\"fr-FR\",\"potentialAction\":[{\"@type\":\"ReadAction\",\"target\":[\"https:\\\/\\\/www.canadacupwcrugby.com\\\/fr\\\/coupe-du-canada-de-2022\\\/equipes\\\/\"]}]},{\"@type\":\"BreadcrumbList\",\"@id\":\"https:\\\/\\\/www.canadacupwcrugby.com\\\/fr\\\/coupe-du-canada-de-2022\\\/equipes\\\/#breadcrumb\",\"itemListElement\":[{\"@type\":\"ListItem\",\"position\":1,\"name\":\"Home\",\"item\":\"https:\\\/\\\/www.canadacupwcrugby.com\\\/fr\\\/\"},{\"@type\":\"ListItem\",\"position\":2,\"name\":\"COUPE DU CANADA DE 2022\",\"item\":\"https:\\\/\\\/www.canadacupwcrugby.com\\\/fr\\\/coupe-du-canada-de-2022\\\/\"},{\"@type\":\"ListItem\",\"position\":3,\"name\":\"\u00c9quipes\"}]},{\"@type\":\"WebSite\",\"@id\":\"https:\\\/\\\/www.canadacupwcrugby.com\\\/fr\\\/#website\",\"url\":\"https:\\\/\\\/www.canadacupwcrugby.com\\\/fr\\\/\",\"name\":\"Canada Cup Wheelchair Rugby\",\"description\":\"Big hits, thrilling tries, and wild catches await at the 2022 Canada Cup as eight of the world\u2019s top teams compete for the prestigious title.\",\"potentialAction\":[{\"@type\":\"SearchAction\",\"target\":{\"@type\":\"EntryPoint\",\"urlTemplate\":\"https:\\\/\\\/www.canadacupwcrugby.com\\\/fr\\\/?s={search_term_string}\"},\"query-input\":{\"@type\":\"PropertyValueSpecification\",\"valueRequired\":true,\"valueName\":\"search_term_string\"}}],\"inLanguage\":\"fr-FR\"}]}<\/script>\n<!-- \/ Yoast SEO plugin. -->","yoast_head_json":{"title":"\u00c9quipes | Canada Cup Wheelchair Rugby","robots":{"index":"index","follow":"follow","max-snippet":"max-snippet:-1","max-image-preview":"max-image-preview:large","max-video-preview":"max-video-preview:-1"},"canonical":"https:\/\/www.canadacupwcrugby.com\/fr\/coupe-du-canada-de-2022\/equipes\/","og_locale":"fr_FR","og_type":"article","og_title":"\u00c9quipes | Canada Cup Wheelchair Rugby","og_url":"https:\/\/www.canadacupwcrugby.com\/fr\/coupe-du-canada-de-2022\/equipes\/","og_site_name":"Canada Cup Wheelchair Rugby","article_modified_time":"2022-04-14T05:37:49+00:00","twitter_card":"summary_large_image","schema":{"@context":"https:\/\/schema.org","@graph":[{"@type":"WebPage","@id":"https:\/\/www.canadacupwcrugby.com\/fr\/coupe-du-canada-de-2022\/equipes\/","url":"https:\/\/www.canadacupwcrugby.com\/fr\/coupe-du-canada-de-2022\/equipes\/","name":"\u00c9quipes | Canada Cup Wheelchair Rugby","isPartOf":{"@id":"https:\/\/www.canadacupwcrugby.com\/fr\/#website"},"datePublished":"2022-03-11T22:58:19+00:00","dateModified":"2022-04-14T05:37:49+00:00","breadcrumb":{"@id":"https:\/\/www.canadacupwcrugby.com\/fr\/coupe-du-canada-de-2022\/equipes\/#breadcrumb"},"inLanguage":"fr-FR","potentialAction":[{"@type":"ReadAction","target":["https:\/\/www.canadacupwcrugby.com\/fr\/coupe-du-canada-de-2022\/equipes\/"]}]},{"@type":"BreadcrumbList","@id":"https:\/\/www.canadacupwcrugby.com\/fr\/coupe-du-canada-de-2022\/equipes\/#breadcrumb","itemListElement":[{"@type":"ListItem","position":1,"name":"Home","item":"https:\/\/www.canadacupwcrugby.com\/fr\/"},{"@type":"ListItem","position":2,"name":"COUPE DU CANADA DE 2022","item":"https:\/\/www.canadacupwcrugby.com\/fr\/coupe-du-canada-de-2022\/"},{"@type":"ListItem","position":3,"name":"\u00c9quipes"}]},{"@type":"WebSite","@id":"https:\/\/www.canadacupwcrugby.com\/fr\/#website","url":"https:\/\/www.canadacupwcrugby.com\/fr\/","name":"Canada Cup Wheelchair Rugby","description":"Big hits, thrilling tries, and wild catches await at the 2022 Canada Cup as eight of the world\u2019s top teams compete for the prestigious title.","potentialAction":[{"@type":"SearchAction","target":{"@type":"EntryPoint","urlTemplate":"https:\/\/www.canadacupwcrugby.com\/fr\/?s={search_term_string}"},"query-input":{"@type":"PropertyValueSpecification","valueRequired":true,"valueName":"search_term_string"}}],"inLanguage":"fr-FR"}]}},"_links":{"self":[{"href":"https:\/\/www.canadacupwcrugby.com\/fr\/wp-json\/wp\/v2\/pages\/3164","targetHints":{"allow":["GET"]}}],"collection":[{"href":"https:\/\/www.canadacupwcrugby.com\/fr\/wp-json\/wp\/v2\/pages"}],"about":[{"href":"https:\/\/www.canadacupwcrugby.com\/fr\/wp-json\/wp\/v2\/types\/page"}],"author":[{"embeddable":true,"href":"https:\/\/www.canadacupwcrugby.com\/fr\/wp-json\/wp\/v2\/users\/3"}],"replies":[{"embeddable":true,"href":"https:\/\/www.canadacupwcrugby.com\/fr\/wp-json\/wp\/v2\/comments?post=3164"}],"version-history":[{"count":15,"href":"https:\/\/www.canadacupwcrugby.com\/fr\/wp-json\/wp\/v2\/pages\/3164\/revisions"}],"predecessor-version":[{"id":4604,"href":"https:\/\/www.canadacupwcrugby.com\/fr\/wp-json\/wp\/v2\/pages\/3164\/revisions\/4604"}],"up":[{"embeddable":true,"href":"https:\/\/www.canadacupwcrugby.com\/fr\/wp-json\/wp\/v2\/pages\/3508"}],"wp:attachment":[{"href":"https:\/\/www.canadacupwcrugby.com\/fr\/wp-json\/wp\/v2\/media?parent=3164"}],"curies":[{"name":"wp","href":"https:\/\/api.w.org\/{rel}","templated":true}]}}